{"id":748126,"date":"2025-08-28T03:23:06","date_gmt":"2025-08-28T00:23:06","guid":{"rendered":"https:\/\/roveyayinevi.com.tr\/index.php\/urun\/olaganustu-bilim-aktivite-kitabi\/"},"modified":"2026-04-16T03:01:02","modified_gmt":"2026-04-16T00:01:02","slug":"olaganustu-bilim-aktivite-kitabi","status":"publish","type":"product","link":"https:\/\/roveyayinevi.com.tr\/index.php\/urun\/olaganustu-bilim-aktivite-kitabi\/","title":{"rendered":"Ola\u011fan\u00fcst\u00fc Bilim Aktivite Kitab\u0131"},"content":{"rendered":"<p>Ev yap\u0131m\u0131 telefondan arkada\u015flar\u0131n\u0131 ara! Kendi \u00e7izgi filmini yap! Roketler nas\u0131l \u00e7al\u0131\u015f\u0131r \u00f6\u011fren! Oyun, bulmaca, e\u011flenceli bilgiler, basit ve g\u00fcvenli deneylerle dolu 96 sayfal\u0131k bu kitapla beynini durmadan \u00e7al\u0131\u015ft\u0131r.<\/p>\n","protected":false},"excerpt":{"rendered":"<p>Ev yap\u0131m\u0131 telefondan arkada\u015flar\u0131n\u0131 ara! Kendi \u00e7izgi filmini yap! Roketler nas\u0131l \u00e7al\u0131\u015f\u0131r \u00f6\u011fren! Oyun, bulmaca, e\u011flenceli bilgiler, basit ve g\u00fcvenli deneylerle dolu 96 sayfal\u0131k bu kitapla<span class=\"excerpt-hellip\"> [\u2026]<\/span><\/p>\n","protected":false},"featured_media":0,"template":"","meta":{"_monsterinsights_skip_tracking":false,"_monsterinsights_sitenote_active":false,"_monsterinsights_sitenote_note":"","_monsterinsights_sitenote_category":0},"product_brand":[],"product_cat":[12644,12274],"product_tag":[],"class_list":{"0":"post-748126","1":"product","2":"type-product","3":"status-publish","5":"product_cat-boyama-kitaplari","6":"product_cat-cocuk-ve-genclik-kitaplari","7":"pa_cilt-ciltsiz","8":"pa_tur-kitap","9":"pa_yayinevi-teleskop-populer-bilim","10":"pa_yazar-victoria-england","12":"first","13":"instock","14":"sale","15":"shipping-taxable","16":"purchasable","17":"product-type-simple"},"_links":{"self":[{"href":"https:\/\/roveyayinevi.com.tr\/index.php\/wp-json\/wp\/v2\/product\/748126","targetHints":{"allow":["GET"]}}],"collection":[{"href":"https:\/\/roveyayinevi.com.tr\/index.php\/wp-json\/wp\/v2\/product"}],"about":[{"href":"https:\/\/roveyayinevi.com.tr\/index.php\/wp-json\/wp\/v2\/types\/product"}],"wp:attachment":[{"href":"https:\/\/roveyayinevi.com.tr\/index.php\/wp-json\/wp\/v2\/media?parent=748126"}],"wp:term":[{"taxonomy":"product_brand","embeddable":true,"href":"https:\/\/roveyayinevi.com.tr\/index.php\/wp-json\/wp\/v2\/product_brand?post=748126"},{"taxonomy":"product_cat","embeddable":true,"href":"https:\/\/roveyayinevi.com.tr\/index.php\/wp-json\/wp\/v2\/product_cat?post=748126"},{"taxonomy":"product_tag","embeddable":true,"href":"https:\/\/roveyayinevi.com.tr\/index.php\/wp-json\/wp\/v2\/product_tag?post=748126"}],"curies":[{"name":"wp","href":"https:\/\/api.w.org\/{rel}","templated":true}]}}