{"id":748121,"date":"2025-08-28T03:22:59","date_gmt":"2025-08-28T00:22:59","guid":{"rendered":"https:\/\/roveyayinevi.com.tr\/index.php\/urun\/ilginc-gezegenler-ilginc-bilgiler-serisi\/"},"modified":"2026-04-16T03:01:02","modified_gmt":"2026-04-16T00:01:02","slug":"ilginc-gezegenler-ilginc-bilgiler-serisi","status":"publish","type":"product","link":"https:\/\/roveyayinevi.com.tr\/index.php\/urun\/ilginc-gezegenler-ilginc-bilgiler-serisi\/","title":{"rendered":"\u0130lgin\u00e7 Gezegenler &#8211; \u0130lgin\u00e7 Bilgiler Serisi"},"content":{"rendered":"<p>Evrendeki t\u00fcm y\u0131ld\u0131zlar\u0131n say\u0131s\u0131, D\u00fcnya&#8217;daki kum tanelerinden fazlad\u0131r. Ven\u00fcs\u2019\u00fcn 1 g\u00fcn\u00fc 1 y\u0131l\u0131ndan daha uzundur. D\u00fcnyada 100 kiloluk bir insan J\u00fcpiter\u2019de 236,4 kilogram gelir. Ayda \u0131s\u0131 g\u00fcne\u015fte 102, g\u00f6lgede ise -157 derece civar\u0131ndad\u0131r. D\u00fcnya\u2019dan 40 \u0131\u015f\u0131k y\u0131l\u0131 uzakta olan 55 Cancri tamamen elmastan olu\u015fan bir gezegen. Bir u\u00e7akla G\u00fcne\u015f&#8217;e ula\u015fman\u0131z tam 19 y\u0131l al\u0131r. G\u00fcne\u015f \u0131\u015f\u0131\u011f\u0131n\u0131n bize ula\u015fma s\u00fcresi 8 dakikad\u0131r.<\/p>\n","protected":false},"excerpt":{"rendered":"<p>Evrendeki t\u00fcm y\u0131ld\u0131zlar\u0131n say\u0131s\u0131, D\u00fcnya&#8217;daki kum tanelerinden fazlad\u0131r. Ven\u00fcs\u2019\u00fcn 1 g\u00fcn\u00fc 1 y\u0131l\u0131ndan daha uzundur. D\u00fcnyada 100 kiloluk bir insan J\u00fcpiter\u2019de 236,4 kilogram gelir. Ayda \u0131s\u0131<span class=\"excerpt-hellip\"> [\u2026]<\/span><\/p>\n","protected":false},"featured_media":0,"template":"","meta":{"_monsterinsights_skip_tracking":false,"_monsterinsights_sitenote_active":false,"_monsterinsights_sitenote_note":"","_monsterinsights_sitenote_category":0},"product_brand":[],"product_cat":[13829,12274],"product_tag":[],"class_list":{"0":"post-748121","1":"product","2":"type-product","3":"status-publish","5":"product_cat-bilimsel-kitaplar","6":"product_cat-cocuk-ve-genclik-kitaplari","7":"pa_cilt-ciltsiz","8":"pa_tur-kitap","9":"pa_yayinevi-teleskop-populer-bilim","10":"pa_yazar-muhammet-cuneyt-ozcan","12":"first","13":"instock","14":"sale","15":"shipping-taxable","16":"purchasable","17":"product-type-simple"},"_links":{"self":[{"href":"https:\/\/roveyayinevi.com.tr\/index.php\/wp-json\/wp\/v2\/product\/748121","targetHints":{"allow":["GET"]}}],"collection":[{"href":"https:\/\/roveyayinevi.com.tr\/index.php\/wp-json\/wp\/v2\/product"}],"about":[{"href":"https:\/\/roveyayinevi.com.tr\/index.php\/wp-json\/wp\/v2\/types\/product"}],"wp:attachment":[{"href":"https:\/\/roveyayinevi.com.tr\/index.php\/wp-json\/wp\/v2\/media?parent=748121"}],"wp:term":[{"taxonomy":"product_brand","embeddable":true,"href":"https:\/\/roveyayinevi.com.tr\/index.php\/wp-json\/wp\/v2\/product_brand?post=748121"},{"taxonomy":"product_cat","embeddable":true,"href":"https:\/\/roveyayinevi.com.tr\/index.php\/wp-json\/wp\/v2\/product_cat?post=748121"},{"taxonomy":"product_tag","embeddable":true,"href":"https:\/\/roveyayinevi.com.tr\/index.php\/wp-json\/wp\/v2\/product_tag?post=748121"}],"curies":[{"name":"wp","href":"https:\/\/api.w.org\/{rel}","templated":true}]}}