{"id":748119,"date":"2025-08-28T03:22:56","date_gmt":"2025-08-28T00:22:56","guid":{"rendered":"https:\/\/roveyayinevi.com.tr\/index.php\/urun\/ilginc-dinozorlar-ilginc-bilgiler-serisi\/"},"modified":"2026-04-16T03:01:02","modified_gmt":"2026-04-16T00:01:02","slug":"ilginc-dinozorlar-ilginc-bilgiler-serisi","status":"publish","type":"product","link":"https:\/\/roveyayinevi.com.tr\/index.php\/urun\/ilginc-dinozorlar-ilginc-bilgiler-serisi\/","title":{"rendered":"\u0130lgin\u00e7 Dinozorlar &#8211; \u0130lgin\u00e7 Bilgiler Serisi"},"content":{"rendered":"<p>Bir T-Rex \u0131s\u0131r\u0131\u011f\u0131, bir aslan \u0131s\u0131r\u0131\u011f\u0131ndan iki kat daha g\u00fc\u00e7l\u00fcyd\u00fc. En b\u00fcy\u00fck dinozorlar g\u00fcnde bir ton yiyecek t\u00fcketiyordu. Deinosuchus bug\u00fcn\u00fcn timsah\u0131n\u0131n sekiz kat\u0131 a\u011f\u0131rl\u0131\u011f\u0131ndayd\u0131. En b\u00fcy\u00fck bitki yiyici olan Argentinosaurus, 30 metre uzunlu\u011fundayd\u0131. Hadrosaur&#8217;\u0131n 1.000&#8217;den fazla di\u015fi, Therizinosaurus&#8217;un da 1 metrelik pen\u00e7eleri vard\u0131. Quetzalocoatlus\u2019un kanat a\u00e7\u0131kl\u0131\u011f\u0131 13 metreydi. T-Rex y\u0131lda 22 tona kadar et yiyordu. <\/p>\n","protected":false},"excerpt":{"rendered":"<p>Bir T-Rex \u0131s\u0131r\u0131\u011f\u0131, bir aslan \u0131s\u0131r\u0131\u011f\u0131ndan iki kat daha g\u00fc\u00e7l\u00fcyd\u00fc. En b\u00fcy\u00fck dinozorlar g\u00fcnde bir ton yiyecek t\u00fcketiyordu. Deinosuchus bug\u00fcn\u00fcn timsah\u0131n\u0131n sekiz kat\u0131 a\u011f\u0131rl\u0131\u011f\u0131ndayd\u0131. En b\u00fcy\u00fck<span class=\"excerpt-hellip\"> [\u2026]<\/span><\/p>\n","protected":false},"featured_media":0,"template":"","meta":{"_monsterinsights_skip_tracking":false,"_monsterinsights_sitenote_active":false,"_monsterinsights_sitenote_note":"","_monsterinsights_sitenote_category":0},"product_brand":[],"product_cat":[13829,12274],"product_tag":[],"class_list":{"0":"post-748119","1":"product","2":"type-product","3":"status-publish","5":"product_cat-bilimsel-kitaplar","6":"product_cat-cocuk-ve-genclik-kitaplari","7":"pa_cilt-ciltsiz","8":"pa_tur-kitap","9":"pa_yayinevi-teleskop-populer-bilim","10":"pa_yazar-muhammet-cuneyt-ozcan","12":"first","13":"instock","14":"sale","15":"shipping-taxable","16":"purchasable","17":"product-type-simple"},"_links":{"self":[{"href":"https:\/\/roveyayinevi.com.tr\/index.php\/wp-json\/wp\/v2\/product\/748119","targetHints":{"allow":["GET"]}}],"collection":[{"href":"https:\/\/roveyayinevi.com.tr\/index.php\/wp-json\/wp\/v2\/product"}],"about":[{"href":"https:\/\/roveyayinevi.com.tr\/index.php\/wp-json\/wp\/v2\/types\/product"}],"wp:attachment":[{"href":"https:\/\/roveyayinevi.com.tr\/index.php\/wp-json\/wp\/v2\/media?parent=748119"}],"wp:term":[{"taxonomy":"product_brand","embeddable":true,"href":"https:\/\/roveyayinevi.com.tr\/index.php\/wp-json\/wp\/v2\/product_brand?post=748119"},{"taxonomy":"product_cat","embeddable":true,"href":"https:\/\/roveyayinevi.com.tr\/index.php\/wp-json\/wp\/v2\/product_cat?post=748119"},{"taxonomy":"product_tag","embeddable":true,"href":"https:\/\/roveyayinevi.com.tr\/index.php\/wp-json\/wp\/v2\/product_tag?post=748119"}],"curies":[{"name":"wp","href":"https:\/\/api.w.org\/{rel}","templated":true}]}}