{"id":748118,"date":"2025-08-28T03:22:55","date_gmt":"2025-08-28T00:22:55","guid":{"rendered":"https:\/\/roveyayinevi.com.tr\/index.php\/urun\/ilginc-depremler-ilginc-bilgiler-serisi\/"},"modified":"2026-04-16T03:01:02","modified_gmt":"2026-04-16T00:01:02","slug":"ilginc-depremler-ilginc-bilgiler-serisi","status":"publish","type":"product","link":"https:\/\/roveyayinevi.com.tr\/index.php\/urun\/ilginc-depremler-ilginc-bilgiler-serisi\/","title":{"rendered":"\u0130lgin\u00e7 Depremler &#8211; \u0130lgin\u00e7 Bilgiler Serisi"},"content":{"rendered":"<p>1960 \u015eili depreminin b\u00fcy\u00fckl\u00fc\u011f\u00fc 9,5&#8217;ti. 2011 Japonya depremi bir g\u00fcn\u00fc 1,8 mikrosaniye k\u0131saltt\u0131. D\u00fcnya&#8217;da her y\u0131l 500.000 deprem ya\u015fan\u0131yor. Nepal depremi Everest&#8217;in 2,5 cm k\u0131salmas\u0131na sebep oldu. 1556 y\u0131l\u0131nda \u00c7in&#8217;de ger\u00e7ekle\u015fen depremde 830.000 insan \u00f6ld\u00fc. En uzun s\u00fcreli deprem 2004\u2019te Hint Okyanusu\u2019nda ya\u015fand\u0131, 10 dakika s\u00fcrd\u00fc. Depremler 4.000 y\u0131lda ise 13 milyon insan\u0131n \u00f6l\u00fcm\u00fcne sebep oldu.<\/p>\n","protected":false},"excerpt":{"rendered":"<p>1960 \u015eili depreminin b\u00fcy\u00fckl\u00fc\u011f\u00fc 9,5&#8217;ti. 2011 Japonya depremi bir g\u00fcn\u00fc 1,8 mikrosaniye k\u0131saltt\u0131. D\u00fcnya&#8217;da her y\u0131l 500.000 deprem ya\u015fan\u0131yor. Nepal depremi Everest&#8217;in 2,5 cm k\u0131salmas\u0131na sebep<span class=\"excerpt-hellip\"> [\u2026]<\/span><\/p>\n","protected":false},"featured_media":0,"template":"","meta":{"_monsterinsights_skip_tracking":false,"_monsterinsights_sitenote_active":false,"_monsterinsights_sitenote_note":"","_monsterinsights_sitenote_category":0},"product_brand":[],"product_cat":[13829,12274],"product_tag":[],"class_list":{"0":"post-748118","1":"product","2":"type-product","3":"status-publish","5":"product_cat-bilimsel-kitaplar","6":"product_cat-cocuk-ve-genclik-kitaplari","7":"pa_cilt-ciltsiz","8":"pa_tur-kitap","9":"pa_yayinevi-teleskop-populer-bilim","10":"pa_yazar-muhammet-cuneyt-ozcan","12":"first","13":"instock","14":"sale","15":"shipping-taxable","16":"purchasable","17":"product-type-simple"},"_links":{"self":[{"href":"https:\/\/roveyayinevi.com.tr\/index.php\/wp-json\/wp\/v2\/product\/748118","targetHints":{"allow":["GET"]}}],"collection":[{"href":"https:\/\/roveyayinevi.com.tr\/index.php\/wp-json\/wp\/v2\/product"}],"about":[{"href":"https:\/\/roveyayinevi.com.tr\/index.php\/wp-json\/wp\/v2\/types\/product"}],"wp:attachment":[{"href":"https:\/\/roveyayinevi.com.tr\/index.php\/wp-json\/wp\/v2\/media?parent=748118"}],"wp:term":[{"taxonomy":"product_brand","embeddable":true,"href":"https:\/\/roveyayinevi.com.tr\/index.php\/wp-json\/wp\/v2\/product_brand?post=748118"},{"taxonomy":"product_cat","embeddable":true,"href":"https:\/\/roveyayinevi.com.tr\/index.php\/wp-json\/wp\/v2\/product_cat?post=748118"},{"taxonomy":"product_tag","embeddable":true,"href":"https:\/\/roveyayinevi.com.tr\/index.php\/wp-json\/wp\/v2\/product_tag?post=748118"}],"curies":[{"name":"wp","href":"https:\/\/api.w.org\/{rel}","templated":true}]}}