{"id":748116,"date":"2025-08-28T03:22:52","date_gmt":"2025-08-28T00:22:52","guid":{"rendered":"https:\/\/roveyayinevi.com.tr\/index.php\/urun\/ilginc-bigisayar-ilginc-bilgiler-serisi\/"},"modified":"2026-04-16T03:01:02","modified_gmt":"2026-04-16T00:01:02","slug":"ilginc-bigisayar-ilginc-bilgiler-serisi","status":"publish","type":"product","link":"https:\/\/roveyayinevi.com.tr\/index.php\/urun\/ilginc-bigisayar-ilginc-bilgiler-serisi\/","title":{"rendered":"\u0130lgin\u00e7 Bigisayar &#8211; \u0130lgin\u00e7 Bilgiler Serisi"},"content":{"rendered":"<p>\u0130lk bilgisayar ENIAC, 27 tonun \u00fczerindeydi. Her ay 5.000&#8217;den fazla yeni bilgisayar vir\u00fcs\u00fc yay\u0131l\u0131yor. \u0130lk webcam bir kahve makinesini izlemek i\u00e7in yap\u0131lm\u0131\u015ft\u0131. HP, Microsoft ve Apple&#8217;\u0131n ortak bir \u00f6zelli\u011fi vard\u0131, hepsi de bir garajda ba\u015flad\u0131. \u0130lk sabit disk s\u00fcr\u00fcc\u00fcs\u00fc yaln\u0131zca 5 MB veri tutabiliyordu. E\u011fer internet bir g\u00fcnl\u00fc\u011f\u00fcne \u00e7\u00f6kerse, 250 milyar e-posta mesaj\u0131 ve 3,5 milyar Google aramas\u0131 beklemeye al\u0131nacak.<\/p>\n","protected":false},"excerpt":{"rendered":"<p>\u0130lk bilgisayar ENIAC, 27 tonun \u00fczerindeydi. Her ay 5.000&#8217;den fazla yeni bilgisayar vir\u00fcs\u00fc yay\u0131l\u0131yor. \u0130lk webcam bir kahve makinesini izlemek i\u00e7in yap\u0131lm\u0131\u015ft\u0131. HP, Microsoft ve Apple&#8217;\u0131n<span class=\"excerpt-hellip\"> [\u2026]<\/span><\/p>\n","protected":false},"featured_media":0,"template":"","meta":{"_monsterinsights_skip_tracking":false,"_monsterinsights_sitenote_active":false,"_monsterinsights_sitenote_note":"","_monsterinsights_sitenote_category":0},"product_brand":[],"product_cat":[13829,12274],"product_tag":[],"class_list":{"0":"post-748116","1":"product","2":"type-product","3":"status-publish","5":"product_cat-bilimsel-kitaplar","6":"product_cat-cocuk-ve-genclik-kitaplari","7":"pa_cilt-ciltsiz","8":"pa_tur-kitap","9":"pa_yayinevi-teleskop-populer-bilim","10":"pa_yazar-muhammet-cuneyt-ozcan","12":"first","13":"instock","14":"sale","15":"shipping-taxable","16":"purchasable","17":"product-type-simple"},"_links":{"self":[{"href":"https:\/\/roveyayinevi.com.tr\/index.php\/wp-json\/wp\/v2\/product\/748116","targetHints":{"allow":["GET"]}}],"collection":[{"href":"https:\/\/roveyayinevi.com.tr\/index.php\/wp-json\/wp\/v2\/product"}],"about":[{"href":"https:\/\/roveyayinevi.com.tr\/index.php\/wp-json\/wp\/v2\/types\/product"}],"wp:attachment":[{"href":"https:\/\/roveyayinevi.com.tr\/index.php\/wp-json\/wp\/v2\/media?parent=748116"}],"wp:term":[{"taxonomy":"product_brand","embeddable":true,"href":"https:\/\/roveyayinevi.com.tr\/index.php\/wp-json\/wp\/v2\/product_brand?post=748116"},{"taxonomy":"product_cat","embeddable":true,"href":"https:\/\/roveyayinevi.com.tr\/index.php\/wp-json\/wp\/v2\/product_cat?post=748116"},{"taxonomy":"product_tag","embeddable":true,"href":"https:\/\/roveyayinevi.com.tr\/index.php\/wp-json\/wp\/v2\/product_tag?post=748116"}],"curies":[{"name":"wp","href":"https:\/\/api.w.org\/{rel}","templated":true}]}}