{"id":748114,"date":"2025-08-28T03:22:49","date_gmt":"2025-08-28T00:22:49","guid":{"rendered":"https:\/\/roveyayinevi.com.tr\/index.php\/urun\/agathe-christie-taniyor-musun-ciltli\/"},"modified":"2026-04-16T03:01:02","modified_gmt":"2026-04-16T00:01:02","slug":"agathe-christie-taniyor-musun-ciltli","status":"publish","type":"product","link":"https:\/\/roveyayinevi.com.tr\/index.php\/urun\/agathe-christie-taniyor-musun-ciltli\/","title":{"rendered":"Agathe Christie &#8211; Tan\u0131yor Musun? (Ciltli)"},"content":{"rendered":"<p>Gizem ve su\u00e7 roman\u0131n\u0131n krali\u00e7esini&#8230; Arkeolojiyi seven b\u00fcy\u00fck gezgini&#8230; Hercule Poirot ve Miss Marple gibi unutulmaz dedektiflerin yazar\u0131n\u0131&#8230; Yazd\u0131\u011f\u0131 romanlar ve tiyatro oyunlar\u0131yla d\u00fcnyan\u0131n en \u00e7ok \u00e7evirilenleri aras\u0131nda olan yazar\u0131 tan\u0131yor musun?<\/p>\n","protected":false},"excerpt":{"rendered":"<p>Gizem ve su\u00e7 roman\u0131n\u0131n krali\u00e7esini&#8230; Arkeolojiyi seven b\u00fcy\u00fck gezgini&#8230; Hercule Poirot ve Miss Marple gibi unutulmaz dedektiflerin yazar\u0131n\u0131&#8230; Yazd\u0131\u011f\u0131 romanlar ve tiyatro oyunlar\u0131yla d\u00fcnyan\u0131n en \u00e7ok<span class=\"excerpt-hellip\"> [\u2026]<\/span><\/p>\n","protected":false},"featured_media":0,"template":"","meta":{"_monsterinsights_skip_tracking":false,"_monsterinsights_sitenote_active":false,"_monsterinsights_sitenote_note":"","_monsterinsights_sitenote_category":0},"product_brand":[],"product_cat":[12274,12284],"product_tag":[],"class_list":{"0":"post-748114","1":"product","2":"type-product","3":"status-publish","5":"product_cat-cocuk-ve-genclik-kitaplari","6":"product_cat-hikayeler","7":"pa_cilt-ciltli","8":"pa_tur-kitap","9":"pa_yayinevi-teleskop-populer-bilim","10":"pa_yazar-johanne-menard","12":"first","13":"instock","14":"sale","15":"shipping-taxable","16":"purchasable","17":"product-type-simple"},"_links":{"self":[{"href":"https:\/\/roveyayinevi.com.tr\/index.php\/wp-json\/wp\/v2\/product\/748114","targetHints":{"allow":["GET"]}}],"collection":[{"href":"https:\/\/roveyayinevi.com.tr\/index.php\/wp-json\/wp\/v2\/product"}],"about":[{"href":"https:\/\/roveyayinevi.com.tr\/index.php\/wp-json\/wp\/v2\/types\/product"}],"wp:attachment":[{"href":"https:\/\/roveyayinevi.com.tr\/index.php\/wp-json\/wp\/v2\/media?parent=748114"}],"wp:term":[{"taxonomy":"product_brand","embeddable":true,"href":"https:\/\/roveyayinevi.com.tr\/index.php\/wp-json\/wp\/v2\/product_brand?post=748114"},{"taxonomy":"product_cat","embeddable":true,"href":"https:\/\/roveyayinevi.com.tr\/index.php\/wp-json\/wp\/v2\/product_cat?post=748114"},{"taxonomy":"product_tag","embeddable":true,"href":"https:\/\/roveyayinevi.com.tr\/index.php\/wp-json\/wp\/v2\/product_tag?post=748114"}],"curies":[{"name":"wp","href":"https:\/\/api.w.org\/{rel}","templated":true}]}}