{"id":748107,"date":"2025-08-28T03:22:40","date_gmt":"2025-08-28T00:22:40","guid":{"rendered":"https:\/\/roveyayinevi.com.tr\/index.php\/urun\/500-cilgin-gercekler-cep-boy\/"},"modified":"2026-04-16T03:01:01","modified_gmt":"2026-04-16T00:01:01","slug":"500-cilgin-gercekler-cep-boy","status":"publish","type":"product","link":"https:\/\/roveyayinevi.com.tr\/index.php\/urun\/500-cilgin-gercekler-cep-boy\/","title":{"rendered":"500 \u00c7\u0131lg\u0131n Ger\u00e7ekler (Cep Boy)"},"content":{"rendered":"<p>Sinek ku\u015flar\u0131n\u0131n geriye do\u011fru u\u00e7abilen tek ku\u015flar oldu\u011funu biliyor muydun?Ya da kendini g\u0131d\u0131klayamayaca\u011f\u0131n\u0131&#8230;Bir \u015f\u00f6valye z\u0131rh\u0131n\u0131n 25 kilograma yak\u0131n oldu\u011funu&#8230;\u00c7\u0131lg\u0131n ger\u00e7eklerle dolu bu kitapla bir s\u00fcrprizden bir di\u011fer s\u00fcrprize do\u011fru yola \u00e7\u0131kal\u0131m.Bitkiler ve hayvanlar, insanlar, spor ve tarih hakk\u0131nda \u00e7\u0131lg\u0131n ger\u00e7ekleri \u00f6\u011frenelim&#8230;<\/p>\n","protected":false},"excerpt":{"rendered":"<p>Sinek ku\u015flar\u0131n\u0131n geriye do\u011fru u\u00e7abilen tek ku\u015flar oldu\u011funu biliyor muydun?Ya da kendini g\u0131d\u0131klayamayaca\u011f\u0131n\u0131&#8230;Bir \u015f\u00f6valye z\u0131rh\u0131n\u0131n 25 kilograma yak\u0131n oldu\u011funu&#8230;\u00c7\u0131lg\u0131n ger\u00e7eklerle dolu bu kitapla bir s\u00fcrprizden bir<span class=\"excerpt-hellip\"> [\u2026]<\/span><\/p>\n","protected":false},"featured_media":0,"template":"","meta":{"_monsterinsights_skip_tracking":false,"_monsterinsights_sitenote_active":false,"_monsterinsights_sitenote_note":"","_monsterinsights_sitenote_category":0},"product_brand":[],"product_cat":[12274,12631],"product_tag":[],"class_list":{"0":"post-748107","1":"product","2":"type-product","3":"status-publish","5":"product_cat-cocuk-ve-genclik-kitaplari","6":"product_cat-diger-cocuk-ve-genclik-kitaplari","7":"pa_cilt-ciltsiz","8":"pa_tur-kitap","9":"pa_yayinevi-teleskop-populer-bilim","10":"pa_yazar-kolektif","12":"first","13":"instock","14":"sale","15":"shipping-taxable","16":"purchasable","17":"product-type-simple"},"_links":{"self":[{"href":"https:\/\/roveyayinevi.com.tr\/index.php\/wp-json\/wp\/v2\/product\/748107","targetHints":{"allow":["GET"]}}],"collection":[{"href":"https:\/\/roveyayinevi.com.tr\/index.php\/wp-json\/wp\/v2\/product"}],"about":[{"href":"https:\/\/roveyayinevi.com.tr\/index.php\/wp-json\/wp\/v2\/types\/product"}],"wp:attachment":[{"href":"https:\/\/roveyayinevi.com.tr\/index.php\/wp-json\/wp\/v2\/media?parent=748107"}],"wp:term":[{"taxonomy":"product_brand","embeddable":true,"href":"https:\/\/roveyayinevi.com.tr\/index.php\/wp-json\/wp\/v2\/product_brand?post=748107"},{"taxonomy":"product_cat","embeddable":true,"href":"https:\/\/roveyayinevi.com.tr\/index.php\/wp-json\/wp\/v2\/product_cat?post=748107"},{"taxonomy":"product_tag","embeddable":true,"href":"https:\/\/roveyayinevi.com.tr\/index.php\/wp-json\/wp\/v2\/product_tag?post=748107"}],"curies":[{"name":"wp","href":"https:\/\/api.w.org\/{rel}","templated":true}]}}