{"id":748106,"date":"2025-08-28T03:22:39","date_gmt":"2025-08-28T00:22:39","guid":{"rendered":"https:\/\/roveyayinevi.com.tr\/index.php\/urun\/dunyayi-gezerken-gizli-olani-bul\/"},"modified":"2026-04-16T03:01:01","modified_gmt":"2026-04-16T00:01:01","slug":"dunyayi-gezerken-gizli-olani-bul","status":"publish","type":"product","link":"https:\/\/roveyayinevi.com.tr\/index.php\/urun\/dunyayi-gezerken-gizli-olani-bul\/","title":{"rendered":"D\u00fcnyay\u0131 Gezerken &#8211; Gizli Olan\u0131 Bul"},"content":{"rendered":"<p>Bu kitapta, D\u00fcnya&#8217;n\u0131n en \u00fcnl\u00fc \u015fehirlerini, \u00fclkelerini ve manzalar\u0131n\u0131 ke\u015ffedeceksiniz. \u00c7izimlerin i\u00e7inde, resim ile ilgisi olmayan bir\u00e7ok e\u011flenceli fig\u00fcr saklanm\u0131\u015f durumda.\u00c7izimlerdeki bu gizli fig\u00fcrleri bulmak ve onlar\u0131 boyamak size kalm\u0131\u015f. t\u00fcm gizli nesneleri bulduktan sonra, resmin tamam\u0131n\u0131 boyayabilirsiniz.Bulamad\u0131\u011f\u0131n fig\u00fcr olursa, sorun yok \u00e7\u00fcnk\u00fc ipu\u00e7lar\u0131 kitab\u0131n sonunda bulunuyor.\u0130yi e\u011flenceler&#8230;<\/p>\n","protected":false},"excerpt":{"rendered":"<p>Bu kitapta, D\u00fcnya&#8217;n\u0131n en \u00fcnl\u00fc \u015fehirlerini, \u00fclkelerini ve manzalar\u0131n\u0131 ke\u015ffedeceksiniz. \u00c7izimlerin i\u00e7inde, resim ile ilgisi olmayan bir\u00e7ok e\u011flenceli fig\u00fcr saklanm\u0131\u015f durumda.\u00c7izimlerdeki bu gizli fig\u00fcrleri bulmak ve<span class=\"excerpt-hellip\"> [\u2026]<\/span><\/p>\n","protected":false},"featured_media":0,"template":"","meta":{"_monsterinsights_skip_tracking":false,"_monsterinsights_sitenote_active":false,"_monsterinsights_sitenote_note":"","_monsterinsights_sitenote_category":0},"product_brand":[],"product_cat":[12644,12274],"product_tag":[],"class_list":{"0":"post-748106","1":"product","2":"type-product","3":"status-publish","5":"product_cat-boyama-kitaplari","6":"product_cat-cocuk-ve-genclik-kitaplari","7":"pa_cilt-ciltsiz","8":"pa_tur-kitap","9":"pa_yayinevi-teleskop-populer-bilim","10":"pa_yazar-kolektif","12":"first","13":"instock","14":"sale","15":"shipping-taxable","16":"purchasable","17":"product-type-simple"},"_links":{"self":[{"href":"https:\/\/roveyayinevi.com.tr\/index.php\/wp-json\/wp\/v2\/product\/748106","targetHints":{"allow":["GET"]}}],"collection":[{"href":"https:\/\/roveyayinevi.com.tr\/index.php\/wp-json\/wp\/v2\/product"}],"about":[{"href":"https:\/\/roveyayinevi.com.tr\/index.php\/wp-json\/wp\/v2\/types\/product"}],"wp:attachment":[{"href":"https:\/\/roveyayinevi.com.tr\/index.php\/wp-json\/wp\/v2\/media?parent=748106"}],"wp:term":[{"taxonomy":"product_brand","embeddable":true,"href":"https:\/\/roveyayinevi.com.tr\/index.php\/wp-json\/wp\/v2\/product_brand?post=748106"},{"taxonomy":"product_cat","embeddable":true,"href":"https:\/\/roveyayinevi.com.tr\/index.php\/wp-json\/wp\/v2\/product_cat?post=748106"},{"taxonomy":"product_tag","embeddable":true,"href":"https:\/\/roveyayinevi.com.tr\/index.php\/wp-json\/wp\/v2\/product_tag?post=748106"}],"curies":[{"name":"wp","href":"https:\/\/api.w.org\/{rel}","templated":true}]}}