{"id":748100,"date":"2025-08-28T03:22:31","date_gmt":"2025-08-28T00:22:31","guid":{"rendered":"https:\/\/roveyayinevi.com.tr\/index.php\/urun\/araclar-benim-ilk-yapistirmalarim\/"},"modified":"2026-04-16T03:01:01","modified_gmt":"2026-04-16T00:01:01","slug":"araclar-benim-ilk-yapistirmalarim","status":"publish","type":"product","link":"https:\/\/roveyayinevi.com.tr\/index.php\/urun\/araclar-benim-ilk-yapistirmalarim\/","title":{"rendered":"Ara\u00e7lar &#8211; Benim \u0130lk Yap\u0131\u015ft\u0131rmalar\u0131m"},"content":{"rendered":"<p>Bu e\u011flenceli ve renkli \u00e7\u0131kartma kitab\u0131 ile \u00e7ocu\u011funuz i\u00e7in ara\u00e7lar\u0131 ke\u015ffetme zaman\u0131. \u00c7ocu\u011funuz ara\u00e7lar\u0131 ve kullan\u0131m alanlar\u0131n\u0131 e\u011flenceli bir \u015fekilde \u00f6\u011frenecek.Bu kitab\u0131n i\u00e7inde her sayfada farkl\u0131 sorular bulunuyor. \u00c7ocu\u011funuz ayr\u0131ca, ara\u00e7lar\u0131 ve kullan\u0131m alanlar\u0131na ait \u00e7\u0131kartmalar\u0131 do\u011fru yerlere yap\u0131\u015ft\u0131r\u0131p bir\u00e7ok yeni kelime \u00f6\u011frenebiilecek ve tan\u0131yacak.E\u011flence zaman\u0131&#8230;<\/p>\n","protected":false},"excerpt":{"rendered":"<p>Bu e\u011flenceli ve renkli \u00e7\u0131kartma kitab\u0131 ile \u00e7ocu\u011funuz i\u00e7in ara\u00e7lar\u0131 ke\u015ffetme zaman\u0131. \u00c7ocu\u011funuz ara\u00e7lar\u0131 ve kullan\u0131m alanlar\u0131n\u0131 e\u011flenceli bir \u015fekilde \u00f6\u011frenecek.Bu kitab\u0131n i\u00e7inde her sayfada farkl\u0131<span class=\"excerpt-hellip\"> [\u2026]<\/span><\/p>\n","protected":false},"featured_media":0,"template":"","meta":{"_monsterinsights_skip_tracking":false,"_monsterinsights_sitenote_active":false,"_monsterinsights_sitenote_note":"","_monsterinsights_sitenote_category":0},"product_brand":[],"product_cat":[12554,12274],"product_tag":[],"class_list":{"0":"post-748100","1":"product","2":"type-product","3":"status-publish","5":"product_cat-cikartmali-kitaplar","6":"product_cat-cocuk-ve-genclik-kitaplari","7":"pa_cilt-ciltsiz","8":"pa_tur-kitap","9":"pa_yayinevi-teleskop-populer-bilim","10":"pa_yazar-kolektif","12":"first","13":"instock","14":"sale","15":"shipping-taxable","16":"purchasable","17":"product-type-simple"},"_links":{"self":[{"href":"https:\/\/roveyayinevi.com.tr\/index.php\/wp-json\/wp\/v2\/product\/748100","targetHints":{"allow":["GET"]}}],"collection":[{"href":"https:\/\/roveyayinevi.com.tr\/index.php\/wp-json\/wp\/v2\/product"}],"about":[{"href":"https:\/\/roveyayinevi.com.tr\/index.php\/wp-json\/wp\/v2\/types\/product"}],"wp:attachment":[{"href":"https:\/\/roveyayinevi.com.tr\/index.php\/wp-json\/wp\/v2\/media?parent=748100"}],"wp:term":[{"taxonomy":"product_brand","embeddable":true,"href":"https:\/\/roveyayinevi.com.tr\/index.php\/wp-json\/wp\/v2\/product_brand?post=748100"},{"taxonomy":"product_cat","embeddable":true,"href":"https:\/\/roveyayinevi.com.tr\/index.php\/wp-json\/wp\/v2\/product_cat?post=748100"},{"taxonomy":"product_tag","embeddable":true,"href":"https:\/\/roveyayinevi.com.tr\/index.php\/wp-json\/wp\/v2\/product_tag?post=748100"}],"curies":[{"name":"wp","href":"https:\/\/api.w.org\/{rel}","templated":true}]}}