{"id":748096,"date":"2025-08-28T03:22:25","date_gmt":"2025-08-28T00:22:25","guid":{"rendered":"https:\/\/roveyayinevi.com.tr\/index.php\/urun\/gezegenimiz-dunya-birlikte-kesfedelim\/"},"modified":"2026-04-16T03:01:01","modified_gmt":"2026-04-16T00:01:01","slug":"gezegenimiz-dunya-birlikte-kesfedelim","status":"publish","type":"product","link":"https:\/\/roveyayinevi.com.tr\/index.php\/urun\/gezegenimiz-dunya-birlikte-kesfedelim\/","title":{"rendered":"Gezegenimiz D\u00fcnya &#8211; Birlikte Ke\u015ffedelim"},"content":{"rendered":"<p>D\u00fcnya\u2019y\u0131 bu kadar \u00f6zel yapan \u015fey nedir? \u00dczerinde canl\u0131 ya\u015fayabilen tek gezegen olmas\u0131 m\u0131?Ama ayn\u0131 zamanda ate\u015fli volkanlara, ihti\u015faml\u0131 da\u011flara, kavurucu \u00e7\u00f6llere ve dondurucu yerlere de sahip.Bu harika kitapta D\u00fcnya ile ilgili pek \u00e7ok bilinmeyenle kar\u015f\u0131la\u015facaks\u0131n\u0131z.<\/p>\n","protected":false},"excerpt":{"rendered":"<p>D\u00fcnya\u2019y\u0131 bu kadar \u00f6zel yapan \u015fey nedir? \u00dczerinde canl\u0131 ya\u015fayabilen tek gezegen olmas\u0131 m\u0131?Ama ayn\u0131 zamanda ate\u015fli volkanlara, ihti\u015faml\u0131 da\u011flara, kavurucu \u00e7\u00f6llere ve dondurucu yerlere de<span class=\"excerpt-hellip\"> [\u2026]<\/span><\/p>\n","protected":false},"featured_media":0,"template":"","meta":{"_monsterinsights_skip_tracking":false,"_monsterinsights_sitenote_active":false,"_monsterinsights_sitenote_note":"","_monsterinsights_sitenote_category":0},"product_brand":[],"product_cat":[12274,12631],"product_tag":[],"class_list":{"0":"post-748096","1":"product","2":"type-product","3":"status-publish","5":"product_cat-cocuk-ve-genclik-kitaplari","6":"product_cat-diger-cocuk-ve-genclik-kitaplari","7":"pa_cilt-ciltsiz","8":"pa_tur-kitap","9":"pa_yayinevi-teleskop-populer-bilim","10":"pa_yazar-kolektif","12":"first","13":"instock","14":"sale","15":"shipping-taxable","16":"purchasable","17":"product-type-simple"},"_links":{"self":[{"href":"https:\/\/roveyayinevi.com.tr\/index.php\/wp-json\/wp\/v2\/product\/748096","targetHints":{"allow":["GET"]}}],"collection":[{"href":"https:\/\/roveyayinevi.com.tr\/index.php\/wp-json\/wp\/v2\/product"}],"about":[{"href":"https:\/\/roveyayinevi.com.tr\/index.php\/wp-json\/wp\/v2\/types\/product"}],"wp:attachment":[{"href":"https:\/\/roveyayinevi.com.tr\/index.php\/wp-json\/wp\/v2\/media?parent=748096"}],"wp:term":[{"taxonomy":"product_brand","embeddable":true,"href":"https:\/\/roveyayinevi.com.tr\/index.php\/wp-json\/wp\/v2\/product_brand?post=748096"},{"taxonomy":"product_cat","embeddable":true,"href":"https:\/\/roveyayinevi.com.tr\/index.php\/wp-json\/wp\/v2\/product_cat?post=748096"},{"taxonomy":"product_tag","embeddable":true,"href":"https:\/\/roveyayinevi.com.tr\/index.php\/wp-json\/wp\/v2\/product_tag?post=748096"}],"curies":[{"name":"wp","href":"https:\/\/api.w.org\/{rel}","templated":true}]}}