{"id":748092,"date":"2025-08-28T03:22:20","date_gmt":"2025-08-28T00:22:20","guid":{"rendered":"https:\/\/roveyayinevi.com.tr\/index.php\/urun\/nefis-atistirmaliklar-kucuk-sef-serisi\/"},"modified":"2026-04-16T03:01:01","modified_gmt":"2026-04-16T00:01:01","slug":"nefis-atistirmaliklar-kucuk-sef-serisi","status":"publish","type":"product","link":"https:\/\/roveyayinevi.com.tr\/index.php\/urun\/nefis-atistirmaliklar-kucuk-sef-serisi\/","title":{"rendered":"Nefis At\u0131\u015ft\u0131rmal\u0131klar &#8211; K\u00fc\u00e7\u00fck \u015eef Serisi"},"content":{"rendered":"<p>Bu kitapta her tarif metinler ve resimlerle ad\u0131m ad\u0131m a\u00e7\u0131klan\u0131r. B\u00f6ylece \u00e7ocuklar bu tarifleri kolayca haz\u0131rlayabilir.Kitapta, tarifler uygulan\u0131rken \u00f6zellikle yeti\u015fkin birinin yard\u0131m\u0131n\u0131n gerekti\u011fi vurgulan\u0131r. B\u00f6ylece \u00e7ocuklar\u0131n kar\u015f\u0131la\u015fabilece\u011fi mutfak kazalar\u0131 da \u00f6nlenmi\u015f olur.T\u00fcm nefis at\u0131\u015ft\u0131rmal\u0131klar, tariflerde bulunan malzemeler ile haz\u0131rlanabilir.Kitap \u00e7ocuklar i\u00e7in sa\u011fl\u0131kl\u0131 beslenme al\u0131\u015fkanl\u0131klar\u0131n\u0131 da \u00f6nerir.Ebeveynler i\u00e7in \u00e7ocuk beslenmesi konusunda da ipu\u00e7lar\u0131 verir.<\/p>\n","protected":false},"excerpt":{"rendered":"<p>Bu kitapta her tarif metinler ve resimlerle ad\u0131m ad\u0131m a\u00e7\u0131klan\u0131r. B\u00f6ylece \u00e7ocuklar bu tarifleri kolayca haz\u0131rlayabilir.Kitapta, tarifler uygulan\u0131rken \u00f6zellikle yeti\u015fkin birinin yard\u0131m\u0131n\u0131n gerekti\u011fi vurgulan\u0131r. B\u00f6ylece \u00e7ocuklar\u0131n<span class=\"excerpt-hellip\"> [\u2026]<\/span><\/p>\n","protected":false},"featured_media":0,"template":"","meta":{"_monsterinsights_skip_tracking":false,"_monsterinsights_sitenote_active":false,"_monsterinsights_sitenote_note":"","_monsterinsights_sitenote_category":0},"product_brand":[],"product_cat":[12274,12284],"product_tag":[],"class_list":{"0":"post-748092","1":"product","2":"type-product","3":"status-publish","5":"product_cat-cocuk-ve-genclik-kitaplari","6":"product_cat-hikayeler","7":"pa_cilt-ciltsiz","8":"pa_tur-kitap","9":"pa_yayinevi-teleskop-populer-bilim","10":"pa_yazar-mercedes-segarra","12":"first","13":"instock","14":"sale","15":"shipping-taxable","16":"purchasable","17":"product-type-simple"},"_links":{"self":[{"href":"https:\/\/roveyayinevi.com.tr\/index.php\/wp-json\/wp\/v2\/product\/748092","targetHints":{"allow":["GET"]}}],"collection":[{"href":"https:\/\/roveyayinevi.com.tr\/index.php\/wp-json\/wp\/v2\/product"}],"about":[{"href":"https:\/\/roveyayinevi.com.tr\/index.php\/wp-json\/wp\/v2\/types\/product"}],"wp:attachment":[{"href":"https:\/\/roveyayinevi.com.tr\/index.php\/wp-json\/wp\/v2\/media?parent=748092"}],"wp:term":[{"taxonomy":"product_brand","embeddable":true,"href":"https:\/\/roveyayinevi.com.tr\/index.php\/wp-json\/wp\/v2\/product_brand?post=748092"},{"taxonomy":"product_cat","embeddable":true,"href":"https:\/\/roveyayinevi.com.tr\/index.php\/wp-json\/wp\/v2\/product_cat?post=748092"},{"taxonomy":"product_tag","embeddable":true,"href":"https:\/\/roveyayinevi.com.tr\/index.php\/wp-json\/wp\/v2\/product_tag?post=748092"}],"curies":[{"name":"wp","href":"https:\/\/api.w.org\/{rel}","templated":true}]}}