{"id":748079,"date":"2025-08-28T03:22:01","date_gmt":"2025-08-28T00:22:01","guid":{"rendered":"https:\/\/roveyayinevi.com.tr\/index.php\/urun\/ben-iyi-bir-arkadasim-duygu-egitim-kitaplari\/"},"modified":"2026-04-16T03:01:00","modified_gmt":"2026-04-16T00:01:00","slug":"ben-iyi-bir-arkadasim-duygu-egitim-kitaplari","status":"publish","type":"product","link":"https:\/\/roveyayinevi.com.tr\/index.php\/urun\/ben-iyi-bir-arkadasim-duygu-egitim-kitaplari\/","title":{"rendered":"Ben \u0130yi Bir Arkada\u015f\u0131m &#8211; Duygu E\u011fitim Kitaplar\u0131"},"content":{"rendered":"<p>Koala Gula, payla\u015fman\u0131n g\u00fczelli\u011fini, arkada\u015flar\u0131na zarar vermemeyi, affedici olmay\u0131 acaba nas\u0131l \u00f6\u011frendi? Koala Gula art\u0131k arkada\u015flar\u0131yla e\u011flenmeyi, oynamay\u0131, \u00e7ok seviyor. Koala Gula ve arkada\u015flar\u0131, birbirlerinin yanl\u0131\u015f davran\u0131\u015flar\u0131n\u0131 da durduruyorlar. \u00c7\u00fcnk\u00fc arkada\u015flar iyidir. Haydi, hep birlikte Gula&#8217;n\u0131n hikayesini okuyal\u0131m.Serideki Kitaplar* Ben \u0130yi Bir Arkada\u015f\u0131m* Filinto \u0130yi Bir Fil Oluyor* Hippo Payla\u015fmay\u0131 \u00d6\u011freniyor* Korkak Civciv Art\u0131k Cesur* Mavi\u015f \u00c7ok S\u0131k\u0131l\u0131yor* Okto&#8217;yu Ne K\u0131zd\u0131rd\u0131?* Pembo Art\u0131k Yaln\u0131z De\u011fil* Pufi Sab\u0131rl\u0131 Olmay\u0131 \u00d6\u011freniyor* Tosbi Kabu\u011funa \u00c7ekildi* Ye\u015file D\u00f6nen Kedi<\/p>\n","protected":false},"excerpt":{"rendered":"<p>Koala Gula, payla\u015fman\u0131n g\u00fczelli\u011fini, arkada\u015flar\u0131na zarar vermemeyi, affedici olmay\u0131 acaba nas\u0131l \u00f6\u011frendi? Koala Gula art\u0131k arkada\u015flar\u0131yla e\u011flenmeyi, oynamay\u0131, \u00e7ok seviyor. Koala Gula ve arkada\u015flar\u0131, birbirlerinin yanl\u0131\u015f<span class=\"excerpt-hellip\"> [\u2026]<\/span><\/p>\n","protected":false},"featured_media":0,"template":"","meta":{"_monsterinsights_skip_tracking":false,"_monsterinsights_sitenote_active":false,"_monsterinsights_sitenote_note":"","_monsterinsights_sitenote_category":0},"product_brand":[],"product_cat":[12274,12284],"product_tag":[],"class_list":{"0":"post-748079","1":"product","2":"type-product","3":"status-publish","5":"product_cat-cocuk-ve-genclik-kitaplari","6":"product_cat-hikayeler","7":"pa_cilt-ciltsiz","8":"pa_tur-kitap","9":"pa_yayinevi-teleskop-populer-bilim","10":"pa_yazar-mahmut-yilmaz","12":"first","13":"instock","14":"sale","15":"shipping-taxable","16":"purchasable","17":"product-type-simple"},"_links":{"self":[{"href":"https:\/\/roveyayinevi.com.tr\/index.php\/wp-json\/wp\/v2\/product\/748079","targetHints":{"allow":["GET"]}}],"collection":[{"href":"https:\/\/roveyayinevi.com.tr\/index.php\/wp-json\/wp\/v2\/product"}],"about":[{"href":"https:\/\/roveyayinevi.com.tr\/index.php\/wp-json\/wp\/v2\/types\/product"}],"wp:attachment":[{"href":"https:\/\/roveyayinevi.com.tr\/index.php\/wp-json\/wp\/v2\/media?parent=748079"}],"wp:term":[{"taxonomy":"product_brand","embeddable":true,"href":"https:\/\/roveyayinevi.com.tr\/index.php\/wp-json\/wp\/v2\/product_brand?post=748079"},{"taxonomy":"product_cat","embeddable":true,"href":"https:\/\/roveyayinevi.com.tr\/index.php\/wp-json\/wp\/v2\/product_cat?post=748079"},{"taxonomy":"product_tag","embeddable":true,"href":"https:\/\/roveyayinevi.com.tr\/index.php\/wp-json\/wp\/v2\/product_tag?post=748079"}],"curies":[{"name":"wp","href":"https:\/\/api.w.org\/{rel}","templated":true}]}}