{"id":748077,"date":"2025-08-28T03:21:59","date_gmt":"2025-08-28T00:21:59","guid":{"rendered":"https:\/\/roveyayinevi.com.tr\/index.php\/urun\/marco-polo-kasifler\/"},"modified":"2026-04-16T03:01:00","modified_gmt":"2026-04-16T00:01:00","slug":"marco-polo-kasifler","status":"publish","type":"product","link":"https:\/\/roveyayinevi.com.tr\/index.php\/urun\/marco-polo-kasifler\/","title":{"rendered":"Marco Polo &#8211; Ka\u015fifler"},"content":{"rendered":"<p>Marco Polo i\u00e7in Asya k\u0131tas\u0131n\u0131 ve Hint Okyanusunu gen\u00e7 ya\u015fta gezen ilk k\u00e2\u015fif diyebiliriz. Onun hat\u0131ralann\u0131 okuyanlar d\u00fcnyay\u0131 ke\u015ffetmek i\u00e7in i\u00e7lerinde b\u00fcy\u00fck arzular duydular. Elinizdeki kitap: onun babas\u0131 ve amcas\u0131yla beraber Venedik&#8217;ten ba\u015flayarak \u0130stanbul. Karadeniz. Kafkasya ve \u0130ran \u00fczerinden T\u00fcrkistan&#8217;a uzanan maceralanru anlatan hat\u0131ralar\u0131ndan se\u00e7ilerek meydana geldi. Marco Polo g\u00f6rd\u00fcklerini, duy-duklann\u0131, ya\u015fad\u0131klann\u0131 hat\u0131rlar\u0131nda anlat\u0131nca bir\u00e7ok maceraperest onun ya\u015fad\u0131klann\u0131 ve \u015fahit olduklann\u0131 g\u00f6rmek i\u00e7in yollara d\u00f6k\u00fclm\u00fc\u015ft\u00fcr. Marco Polo&#8217;nun hat\u0131ralar\u0131 t\u00fcm zamanlar i\u00e7inde okuyanlan merakland\u0131rm\u0131\u015f, onun ya\u015fad\u0131klann\u0131 ya\u015famak i\u00e7in ilgi uyand\u0131rm\u0131\u015ft\u0131r.<\/p>\n","protected":false},"excerpt":{"rendered":"<p>Marco Polo i\u00e7in Asya k\u0131tas\u0131n\u0131 ve Hint Okyanusunu gen\u00e7 ya\u015fta gezen ilk k\u00e2\u015fif diyebiliriz. Onun hat\u0131ralann\u0131 okuyanlar d\u00fcnyay\u0131 ke\u015ffetmek i\u00e7in i\u00e7lerinde b\u00fcy\u00fck arzular duydular. Elinizdeki kitap:<span class=\"excerpt-hellip\"> [\u2026]<\/span><\/p>\n","protected":false},"featured_media":0,"template":"","meta":{"_monsterinsights_skip_tracking":false,"_monsterinsights_sitenote_active":false,"_monsterinsights_sitenote_note":"","_monsterinsights_sitenote_category":0},"product_brand":[],"product_cat":[13005,13006],"product_tag":[],"class_list":{"0":"post-748077","1":"product","2":"type-product","3":"status-publish","5":"product_cat-bilim-muhendislik","6":"product_cat-populer-bilim","7":"pa_cilt-ciltsiz","8":"pa_tur-kitap","9":"pa_yayinevi-teleskop-populer-bilim","10":"pa_yazar-muzaffer-tasyurek","12":"first","13":"instock","14":"sale","15":"shipping-taxable","16":"purchasable","17":"product-type-simple"},"_links":{"self":[{"href":"https:\/\/roveyayinevi.com.tr\/index.php\/wp-json\/wp\/v2\/product\/748077","targetHints":{"allow":["GET"]}}],"collection":[{"href":"https:\/\/roveyayinevi.com.tr\/index.php\/wp-json\/wp\/v2\/product"}],"about":[{"href":"https:\/\/roveyayinevi.com.tr\/index.php\/wp-json\/wp\/v2\/types\/product"}],"wp:attachment":[{"href":"https:\/\/roveyayinevi.com.tr\/index.php\/wp-json\/wp\/v2\/media?parent=748077"}],"wp:term":[{"taxonomy":"product_brand","embeddable":true,"href":"https:\/\/roveyayinevi.com.tr\/index.php\/wp-json\/wp\/v2\/product_brand?post=748077"},{"taxonomy":"product_cat","embeddable":true,"href":"https:\/\/roveyayinevi.com.tr\/index.php\/wp-json\/wp\/v2\/product_cat?post=748077"},{"taxonomy":"product_tag","embeddable":true,"href":"https:\/\/roveyayinevi.com.tr\/index.php\/wp-json\/wp\/v2\/product_tag?post=748077"}],"curies":[{"name":"wp","href":"https:\/\/api.w.org\/{rel}","templated":true}]}}