{"id":748076,"date":"2025-08-28T03:21:58","date_gmt":"2025-08-28T00:21:58","guid":{"rendered":"https:\/\/roveyayinevi.com.tr\/index.php\/urun\/magellan-kasifler\/"},"modified":"2026-04-16T03:01:00","modified_gmt":"2026-04-16T00:01:00","slug":"magellan-kasifler","status":"publish","type":"product","link":"https:\/\/roveyayinevi.com.tr\/index.php\/urun\/magellan-kasifler\/","title":{"rendered":"Magellan &#8211; Ka\u015fifler"},"content":{"rendered":"<p>Latin Amerika&#8217;n\u0131n g\u00fcney burnundaki bug\u00fcn kendi ad\u0131yla an\u0131lan Magel-lan Bo\u011faz\u0131n\u0131 ilk bulan \u00fcnl\u00fc Portekizli gemici. D\u00fcnyan\u0131n yuvarlak oldu\u011funu ispat etmek i\u00e7in yola \u00e7\u0131km\u0131\u015f ve B\u00fcy\u00fck Okyanusun varl\u0131\u011f\u0131n\u0131 ortaya \u00e7\u0131karm\u0131\u015ft\u0131r. Hep bat\u0131 istikametinde yol al\u0131nmas\u0131 h\u00e2linde do\u011fu \u00fclkelerine ula\u015f\u0131labilece\u011fini savunmu\u015f ve bu u\u011furda can\u0131ndan olrm lerce \u00f6ld\u00fcr\u00fclm\u00fc\u015ft\u00fcr. 1519 y\u0131l\u0131nda 5 k\u00fc\u00e7\u00fck tekne ve 270 m\u00fcrettebat ile yola \u00e7\u0131kan Magellan ve arkada\u015flanndan sadece 18 ki\u015fi 6 Eyl\u00fcl 1522 y\u0131l\u0131nda \u0130spanya&#8217;ya d\u00f6- nebilmi\u015ftir. Hik\u00e2yesi, bu seyahate e\u015flik eden Antonio Piga-fetta&#8217;n\u0131n an\u0131lat yazmas\u0131 sayesinde g\u00fcn\u00fcm\u00fcze t\u0131r. Bu kitap Magellan&#8217;\u0131n macera dolu yahatine k\u00fc\u00e7\u00fck bir pencere a\u00e7\u0131yor.<\/p>\n","protected":false},"excerpt":{"rendered":"<p>Latin Amerika&#8217;n\u0131n g\u00fcney burnundaki bug\u00fcn kendi ad\u0131yla an\u0131lan Magel-lan Bo\u011faz\u0131n\u0131 ilk bulan \u00fcnl\u00fc Portekizli gemici. D\u00fcnyan\u0131n yuvarlak oldu\u011funu ispat etmek i\u00e7in yola \u00e7\u0131km\u0131\u015f ve B\u00fcy\u00fck Okyanusun<span class=\"excerpt-hellip\"> [\u2026]<\/span><\/p>\n","protected":false},"featured_media":0,"template":"","meta":{"_monsterinsights_skip_tracking":false,"_monsterinsights_sitenote_active":false,"_monsterinsights_sitenote_note":"","_monsterinsights_sitenote_category":0},"product_brand":[],"product_cat":[13005,13006],"product_tag":[],"class_list":{"0":"post-748076","1":"product","2":"type-product","3":"status-publish","5":"product_cat-bilim-muhendislik","6":"product_cat-populer-bilim","7":"pa_cilt-ciltsiz","8":"pa_tur-kitap","9":"pa_yayinevi-teleskop-populer-bilim","10":"pa_yazar-muzaffer-tasyurek","12":"first","13":"instock","14":"sale","15":"shipping-taxable","16":"purchasable","17":"product-type-simple"},"_links":{"self":[{"href":"https:\/\/roveyayinevi.com.tr\/index.php\/wp-json\/wp\/v2\/product\/748076","targetHints":{"allow":["GET"]}}],"collection":[{"href":"https:\/\/roveyayinevi.com.tr\/index.php\/wp-json\/wp\/v2\/product"}],"about":[{"href":"https:\/\/roveyayinevi.com.tr\/index.php\/wp-json\/wp\/v2\/types\/product"}],"wp:attachment":[{"href":"https:\/\/roveyayinevi.com.tr\/index.php\/wp-json\/wp\/v2\/media?parent=748076"}],"wp:term":[{"taxonomy":"product_brand","embeddable":true,"href":"https:\/\/roveyayinevi.com.tr\/index.php\/wp-json\/wp\/v2\/product_brand?post=748076"},{"taxonomy":"product_cat","embeddable":true,"href":"https:\/\/roveyayinevi.com.tr\/index.php\/wp-json\/wp\/v2\/product_cat?post=748076"},{"taxonomy":"product_tag","embeddable":true,"href":"https:\/\/roveyayinevi.com.tr\/index.php\/wp-json\/wp\/v2\/product_tag?post=748076"}],"curies":[{"name":"wp","href":"https:\/\/api.w.org\/{rel}","templated":true}]}}