{"id":748074,"date":"2025-08-28T03:21:56","date_gmt":"2025-08-28T00:21:56","guid":{"rendered":"https:\/\/roveyayinevi.com.tr\/index.php\/urun\/kutup-kasifleri-kasifler\/"},"modified":"2026-04-16T03:00:59","modified_gmt":"2026-04-16T00:00:59","slug":"kutup-kasifleri-kasifler","status":"publish","type":"product","link":"https:\/\/roveyayinevi.com.tr\/index.php\/urun\/kutup-kasifleri-kasifler\/","title":{"rendered":"Kutup Ka\u015fifleri &#8211; Ka\u015fifler"},"content":{"rendered":"<p>T\u00fcm ke\u015fif yerleri i\u00e7inde en \u00f6zel olanlar ku\u015fkusuz kutuplara yap\u0131lan yolculuklard\u0131r. Kutup dairelerinin \u00f6tesinde kalan b\u00f6lgelerde milyonlarca kilometrekare yer tutan denizlerin, \u00fczerleri kal\u0131n \u00f6rt\u00fc buzullanyla kapl\u0131 karalar\u0131n, yery\u00fcz\u00fcn\u00fcn en a\u011f\u0131r do\u011fa \u015fartlar\u0131n\u0131n h\u00fck\u00fcm s\u00fcrd\u00fc\u011f\u00fc kuzey u\u00e7 Ark-tika ve g\u00fcney u\u00e7 Antarktika&#8217;n\u0131n tan\u0131nmas\u0131, co\u011frafi ke\u015fifler hinde en b\u00fcy\u00fck g\u00fc\u00e7l\u00fcklerl\u0131 ve en ge\u00e7 ba\u015far\u0131lan i\u015flerden dir. Willem Barents, James Cook, Roald Amundsen, John Davis, Thoman Buthon ve Fridtjof Nan-sen gibi isimler beyaz k\u0131tay\u0131 ad\u0131m ad\u0131m ke\u015ffeden ve hayatlann\u0131 bu yolda veren isimler. Elinizde ki kitaplar\u0131n onlann hat\u0131ras\u0131na \u0131\u015f\u0131k tutmak i\u00e7in haz\u0131rland\u0131.<\/p>\n","protected":false},"excerpt":{"rendered":"<p>T\u00fcm ke\u015fif yerleri i\u00e7inde en \u00f6zel olanlar ku\u015fkusuz kutuplara yap\u0131lan yolculuklard\u0131r. Kutup dairelerinin \u00f6tesinde kalan b\u00f6lgelerde milyonlarca kilometrekare yer tutan denizlerin, \u00fczerleri kal\u0131n \u00f6rt\u00fc buzullanyla kapl\u0131<span class=\"excerpt-hellip\"> [\u2026]<\/span><\/p>\n","protected":false},"featured_media":0,"template":"","meta":{"_monsterinsights_skip_tracking":false,"_monsterinsights_sitenote_active":false,"_monsterinsights_sitenote_note":"","_monsterinsights_sitenote_category":0},"product_brand":[],"product_cat":[13005,13006],"product_tag":[],"class_list":{"0":"post-748074","1":"product","2":"type-product","3":"status-publish","5":"product_cat-bilim-muhendislik","6":"product_cat-populer-bilim","7":"pa_cilt-ciltsiz","8":"pa_tur-kitap","9":"pa_yayinevi-teleskop-populer-bilim","10":"pa_yazar-muzaffer-tasyurek","12":"first","13":"instock","14":"sale","15":"shipping-taxable","16":"purchasable","17":"product-type-simple"},"_links":{"self":[{"href":"https:\/\/roveyayinevi.com.tr\/index.php\/wp-json\/wp\/v2\/product\/748074","targetHints":{"allow":["GET"]}}],"collection":[{"href":"https:\/\/roveyayinevi.com.tr\/index.php\/wp-json\/wp\/v2\/product"}],"about":[{"href":"https:\/\/roveyayinevi.com.tr\/index.php\/wp-json\/wp\/v2\/types\/product"}],"wp:attachment":[{"href":"https:\/\/roveyayinevi.com.tr\/index.php\/wp-json\/wp\/v2\/media?parent=748074"}],"wp:term":[{"taxonomy":"product_brand","embeddable":true,"href":"https:\/\/roveyayinevi.com.tr\/index.php\/wp-json\/wp\/v2\/product_brand?post=748074"},{"taxonomy":"product_cat","embeddable":true,"href":"https:\/\/roveyayinevi.com.tr\/index.php\/wp-json\/wp\/v2\/product_cat?post=748074"},{"taxonomy":"product_tag","embeddable":true,"href":"https:\/\/roveyayinevi.com.tr\/index.php\/wp-json\/wp\/v2\/product_tag?post=748074"}],"curies":[{"name":"wp","href":"https:\/\/api.w.org\/{rel}","templated":true}]}}