{"id":748071,"date":"2025-08-28T03:21:54","date_gmt":"2025-08-28T00:21:54","guid":{"rendered":"https:\/\/roveyayinevi.com.tr\/index.php\/urun\/guney-amerika-kasifleri-kasifler\/"},"modified":"2025-11-21T08:52:27","modified_gmt":"2025-11-21T05:52:27","slug":"guney-amerika-kasifleri-kasifler","status":"publish","type":"product","link":"https:\/\/roveyayinevi.com.tr\/index.php\/urun\/guney-amerika-kasifleri-kasifler\/","title":{"rendered":"G\u00fcney Amerika Ka\u015fifleri &#8211; Ka\u015fifler"},"content":{"rendered":"<p>G\u00fcney Amerika ne zaman ke\u015ffedildi? Beyaz adam(Avn\u0131pal\u0131lar) gelmeden \u00f6nce bu topraklarda hangi medeniyet bulunuyordu? G\u00fcney Amerika&#8217;y\u0131 yeniden ke\u015ffetmeye, Portekiz ve \u0130spanyol k\u00e2\u015fiflerin yolculuklann\u0131 yeniden ya\u015famaya ne dersiniz? Bu kitap; Avrupa krallar\u0131n\u0131 zengin etmek i\u00e7in G\u00fcney Amerika&#8217;ya yapt\u0131klan seferlerin ve ele ge\u00e7irilen servetin okyanusun \u00f6tesine, ta\u015f\u0131nmas\u0131, mazlum insanlar\u0131n an\u0131n\u0131 alan, mallanna el koyan, can-lanna kast eden macerac\u0131 k\u00e2\u015fifler Cortez, Hojeda. Balboa, Pizar-ro ve daha bir\u00e7oklar\u0131n\u0131n hangi ac\u0131lar i\u00e7inde \u00f6ld\u00fcklerinin hik\u00e2yesidir.<\/p>\n","protected":false},"excerpt":{"rendered":"<p>G\u00fcney Amerika ne zaman ke\u015ffedildi? Beyaz adam(Avn\u0131pal\u0131lar) gelmeden \u00f6nce bu topraklarda hangi medeniyet bulunuyordu? G\u00fcney Amerika&#8217;y\u0131 yeniden ke\u015ffetmeye, Portekiz ve \u0130spanyol k\u00e2\u015fiflerin yolculuklann\u0131 yeniden ya\u015famaya ne<span class=\"excerpt-hellip\"> [\u2026]<\/span><\/p>\n","protected":false},"featured_media":0,"template":"","meta":{"_monsterinsights_skip_tracking":false,"_monsterinsights_sitenote_active":false,"_monsterinsights_sitenote_note":"","_monsterinsights_sitenote_category":0},"product_brand":[],"product_cat":[13005,13006],"product_tag":[],"class_list":{"0":"post-748071","1":"product","2":"type-product","3":"status-publish","5":"product_cat-bilim-muhendislik","6":"product_cat-populer-bilim","7":"pa_cilt-ciltsiz","8":"pa_tur-kitap","9":"pa_yayinevi-teleskop-populer-bilim","10":"pa_yazar-muzaffer-tasyurek","12":"first","13":"instock","14":"sale","15":"shipping-taxable","16":"purchasable","17":"product-type-simple"},"_links":{"self":[{"href":"https:\/\/roveyayinevi.com.tr\/index.php\/wp-json\/wp\/v2\/product\/748071","targetHints":{"allow":["GET"]}}],"collection":[{"href":"https:\/\/roveyayinevi.com.tr\/index.php\/wp-json\/wp\/v2\/product"}],"about":[{"href":"https:\/\/roveyayinevi.com.tr\/index.php\/wp-json\/wp\/v2\/types\/product"}],"wp:attachment":[{"href":"https:\/\/roveyayinevi.com.tr\/index.php\/wp-json\/wp\/v2\/media?parent=748071"}],"wp:term":[{"taxonomy":"product_brand","embeddable":true,"href":"https:\/\/roveyayinevi.com.tr\/index.php\/wp-json\/wp\/v2\/product_brand?post=748071"},{"taxonomy":"product_cat","embeddable":true,"href":"https:\/\/roveyayinevi.com.tr\/index.php\/wp-json\/wp\/v2\/product_cat?post=748071"},{"taxonomy":"product_tag","embeddable":true,"href":"https:\/\/roveyayinevi.com.tr\/index.php\/wp-json\/wp\/v2\/product_tag?post=748071"}],"curies":[{"name":"wp","href":"https:\/\/api.w.org\/{rel}","templated":true}]}}