{"id":748070,"date":"2025-08-28T03:21:53","date_gmt":"2025-08-28T00:21:53","guid":{"rendered":"https:\/\/roveyayinevi.com.tr\/index.php\/urun\/avustralyanin-kesfi-kasifler\/"},"modified":"2026-04-16T03:00:44","modified_gmt":"2026-04-16T00:00:44","slug":"avustralyanin-kesfi-kasifler","status":"publish","type":"product","link":"https:\/\/roveyayinevi.com.tr\/index.php\/urun\/avustralyanin-kesfi-kasifler\/","title":{"rendered":"Avustralya&#8217;n\u0131n Ke\u015ffi &#8211; Ka\u015fifler"},"content":{"rendered":"<p>Okyanusya, B\u00fcy\u00fck Okyanus&#8217;a da\u011f\u0131lm\u0131\u015f adalar\u0131 i\u00e7ine alan \u00fclkelerden ve Avustralya&#8217;dan olu\u015fan k\u0131tad\u0131r. Asya&#8217;n\u0131n g\u00fcney ve g\u00fcneydo\u011fusunda, Antarktika&#8217;n\u0131n kuzeyinde ve B\u00fcy\u00fck Okyanus ile Hint Okyanusu&#8217;nun aras\u0131nda yer al\u0131r. Avustralya, g\u00fcney yanm k\u00fcrede yer alan bir \u00fclkedir. Hint ve B\u00fcy\u00fck Okyanus aras\u0131nda uzan\u0131r. T\u00fcm bir k\u0131tay\u0131 kaplayan tek \u00fclkedir. Kom\u015fulan Endonezya, Do\u011fu Timor, Papua Yeni Gine, Solomon Adalan, Vanuatu, Yeni Kaledonya ve Yeni Zelanda&#8217;d\u0131r. Ba\u015fkenti Canberra, en b\u00fcy\u00fck \u015fehri Sid-ney&#8217;dir. Toprak bak\u0131m\u0131ndan Rusya, Kanada, \u00c7in, ABD ve Brezilya&#8217;dan sonra 6. en b\u00fcy\u00fck \u00fclkedir. Avustralya, d\u00fcnyan\u0131n en b\u00fcy\u00fck adas\u0131 ve en k\u00fc\u00e7\u00fck k\u0131tas\u0131d\u0131r. Bu kitap Aborjinlerin ve beyaz adam\u0131n Avusturya k\u0131tas\u0131na nas\u0131l sahip oldu\u011funun hazin maceras\u0131n\u0131 okuyacaks\u0131n\u0131z.<\/p>\n","protected":false},"excerpt":{"rendered":"<p>Okyanusya, B\u00fcy\u00fck Okyanus&#8217;a da\u011f\u0131lm\u0131\u015f adalar\u0131 i\u00e7ine alan \u00fclkelerden ve Avustralya&#8217;dan olu\u015fan k\u0131tad\u0131r. Asya&#8217;n\u0131n g\u00fcney ve g\u00fcneydo\u011fusunda, Antarktika&#8217;n\u0131n kuzeyinde ve B\u00fcy\u00fck Okyanus ile Hint Okyanusu&#8217;nun aras\u0131nda yer<span class=\"excerpt-hellip\"> [\u2026]<\/span><\/p>\n","protected":false},"featured_media":0,"template":"","meta":{"_monsterinsights_skip_tracking":false,"_monsterinsights_sitenote_active":false,"_monsterinsights_sitenote_note":"","_monsterinsights_sitenote_category":0},"product_brand":[],"product_cat":[13005,13006],"product_tag":[],"class_list":{"0":"post-748070","1":"product","2":"type-product","3":"status-publish","5":"product_cat-bilim-muhendislik","6":"product_cat-populer-bilim","7":"pa_cilt-ciltsiz","8":"pa_tur-kitap","9":"pa_yayinevi-teleskop-populer-bilim","10":"pa_yazar-muzaffer-tasyurek","12":"first","13":"instock","14":"sale","15":"shipping-taxable","16":"purchasable","17":"product-type-simple"},"_links":{"self":[{"href":"https:\/\/roveyayinevi.com.tr\/index.php\/wp-json\/wp\/v2\/product\/748070","targetHints":{"allow":["GET"]}}],"collection":[{"href":"https:\/\/roveyayinevi.com.tr\/index.php\/wp-json\/wp\/v2\/product"}],"about":[{"href":"https:\/\/roveyayinevi.com.tr\/index.php\/wp-json\/wp\/v2\/types\/product"}],"wp:attachment":[{"href":"https:\/\/roveyayinevi.com.tr\/index.php\/wp-json\/wp\/v2\/media?parent=748070"}],"wp:term":[{"taxonomy":"product_brand","embeddable":true,"href":"https:\/\/roveyayinevi.com.tr\/index.php\/wp-json\/wp\/v2\/product_brand?post=748070"},{"taxonomy":"product_cat","embeddable":true,"href":"https:\/\/roveyayinevi.com.tr\/index.php\/wp-json\/wp\/v2\/product_cat?post=748070"},{"taxonomy":"product_tag","embeddable":true,"href":"https:\/\/roveyayinevi.com.tr\/index.php\/wp-json\/wp\/v2\/product_tag?post=748070"}],"curies":[{"name":"wp","href":"https:\/\/api.w.org\/{rel}","templated":true}]}}