{"id":748069,"date":"2025-08-28T03:21:52","date_gmt":"2025-08-28T00:21:52","guid":{"rendered":"https:\/\/roveyayinevi.com.tr\/index.php\/urun\/afrikanin-kesfi-kasifler\/"},"modified":"2026-04-16T03:00:44","modified_gmt":"2026-04-16T00:00:44","slug":"afrikanin-kesfi-kasifler","status":"publish","type":"product","link":"https:\/\/roveyayinevi.com.tr\/index.php\/urun\/afrikanin-kesfi-kasifler\/","title":{"rendered":"Afrika&#8217;n\u0131n Ke\u015ffi &#8211; Ka\u015fifler"},"content":{"rendered":"<p>Afrika&#8217;da 53 halk ya\u015famaktad\u0131r, \u00fcz\u00fcn y\u0131llar k\u00f6le, de\u011ferli maden, baharat ve palmiye ya\u011f\u0131 ticaretiyle u\u011fra\u015fan Avrupal\u0131lar, Afrika&#8217;n\u0131n i\u00e7 k\u0131s\u0131mlar\u0131na ilgi duymam\u0131\u015f, sadece k\u0131y\u0131 b\u00f6lgelerinde kurduklan \u00fcslerle depo ve \u00e7iftliklere h\u00e2kim olmu\u015flard\u0131. Sonralar\u0131 Hristiyanl\u0131\u011f\u0131 yaymak i\u00e7in ic b\u00f6lgelere ke\u015fif seferleri d\u00fczenlediler. Kilisenin deste\u011fiyle misyonerler, seyyahlar\u0131n arkas\u0131ndan derhal Afrika&#8217;n\u0131n her taraf\u0131na da\u011f\u0131ld\u0131lar. G\u00fcney ve Do\u011fu Afrika Protestan. Orta ve Bat\u0131 Afrika ise Cizvit ve Katolik misyonerlerin faaliyet alan\u0131 h\u00e2line geldi. Bu kitap, y\u00fcz binlerce Afrikal\u0131y\u0131 k\u00f6le-olarak satan, kullanan ve \u00f6ld\u00fcren Avrupal\u0131lar\u0131n, k\u0131tan\u0131n i\u00e7lerine do\u011fru d\u00fczenlediklerrs\u00f6zde din\u00ee veya ilm\u00ee maksatlarla yapt\u0131klari ke\u015fif seferlerinin hik\u00e2yesini anlatmaktad\u0131r.<\/p>\n","protected":false},"excerpt":{"rendered":"<p>Afrika&#8217;da 53 halk ya\u015famaktad\u0131r, \u00fcz\u00fcn y\u0131llar k\u00f6le, de\u011ferli maden, baharat ve palmiye ya\u011f\u0131 ticaretiyle u\u011fra\u015fan Avrupal\u0131lar, Afrika&#8217;n\u0131n i\u00e7 k\u0131s\u0131mlar\u0131na ilgi duymam\u0131\u015f, sadece k\u0131y\u0131 b\u00f6lgelerinde kurduklan \u00fcslerle<span class=\"excerpt-hellip\"> [\u2026]<\/span><\/p>\n","protected":false},"featured_media":0,"template":"","meta":{"_monsterinsights_skip_tracking":false,"_monsterinsights_sitenote_active":false,"_monsterinsights_sitenote_note":"","_monsterinsights_sitenote_category":0},"product_brand":[],"product_cat":[13005,13006],"product_tag":[],"class_list":{"0":"post-748069","1":"product","2":"type-product","3":"status-publish","5":"product_cat-bilim-muhendislik","6":"product_cat-populer-bilim","7":"pa_cilt-ciltsiz","8":"pa_tur-kitap","9":"pa_yayinevi-teleskop-populer-bilim","10":"pa_yazar-muzaffer-tasyurek","12":"first","13":"instock","14":"sale","15":"shipping-taxable","16":"purchasable","17":"product-type-simple"},"_links":{"self":[{"href":"https:\/\/roveyayinevi.com.tr\/index.php\/wp-json\/wp\/v2\/product\/748069","targetHints":{"allow":["GET"]}}],"collection":[{"href":"https:\/\/roveyayinevi.com.tr\/index.php\/wp-json\/wp\/v2\/product"}],"about":[{"href":"https:\/\/roveyayinevi.com.tr\/index.php\/wp-json\/wp\/v2\/types\/product"}],"wp:attachment":[{"href":"https:\/\/roveyayinevi.com.tr\/index.php\/wp-json\/wp\/v2\/media?parent=748069"}],"wp:term":[{"taxonomy":"product_brand","embeddable":true,"href":"https:\/\/roveyayinevi.com.tr\/index.php\/wp-json\/wp\/v2\/product_brand?post=748069"},{"taxonomy":"product_cat","embeddable":true,"href":"https:\/\/roveyayinevi.com.tr\/index.php\/wp-json\/wp\/v2\/product_cat?post=748069"},{"taxonomy":"product_tag","embeddable":true,"href":"https:\/\/roveyayinevi.com.tr\/index.php\/wp-json\/wp\/v2\/product_tag?post=748069"}],"curies":[{"name":"wp","href":"https:\/\/api.w.org\/{rel}","templated":true}]}}