{"id":748068,"date":"2025-08-28T03:21:51","date_gmt":"2025-08-28T00:21:51","guid":{"rendered":"https:\/\/roveyayinevi.com.tr\/index.php\/urun\/amerigo-vespucci-kasifler\/"},"modified":"2026-04-16T03:00:44","modified_gmt":"2026-04-16T00:00:44","slug":"amerigo-vespucci-kasifler","status":"publish","type":"product","link":"https:\/\/roveyayinevi.com.tr\/index.php\/urun\/amerigo-vespucci-kasifler\/","title":{"rendered":"Amerigo Vespucci &#8211; Ka\u015fifler"},"content":{"rendered":"<p>Amerigo Vespucci denildi\u011finde ku\u015fkusuz herkesin akl\u0131na Amerika&#8217;n\u0131n ke\u015ffi geliyor. Kristof Kolomb ile tan\u0131\u015fmas\u0131 sonras\u0131 G\u00fcney Amerika k\u0131tas\u0131n\u0131 ke\u015ffetti, buran\u0131n Asya ile ilgisinin olmad\u0131\u011f\u0131n\u0131 ortaya koydu. Vespucci 1497 ve 1504 y\u0131llan aras\u0131nda d\u00f6rt deniz yolculu\u011fu yapt\u0131. Fakat bunlardan ancak ikisi d\u00f6nemin denizcileri ve tarih\u00e7ileri taraf\u0131ndan kan\u0131tlanabildi. Halen baz\u0131 tarih\u00e7iler Vespucci&#8217;nin kendi rol\u00fcn\u00fc abartt\u0131\u011f\u0131n\u0131 ve kas\u0131tl\u0131 olarak sahte kan\u0131tlar \u00fcretti\u011fini savunurlar. Brezilya k\u0131y\u0131lanna \u00e7\u0131kan Vespucci, buran\u0131n farkl\u0131 bir k\u0131ta oldu\u011funu ispatlayarak Avrupa&#8217;y\u0131 sarst\u0131. Bu kitap, insanlara yeni ufuklar a\u00e7an s\u0131ra d\u0131\u015f\u0131 bir denizcinin renkli hik\u00e2yesidir.<\/p>\n","protected":false},"excerpt":{"rendered":"<p>Amerigo Vespucci denildi\u011finde ku\u015fkusuz herkesin akl\u0131na Amerika&#8217;n\u0131n ke\u015ffi geliyor. Kristof Kolomb ile tan\u0131\u015fmas\u0131 sonras\u0131 G\u00fcney Amerika k\u0131tas\u0131n\u0131 ke\u015ffetti, buran\u0131n Asya ile ilgisinin olmad\u0131\u011f\u0131n\u0131 ortaya koydu. Vespucci<span class=\"excerpt-hellip\"> [\u2026]<\/span><\/p>\n","protected":false},"featured_media":0,"template":"","meta":{"_monsterinsights_skip_tracking":false,"_monsterinsights_sitenote_active":false,"_monsterinsights_sitenote_note":"","_monsterinsights_sitenote_category":0},"product_brand":[],"product_cat":[13005,13006],"product_tag":[],"class_list":{"0":"post-748068","1":"product","2":"type-product","3":"status-publish","5":"product_cat-bilim-muhendislik","6":"product_cat-populer-bilim","7":"pa_cilt-ciltsiz","8":"pa_tur-kitap","9":"pa_yayinevi-teleskop-populer-bilim","10":"pa_yazar-muzaffer-tasyurek","12":"first","13":"instock","14":"sale","15":"shipping-taxable","16":"purchasable","17":"product-type-simple"},"_links":{"self":[{"href":"https:\/\/roveyayinevi.com.tr\/index.php\/wp-json\/wp\/v2\/product\/748068","targetHints":{"allow":["GET"]}}],"collection":[{"href":"https:\/\/roveyayinevi.com.tr\/index.php\/wp-json\/wp\/v2\/product"}],"about":[{"href":"https:\/\/roveyayinevi.com.tr\/index.php\/wp-json\/wp\/v2\/types\/product"}],"wp:attachment":[{"href":"https:\/\/roveyayinevi.com.tr\/index.php\/wp-json\/wp\/v2\/media?parent=748068"}],"wp:term":[{"taxonomy":"product_brand","embeddable":true,"href":"https:\/\/roveyayinevi.com.tr\/index.php\/wp-json\/wp\/v2\/product_brand?post=748068"},{"taxonomy":"product_cat","embeddable":true,"href":"https:\/\/roveyayinevi.com.tr\/index.php\/wp-json\/wp\/v2\/product_cat?post=748068"},{"taxonomy":"product_tag","embeddable":true,"href":"https:\/\/roveyayinevi.com.tr\/index.php\/wp-json\/wp\/v2\/product_tag?post=748068"}],"curies":[{"name":"wp","href":"https:\/\/api.w.org\/{rel}","templated":true}]}}