{"id":748064,"date":"2025-08-28T03:21:45","date_gmt":"2025-08-28T00:21:45","guid":{"rendered":"https:\/\/roveyayinevi.com.tr\/index.php\/urun\/sudoku-5x5-mavi-kitap\/"},"modified":"2026-04-16T03:00:44","modified_gmt":"2026-04-16T00:00:44","slug":"sudoku-5x5-mavi-kitap","status":"publish","type":"product","link":"https:\/\/roveyayinevi.com.tr\/index.php\/urun\/sudoku-5x5-mavi-kitap\/","title":{"rendered":"Sudoku 5X5 Mavi Kitap"},"content":{"rendered":"<p>Renkli \u00e7izimler ve \u00e7\u0131kartmalar ile sudoku bulmacalar\u0131 \u00e7\u00f6zme zaman\u0131. Bu kitaplar\u0131 okuyan her \u00e7ocuk, 10 sudoku bulmacas\u0131 ile sudoku d\u00fcnyas\u0131na zevkle ve kolayl\u0131kla girebilir.<\/p>\n","protected":false},"excerpt":{"rendered":"<p>Renkli \u00e7izimler ve \u00e7\u0131kartmalar ile sudoku bulmacalar\u0131 \u00e7\u00f6zme zaman\u0131. Bu kitaplar\u0131 okuyan her \u00e7ocuk, 10 sudoku bulmacas\u0131 ile sudoku d\u00fcnyas\u0131na zevkle ve kolayl\u0131kla girebilir.<\/p>\n","protected":false},"featured_media":0,"template":"","meta":{"_monsterinsights_skip_tracking":false,"_monsterinsights_sitenote_active":false,"_monsterinsights_sitenote_note":"","_monsterinsights_sitenote_category":0},"product_brand":[],"product_cat":[12492,12274],"product_tag":[],"class_list":{"0":"post-748064","1":"product","2":"type-product","3":"status-publish","5":"product_cat-bilmece-bulmaca","6":"product_cat-cocuk-ve-genclik-kitaplari","7":"pa_cilt-ciltsiz","8":"pa_tur-kitap","9":"pa_yayinevi-teleskop-populer-bilim","10":"pa_yazar-kolektif","12":"first","13":"instock","14":"sale","15":"shipping-taxable","16":"purchasable","17":"product-type-simple"},"_links":{"self":[{"href":"https:\/\/roveyayinevi.com.tr\/index.php\/wp-json\/wp\/v2\/product\/748064","targetHints":{"allow":["GET"]}}],"collection":[{"href":"https:\/\/roveyayinevi.com.tr\/index.php\/wp-json\/wp\/v2\/product"}],"about":[{"href":"https:\/\/roveyayinevi.com.tr\/index.php\/wp-json\/wp\/v2\/types\/product"}],"wp:attachment":[{"href":"https:\/\/roveyayinevi.com.tr\/index.php\/wp-json\/wp\/v2\/media?parent=748064"}],"wp:term":[{"taxonomy":"product_brand","embeddable":true,"href":"https:\/\/roveyayinevi.com.tr\/index.php\/wp-json\/wp\/v2\/product_brand?post=748064"},{"taxonomy":"product_cat","embeddable":true,"href":"https:\/\/roveyayinevi.com.tr\/index.php\/wp-json\/wp\/v2\/product_cat?post=748064"},{"taxonomy":"product_tag","embeddable":true,"href":"https:\/\/roveyayinevi.com.tr\/index.php\/wp-json\/wp\/v2\/product_tag?post=748064"}],"curies":[{"name":"wp","href":"https:\/\/api.w.org\/{rel}","templated":true}]}}