{"id":748060,"date":"2025-08-28T03:21:40","date_gmt":"2025-08-28T00:21:40","guid":{"rendered":"https:\/\/roveyayinevi.com.tr\/index.php\/urun\/ayaklarimiz-neden-kokar-neden-serisi\/"},"modified":"2026-04-16T03:00:44","modified_gmt":"2026-04-16T00:00:44","slug":"ayaklarimiz-neden-kokar-neden-serisi","status":"publish","type":"product","link":"https:\/\/roveyayinevi.com.tr\/index.php\/urun\/ayaklarimiz-neden-kokar-neden-serisi\/","title":{"rendered":"Ayaklar\u0131m\u0131z Neden Kokar? &#8211; Neden Serisi"},"content":{"rendered":"<p>Ayaklar\u0131m\u0131z Neden Kokar? Haydi gel, \u0130nsan v\u00fccudunu birlikte ke\u015ffe \u00e7\u0131k\u0131p onun ne kadar muhte\u015fem b\u00eer yarat\u0131l\u0131\u015f\u0131 oldu\u011funu \u00f6\u011frenmenin keyf\u00eene varal\u0131m!<\/p>\n","protected":false},"excerpt":{"rendered":"<p>Ayaklar\u0131m\u0131z Neden Kokar? Haydi gel, \u0130nsan v\u00fccudunu birlikte ke\u015ffe \u00e7\u0131k\u0131p onun ne kadar muhte\u015fem b\u00eer yarat\u0131l\u0131\u015f\u0131 oldu\u011funu \u00f6\u011frenmenin keyf\u00eene varal\u0131m!<\/p>\n","protected":false},"featured_media":0,"template":"","meta":{"_monsterinsights_skip_tracking":false,"_monsterinsights_sitenote_active":false,"_monsterinsights_sitenote_note":"","_monsterinsights_sitenote_category":0},"product_brand":[],"product_cat":[12274,12284],"product_tag":[],"class_list":{"0":"post-748060","1":"product","2":"type-product","3":"status-publish","5":"product_cat-cocuk-ve-genclik-kitaplari","6":"product_cat-hikayeler","7":"pa_cilt-ciltsiz","8":"pa_tur-kitap","9":"pa_yayinevi-teleskop-populer-bilim","10":"pa_yazar-jennifer-shand","12":"first","13":"instock","14":"sale","15":"shipping-taxable","16":"purchasable","17":"product-type-simple"},"_links":{"self":[{"href":"https:\/\/roveyayinevi.com.tr\/index.php\/wp-json\/wp\/v2\/product\/748060","targetHints":{"allow":["GET"]}}],"collection":[{"href":"https:\/\/roveyayinevi.com.tr\/index.php\/wp-json\/wp\/v2\/product"}],"about":[{"href":"https:\/\/roveyayinevi.com.tr\/index.php\/wp-json\/wp\/v2\/types\/product"}],"wp:attachment":[{"href":"https:\/\/roveyayinevi.com.tr\/index.php\/wp-json\/wp\/v2\/media?parent=748060"}],"wp:term":[{"taxonomy":"product_brand","embeddable":true,"href":"https:\/\/roveyayinevi.com.tr\/index.php\/wp-json\/wp\/v2\/product_brand?post=748060"},{"taxonomy":"product_cat","embeddable":true,"href":"https:\/\/roveyayinevi.com.tr\/index.php\/wp-json\/wp\/v2\/product_cat?post=748060"},{"taxonomy":"product_tag","embeddable":true,"href":"https:\/\/roveyayinevi.com.tr\/index.php\/wp-json\/wp\/v2\/product_tag?post=748060"}],"curies":[{"name":"wp","href":"https:\/\/api.w.org\/{rel}","templated":true}]}}