{"id":748047,"date":"2025-08-28T03:21:21","date_gmt":"2025-08-28T00:21:21","guid":{"rendered":"https:\/\/roveyayinevi.com.tr\/index.php\/urun\/kirsal-bolgeler-doganin-gorkemli-gosterisi-ciltli\/"},"modified":"2026-04-16T03:00:43","modified_gmt":"2026-04-16T00:00:43","slug":"kirsal-bolgeler-doganin-gorkemli-gosterisi-ciltli","status":"publish","type":"product","link":"https:\/\/roveyayinevi.com.tr\/index.php\/urun\/kirsal-bolgeler-doganin-gorkemli-gosterisi-ciltli\/","title":{"rendered":"K\u0131rsal B\u00f6lgeler &#8211; Do\u011fan\u0131n G\u00f6rkemli G\u00f6sterisi (Ciltli)"},"content":{"rendered":"<p>Gelincik nas\u0131l yeti\u015fir, salyangoz ne yer, tilki nerede uyur, iriba\u015f nas\u0131l kurba\u011faya d\u00f6n\u00fc\u015f\u00fcr, kelebekler nereden gelir?&#8230;Bu kitaptaki \u015fahane \u00e7izimler, katlan\u0131r sayfalardaki g\u00f6rsel bilmeceler ve b\u00fcy\u00fck \u00f6l\u00e7ekli anlat\u0131mlar sayesinde k\u0131rsal b\u00f6lgelerdeki hayvan ve bitki hayat\u0131na dair k\u0131sa ve do\u011fru bilgiler edineceksiniz. Hayrete d\u00fc\u015fecek ve \u00e7ok \u015fey \u00f6\u011freneceksiniz!<\/p>\n","protected":false},"excerpt":{"rendered":"<p>Gelincik nas\u0131l yeti\u015fir, salyangoz ne yer, tilki nerede uyur, iriba\u015f nas\u0131l kurba\u011faya d\u00f6n\u00fc\u015f\u00fcr, kelebekler nereden gelir?&#8230;Bu kitaptaki \u015fahane \u00e7izimler, katlan\u0131r sayfalardaki g\u00f6rsel bilmeceler ve b\u00fcy\u00fck \u00f6l\u00e7ekli<span class=\"excerpt-hellip\"> [\u2026]<\/span><\/p>\n","protected":false},"featured_media":0,"template":"","meta":{"_monsterinsights_skip_tracking":false,"_monsterinsights_sitenote_active":false,"_monsterinsights_sitenote_note":"","_monsterinsights_sitenote_category":0},"product_brand":[],"product_cat":[12492,12274],"product_tag":[],"class_list":{"0":"post-748047","1":"product","2":"type-product","3":"status-publish","5":"product_cat-bilmece-bulmaca","6":"product_cat-cocuk-ve-genclik-kitaplari","7":"pa_cilt-ciltli","8":"pa_tur-kitap","9":"pa_yayinevi-teleskop-populer-bilim","10":"pa_yazar-v-aladjidi","12":"first","13":"instock","14":"sale","15":"shipping-taxable","16":"purchasable","17":"product-type-simple"},"_links":{"self":[{"href":"https:\/\/roveyayinevi.com.tr\/index.php\/wp-json\/wp\/v2\/product\/748047","targetHints":{"allow":["GET"]}}],"collection":[{"href":"https:\/\/roveyayinevi.com.tr\/index.php\/wp-json\/wp\/v2\/product"}],"about":[{"href":"https:\/\/roveyayinevi.com.tr\/index.php\/wp-json\/wp\/v2\/types\/product"}],"wp:attachment":[{"href":"https:\/\/roveyayinevi.com.tr\/index.php\/wp-json\/wp\/v2\/media?parent=748047"}],"wp:term":[{"taxonomy":"product_brand","embeddable":true,"href":"https:\/\/roveyayinevi.com.tr\/index.php\/wp-json\/wp\/v2\/product_brand?post=748047"},{"taxonomy":"product_cat","embeddable":true,"href":"https:\/\/roveyayinevi.com.tr\/index.php\/wp-json\/wp\/v2\/product_cat?post=748047"},{"taxonomy":"product_tag","embeddable":true,"href":"https:\/\/roveyayinevi.com.tr\/index.php\/wp-json\/wp\/v2\/product_tag?post=748047"}],"curies":[{"name":"wp","href":"https:\/\/api.w.org\/{rel}","templated":true}]}}