{"id":748046,"date":"2025-08-28T03:21:19","date_gmt":"2025-08-28T00:21:19","guid":{"rendered":"https:\/\/roveyayinevi.com.tr\/index.php\/urun\/doga-rekorlari-doganin-gorkemli-gosterisi-ciltli\/"},"modified":"2026-04-16T03:00:43","modified_gmt":"2026-04-16T00:00:43","slug":"doga-rekorlari-doganin-gorkemli-gosterisi-ciltli","status":"publish","type":"product","link":"https:\/\/roveyayinevi.com.tr\/index.php\/urun\/doga-rekorlari-doganin-gorkemli-gosterisi-ciltli\/","title":{"rendered":"Do\u011fa Rekorlar\u0131 &#8211; Do\u011fan\u0131n G\u00f6rkemli G\u00f6sterisi (Ciltli)"},"content":{"rendered":"<p>Her zaman \u015fa\u015f\u0131rt\u0131c\u0131 olan do\u011faya hayranl\u0131k duyan merakl\u0131 k\u00fc\u00e7\u00fckler ve b\u00fcy\u00fck i\u00e7in rekorlar kitab\u0131.<\/p>\n","protected":false},"excerpt":{"rendered":"<p>Her zaman \u015fa\u015f\u0131rt\u0131c\u0131 olan do\u011faya hayranl\u0131k duyan merakl\u0131 k\u00fc\u00e7\u00fckler ve b\u00fcy\u00fck i\u00e7in rekorlar kitab\u0131.<\/p>\n","protected":false},"featured_media":0,"template":"","meta":{"_monsterinsights_skip_tracking":false,"_monsterinsights_sitenote_active":false,"_monsterinsights_sitenote_note":"","_monsterinsights_sitenote_category":0},"product_brand":[],"product_cat":[12274,24599],"product_tag":[],"class_list":{"0":"post-748046","1":"product","2":"type-product","3":"status-publish","5":"product_cat-cocuk-ve-genclik-kitaplari","6":"product_cat-zeka-gelisimi","7":"pa_cilt-ciltli","8":"pa_tur-kitap","9":"pa_yayinevi-teleskop-populer-bilim","10":"pa_yazar-kolektif","12":"first","13":"instock","14":"sale","15":"shipping-taxable","16":"purchasable","17":"product-type-simple"},"_links":{"self":[{"href":"https:\/\/roveyayinevi.com.tr\/index.php\/wp-json\/wp\/v2\/product\/748046","targetHints":{"allow":["GET"]}}],"collection":[{"href":"https:\/\/roveyayinevi.com.tr\/index.php\/wp-json\/wp\/v2\/product"}],"about":[{"href":"https:\/\/roveyayinevi.com.tr\/index.php\/wp-json\/wp\/v2\/types\/product"}],"wp:attachment":[{"href":"https:\/\/roveyayinevi.com.tr\/index.php\/wp-json\/wp\/v2\/media?parent=748046"}],"wp:term":[{"taxonomy":"product_brand","embeddable":true,"href":"https:\/\/roveyayinevi.com.tr\/index.php\/wp-json\/wp\/v2\/product_brand?post=748046"},{"taxonomy":"product_cat","embeddable":true,"href":"https:\/\/roveyayinevi.com.tr\/index.php\/wp-json\/wp\/v2\/product_cat?post=748046"},{"taxonomy":"product_tag","embeddable":true,"href":"https:\/\/roveyayinevi.com.tr\/index.php\/wp-json\/wp\/v2\/product_tag?post=748046"}],"curies":[{"name":"wp","href":"https:\/\/api.w.org\/{rel}","templated":true}]}}