{"id":748036,"date":"2025-08-28T03:21:06","date_gmt":"2025-08-28T00:21:06","guid":{"rendered":"https:\/\/roveyayinevi.com.tr\/index.php\/urun\/agirliklari-karsilastirmanin-tuhaf-yollari-ne-kadar-agir\/"},"modified":"2026-04-16T03:00:43","modified_gmt":"2026-04-16T00:00:43","slug":"agirliklari-karsilastirmanin-tuhaf-yollari-ne-kadar-agir","status":"publish","type":"product","link":"https:\/\/roveyayinevi.com.tr\/index.php\/urun\/agirliklari-karsilastirmanin-tuhaf-yollari-ne-kadar-agir\/","title":{"rendered":"A\u011f\u0131rl\u0131klar\u0131 Kar\u015f\u0131la\u015ft\u0131rman\u0131n Tuhaf Yollar\u0131 &#8211; Ne Kadar A\u011f\u0131r"},"content":{"rendered":"<p>Bir otob\u00fcs ne kadar a\u011f\u0131rd\u0131r? Ya da bir balina ne kadar a\u011f\u0131rd\u0131r? Kurba\u011falar\u0131 hiz terazide g\u00f6rd\u00fcn m\u00fc?<\/p>\n","protected":false},"excerpt":{"rendered":"<p>Bir otob\u00fcs ne kadar a\u011f\u0131rd\u0131r? Ya da bir balina ne kadar a\u011f\u0131rd\u0131r? Kurba\u011falar\u0131 hiz terazide g\u00f6rd\u00fcn m\u00fc?<\/p>\n","protected":false},"featured_media":0,"template":"","meta":{"_monsterinsights_skip_tracking":false,"_monsterinsights_sitenote_active":false,"_monsterinsights_sitenote_note":"","_monsterinsights_sitenote_category":0},"product_brand":[],"product_cat":[12274,12284],"product_tag":[],"class_list":{"0":"post-748036","1":"product","2":"type-product","3":"status-publish","5":"product_cat-cocuk-ve-genclik-kitaplari","6":"product_cat-hikayeler","7":"pa_cilt-ciltsiz","8":"pa_tur-kitap","9":"pa_yayinevi-teleskop-populer-bilim","10":"pa_yazar-mark-weakland","12":"first","13":"instock","14":"sale","15":"shipping-taxable","16":"purchasable","17":"product-type-simple"},"_links":{"self":[{"href":"https:\/\/roveyayinevi.com.tr\/index.php\/wp-json\/wp\/v2\/product\/748036","targetHints":{"allow":["GET"]}}],"collection":[{"href":"https:\/\/roveyayinevi.com.tr\/index.php\/wp-json\/wp\/v2\/product"}],"about":[{"href":"https:\/\/roveyayinevi.com.tr\/index.php\/wp-json\/wp\/v2\/types\/product"}],"wp:attachment":[{"href":"https:\/\/roveyayinevi.com.tr\/index.php\/wp-json\/wp\/v2\/media?parent=748036"}],"wp:term":[{"taxonomy":"product_brand","embeddable":true,"href":"https:\/\/roveyayinevi.com.tr\/index.php\/wp-json\/wp\/v2\/product_brand?post=748036"},{"taxonomy":"product_cat","embeddable":true,"href":"https:\/\/roveyayinevi.com.tr\/index.php\/wp-json\/wp\/v2\/product_cat?post=748036"},{"taxonomy":"product_tag","embeddable":true,"href":"https:\/\/roveyayinevi.com.tr\/index.php\/wp-json\/wp\/v2\/product_tag?post=748036"}],"curies":[{"name":"wp","href":"https:\/\/api.w.org\/{rel}","templated":true}]}}