{"id":748035,"date":"2025-08-28T03:21:05","date_gmt":"2025-08-28T00:21:05","guid":{"rendered":"https:\/\/roveyayinevi.com.tr\/index.php\/urun\/bulbul-secme-dunya-masallari\/"},"modified":"2026-04-08T03:07:33","modified_gmt":"2026-04-08T00:07:33","slug":"bulbul-secme-dunya-masallari","status":"publish","type":"product","link":"https:\/\/roveyayinevi.com.tr\/index.php\/urun\/bulbul-secme-dunya-masallari\/","title":{"rendered":"B\u00fclb\u00fcl &#8211; Se\u00e7me D\u00fcnya Masallar\u0131"},"content":{"rendered":"<p>Hayallerimizi zihnimizin perdesine aktarmay\u0131 \u00f6\u011frendi\u011fimiz, ruhumuza ve zihnimize ayn\u0131 anda a\u00e7\u0131lan k\u00fc\u00e7\u00fck sihirli kap\u0131lar. \u00c7ocuklar\u0131m\u0131za hayat\u0131 \u00f6\u011freten; iyi-k\u00f6t\u00fc, do\u011fru-yanl\u0131\u015f gibi bir\u00e7ok kavram\u0131nzihinlerindek\u00fc\u00e7\u00fckya\u015flarda k\u00f6kle\u015fmesini, yerle\u015fmesini sa\u011flayan hayali \u00f6\u011fretmenlerimiz, masallar&#8230;Hayata her zaman umutla bakmay\u0131, isteklerimize ula\u015fmak i\u00e7in sab\u0131rl\u0131 olmay\u0131, k\u0131skan\u00e7l\u0131\u011f\u0131n insana verdi\u011fi zararlar\u0131, gereksiz korku ve kayg\u0131n\u0131n insanlar\u0131 ne hale d\u00fc\u015f\u00fcrd\u00fc\u011f\u00fcn\u00fc, dostluklar\u0131n olu\u015fmas\u0131 i\u00e7in kar\u015f\u0131l\u0131kl\u0131 sayg\u0131 ve sevginin, affetmenin, payla\u015f\u0131m\u0131n ne kadar \u00f6nemli oldu\u011funu anlatan \u00f6zde\u015fim kahramanlar\u0131m\u0131zda masallar.Masallar; anne babalar\u0131n g\u00fcnl\u00fck ko\u015fu\u015fturman\u0131n i\u00e7inde \u00e7ocuklara ay\u0131ramad\u0131\u011f\u0131 zamanlar\u0131 \u00e7ocuklara kazand\u0131r\u0131r. Masal okuyan annesinin elini tutan, babas\u0131n\u0131n dizlerine yatan \u00e7ocuklar\u0131n aile ili\u015fkileri g\u00fc\u00e7lenir. G\u00fc\u00e7l\u00fc ba\u011f\u0131 olan aileler i\u00e7in masallarda bulu\u015fmak dile\u011fiyle.<\/p>\n","protected":false},"excerpt":{"rendered":"<p>Hayallerimizi zihnimizin perdesine aktarmay\u0131 \u00f6\u011frendi\u011fimiz, ruhumuza ve zihnimize ayn\u0131 anda a\u00e7\u0131lan k\u00fc\u00e7\u00fck sihirli kap\u0131lar. \u00c7ocuklar\u0131m\u0131za hayat\u0131 \u00f6\u011freten; iyi-k\u00f6t\u00fc, do\u011fru-yanl\u0131\u015f gibi bir\u00e7ok kavram\u0131nzihinlerindek\u00fc\u00e7\u00fckya\u015flarda k\u00f6kle\u015fmesini, yerle\u015fmesini sa\u011flayan hayali<span class=\"excerpt-hellip\"> [\u2026]<\/span><\/p>\n","protected":false},"featured_media":0,"template":"","meta":{"_monsterinsights_skip_tracking":false,"_monsterinsights_sitenote_active":false,"_monsterinsights_sitenote_note":"","_monsterinsights_sitenote_category":0},"product_brand":[],"product_cat":[12274,12284],"product_tag":[],"class_list":{"0":"post-748035","1":"product","2":"type-product","3":"status-publish","5":"product_cat-cocuk-ve-genclik-kitaplari","6":"product_cat-hikayeler","7":"pa_cilt-ciltsiz","8":"pa_tur-kitap","9":"pa_yayinevi-parilti-yayinlari","10":"pa_yazar-kolektif","12":"first","13":"instock","14":"sale","15":"shipping-taxable","16":"purchasable","17":"product-type-simple"},"_links":{"self":[{"href":"https:\/\/roveyayinevi.com.tr\/index.php\/wp-json\/wp\/v2\/product\/748035","targetHints":{"allow":["GET"]}}],"collection":[{"href":"https:\/\/roveyayinevi.com.tr\/index.php\/wp-json\/wp\/v2\/product"}],"about":[{"href":"https:\/\/roveyayinevi.com.tr\/index.php\/wp-json\/wp\/v2\/types\/product"}],"wp:attachment":[{"href":"https:\/\/roveyayinevi.com.tr\/index.php\/wp-json\/wp\/v2\/media?parent=748035"}],"wp:term":[{"taxonomy":"product_brand","embeddable":true,"href":"https:\/\/roveyayinevi.com.tr\/index.php\/wp-json\/wp\/v2\/product_brand?post=748035"},{"taxonomy":"product_cat","embeddable":true,"href":"https:\/\/roveyayinevi.com.tr\/index.php\/wp-json\/wp\/v2\/product_cat?post=748035"},{"taxonomy":"product_tag","embeddable":true,"href":"https:\/\/roveyayinevi.com.tr\/index.php\/wp-json\/wp\/v2\/product_tag?post=748035"}],"curies":[{"name":"wp","href":"https:\/\/api.w.org\/{rel}","templated":true}]}}