{"id":748009,"date":"2025-08-28T03:19:58","date_gmt":"2025-08-28T00:19:58","guid":{"rendered":"https:\/\/roveyayinevi.com.tr\/index.php\/urun\/omer-seyfettin-basini-vermeyen-sehit\/"},"modified":"2025-11-12T08:50:10","modified_gmt":"2025-11-12T05:50:10","slug":"omer-seyfettin-basini-vermeyen-sehit","status":"publish","type":"product","link":"https:\/\/roveyayinevi.com.tr\/index.php\/urun\/omer-seyfettin-basini-vermeyen-sehit\/","title":{"rendered":"\u00d6mer Seyfettin Ba\u015f\u0131n\u0131 Vermeyen \u015eehit"},"content":{"rendered":"<p>\u00d6mer Seyfettin Ba\u015f\u0131n\u0131 Vermeyen \u015eehit<\/p>\n","protected":false},"excerpt":{"rendered":"<p>\u00d6mer Seyfettin Ba\u015f\u0131n\u0131 Vermeyen \u015eehit<\/p>\n","protected":false},"featured_media":0,"template":"","meta":{"_monsterinsights_skip_tracking":false,"_monsterinsights_sitenote_active":false,"_monsterinsights_sitenote_note":"","_monsterinsights_sitenote_category":0},"product_brand":[],"product_cat":[12291,18202],"product_tag":[],"class_list":{"0":"post-748009","1":"product","2":"type-product","3":"status-publish","5":"product_cat-edebiyat","6":"product_cat-hikaye","7":"pa_cilt-ciltsiz","8":"pa_tur-kitap","9":"pa_yayinevi-parilti-yayinlari","10":"pa_yazar-omer-seyfettin","12":"first","13":"instock","14":"sale","15":"shipping-taxable","16":"purchasable","17":"product-type-simple"},"_links":{"self":[{"href":"https:\/\/roveyayinevi.com.tr\/index.php\/wp-json\/wp\/v2\/product\/748009","targetHints":{"allow":["GET"]}}],"collection":[{"href":"https:\/\/roveyayinevi.com.tr\/index.php\/wp-json\/wp\/v2\/product"}],"about":[{"href":"https:\/\/roveyayinevi.com.tr\/index.php\/wp-json\/wp\/v2\/types\/product"}],"wp:attachment":[{"href":"https:\/\/roveyayinevi.com.tr\/index.php\/wp-json\/wp\/v2\/media?parent=748009"}],"wp:term":[{"taxonomy":"product_brand","embeddable":true,"href":"https:\/\/roveyayinevi.com.tr\/index.php\/wp-json\/wp\/v2\/product_brand?post=748009"},{"taxonomy":"product_cat","embeddable":true,"href":"https:\/\/roveyayinevi.com.tr\/index.php\/wp-json\/wp\/v2\/product_cat?post=748009"},{"taxonomy":"product_tag","embeddable":true,"href":"https:\/\/roveyayinevi.com.tr\/index.php\/wp-json\/wp\/v2\/product_tag?post=748009"}],"curies":[{"name":"wp","href":"https:\/\/api.w.org\/{rel}","templated":true}]}}