{"id":748008,"date":"2025-08-28T03:19:58","date_gmt":"2025-08-28T00:19:58","guid":{"rendered":"https:\/\/roveyayinevi.com.tr\/index.php\/urun\/sudoku-ahsap\/"},"modified":"2026-04-16T03:00:42","modified_gmt":"2026-04-16T00:00:42","slug":"sudoku-ahsap","status":"publish","type":"product","link":"https:\/\/roveyayinevi.com.tr\/index.php\/urun\/sudoku-ahsap\/","title":{"rendered":"Sudoku (Ah\u015fap)"},"content":{"rendered":"<p>Sudoku 9&#215;9 &#8211; 3&#215;3 l\u00fck alt b\u00f6lmelerden olu\u015fan ah\u015fap malzemeden \u00fcretilen bir zeka oyunudur. Temel kural oyun alan\u0131 boyunca 3&#215;3 l\u00fck alanda ve 9&#215;9 luk alan boyunca uzanan sat\u0131r ve s\u00fctunlarda 1 den 9 a kadar tekrarl\u0131 bir rakam olmayacak \u015fekilde t\u00fcm alan\u0131 doldurmakt\u0131r. \u00dcr\u00fcn yan\u0131nda i\u015faret olarak konulacak rakamlar\u0131n kitap\u00e7\u0131\u011f\u0131 mevcuttur. Mavi rakamlar standart sudoku ta\u015flar\u0131d\u0131r, turuncu rakamlar i\u015faret olarak oyun alan\u0131na yerle\u015ftirilecek ta\u015flard\u0131r.\u0130\u00e7erik: 1 adet ah\u015fap oyun tablas\u0131, 81 adet say\u0131 pulu, 1 adet kitap\u00e7\u0131k<\/p>\n","protected":false},"excerpt":{"rendered":"<p>Sudoku 9&#215;9 &#8211; 3&#215;3 l\u00fck alt b\u00f6lmelerden olu\u015fan ah\u015fap malzemeden \u00fcretilen bir zeka oyunudur. Temel kural oyun alan\u0131 boyunca 3&#215;3 l\u00fck alanda ve 9&#215;9 luk alan<span class=\"excerpt-hellip\"> [\u2026]<\/span><\/p>\n","protected":false},"featured_media":0,"template":"","meta":{"_monsterinsights_skip_tracking":false,"_monsterinsights_sitenote_active":false,"_monsterinsights_sitenote_note":"","_monsterinsights_sitenote_category":0},"product_brand":[],"product_cat":[28265,15563],"product_tag":[],"class_list":{"0":"post-748008","1":"product","2":"type-product","3":"status-publish","5":"product_cat-diger-hobi","6":"product_cat-hobi","7":"pa_cilt-ciltsiz","8":"pa_tur-kitap20","9":"pa_yayinevi-aklimda-zeka-oyunlari","10":"pa_yazar-kolektif","12":"first","13":"instock","14":"sale","15":"shipping-taxable","16":"purchasable","17":"product-type-simple"},"_links":{"self":[{"href":"https:\/\/roveyayinevi.com.tr\/index.php\/wp-json\/wp\/v2\/product\/748008","targetHints":{"allow":["GET"]}}],"collection":[{"href":"https:\/\/roveyayinevi.com.tr\/index.php\/wp-json\/wp\/v2\/product"}],"about":[{"href":"https:\/\/roveyayinevi.com.tr\/index.php\/wp-json\/wp\/v2\/types\/product"}],"wp:attachment":[{"href":"https:\/\/roveyayinevi.com.tr\/index.php\/wp-json\/wp\/v2\/media?parent=748008"}],"wp:term":[{"taxonomy":"product_brand","embeddable":true,"href":"https:\/\/roveyayinevi.com.tr\/index.php\/wp-json\/wp\/v2\/product_brand?post=748008"},{"taxonomy":"product_cat","embeddable":true,"href":"https:\/\/roveyayinevi.com.tr\/index.php\/wp-json\/wp\/v2\/product_cat?post=748008"},{"taxonomy":"product_tag","embeddable":true,"href":"https:\/\/roveyayinevi.com.tr\/index.php\/wp-json\/wp\/v2\/product_tag?post=748008"}],"curies":[{"name":"wp","href":"https:\/\/api.w.org\/{rel}","templated":true}]}}