{"id":748007,"date":"2025-08-28T03:19:57","date_gmt":"2025-08-28T00:19:57","guid":{"rendered":"https:\/\/roveyayinevi.com.tr\/index.php\/urun\/satranc-ahsap\/"},"modified":"2026-04-16T03:00:42","modified_gmt":"2026-04-16T00:00:42","slug":"satranc-ahsap","status":"publish","type":"product","link":"https:\/\/roveyayinevi.com.tr\/index.php\/urun\/satranc-ahsap\/","title":{"rendered":"Satran\u00e7 (Ah\u015fap)"},"content":{"rendered":"<p>Santra\u00e7 Nas\u0131l Oynan\u0131r?1- Oyuna daima beyaz ta\u015flar ba\u015flar.2- Rakibin ilk s\u0131ras\u0131na kadar gelebilen piyon istedi\u011fi ta\u015f\u0131n \u00f6zelli\u011fini alabilir. Piyonunuzu vezir, kale, at veya fil olarak kullanabilirsiniz. Buna \u201cterfi ettirme\u201d hamlesi deniyor.3- Rok kurallar\u0131; Satran\u00e7ta \u00f6zel harekettir. \u015eah ile kalenin yer de\u011fi\u015ftirmesidir. \u015eah sol taraftaki kaleyle de\u011fi\u015ftirirse uzun rok, sa\u011f taraftaki kaleyle de\u011fi\u015ftirirse k\u00fc\u00e7\u00fck rok ad\u0131n\u0131 al\u0131r. Bu hareketin yap\u0131labilmesi i\u00e7in \u015fah\u0131n tehdit alt\u0131nda olmamas\u0131 veya \u015fah ile kalenin daha \u00f6nce hareket etmemesi gerekiyor.4- \u015eah tehdit alt\u0131nda olmasa bile hareket alan\u0131 bulunmad\u0131\u011f\u0131 durumlarda \u201cpat\u201d olur ve oyun berabere biter.5-Rakibinizin ta\u015f\u0131n\u0131 almak istedi\u011finizde hangi ta\u015f\u0131 oynayacaksan\u0131z hareket ettirip, rakip ta\u015f\u0131n bulundu\u011fu kareye koyuyorsunuz. Rakip ta\u015f\u0131 oyun d\u0131\u015f\u0131na \u00e7\u0131karm\u0131\u015f oluyorsunuz.\u0130\u00e7erik: 1 adet ah\u015fap oyun tablas\u0131, 32 adet satran\u00e7 ta\u015f\u0131<\/p>\n","protected":false},"excerpt":{"rendered":"<p>Santra\u00e7 Nas\u0131l Oynan\u0131r?1- Oyuna daima beyaz ta\u015flar ba\u015flar.2- Rakibin ilk s\u0131ras\u0131na kadar gelebilen piyon istedi\u011fi ta\u015f\u0131n \u00f6zelli\u011fini alabilir. Piyonunuzu vezir, kale, at veya fil olarak kullanabilirsiniz.<span class=\"excerpt-hellip\"> [\u2026]<\/span><\/p>\n","protected":false},"featured_media":0,"template":"","meta":{"_monsterinsights_skip_tracking":false,"_monsterinsights_sitenote_active":false,"_monsterinsights_sitenote_note":"","_monsterinsights_sitenote_category":0},"product_brand":[],"product_cat":[28265,15563],"product_tag":[],"class_list":{"0":"post-748007","1":"product","2":"type-product","3":"status-publish","5":"product_cat-diger-hobi","6":"product_cat-hobi","7":"pa_cilt-ciltsiz","8":"pa_tur-kitap20","9":"pa_yayinevi-aklimda-zeka-oyunlari","10":"pa_yazar-kolektif","12":"first","13":"instock","14":"sale","15":"shipping-taxable","16":"purchasable","17":"product-type-simple"},"_links":{"self":[{"href":"https:\/\/roveyayinevi.com.tr\/index.php\/wp-json\/wp\/v2\/product\/748007","targetHints":{"allow":["GET"]}}],"collection":[{"href":"https:\/\/roveyayinevi.com.tr\/index.php\/wp-json\/wp\/v2\/product"}],"about":[{"href":"https:\/\/roveyayinevi.com.tr\/index.php\/wp-json\/wp\/v2\/types\/product"}],"wp:attachment":[{"href":"https:\/\/roveyayinevi.com.tr\/index.php\/wp-json\/wp\/v2\/media?parent=748007"}],"wp:term":[{"taxonomy":"product_brand","embeddable":true,"href":"https:\/\/roveyayinevi.com.tr\/index.php\/wp-json\/wp\/v2\/product_brand?post=748007"},{"taxonomy":"product_cat","embeddable":true,"href":"https:\/\/roveyayinevi.com.tr\/index.php\/wp-json\/wp\/v2\/product_cat?post=748007"},{"taxonomy":"product_tag","embeddable":true,"href":"https:\/\/roveyayinevi.com.tr\/index.php\/wp-json\/wp\/v2\/product_tag?post=748007"}],"curies":[{"name":"wp","href":"https:\/\/api.w.org\/{rel}","templated":true}]}}