{"id":748005,"date":"2025-08-28T03:19:55","date_gmt":"2025-08-28T00:19:55","guid":{"rendered":"https:\/\/roveyayinevi.com.tr\/index.php\/urun\/renkli-bloklar-ahsap\/"},"modified":"2026-04-16T03:00:42","modified_gmt":"2026-04-16T00:00:42","slug":"renkli-bloklar-ahsap","status":"publish","type":"product","link":"https:\/\/roveyayinevi.com.tr\/index.php\/urun\/renkli-bloklar-ahsap\/","title":{"rendered":"Renkli Bloklar (Ah\u015fap)"},"content":{"rendered":"<p>Renkli Bloklar oyunu 3 ya\u015f ve \u00fcst\u00fc \u00e7ocuklar\u0131n 21 adet renkli ah\u015fap par\u00e7a ile zorluk seviyeleri farkl\u0131 50 g\u00f6rev kart\u0131ndaki \u015fekilleri yapabilecekleri ve bu sayede problem \u00e7\u00f6zme, g\u00f6rsel alg\u0131, uzamsal d\u00fc\u015f\u00fcnme (3 boyutlu cisimleri zihinde canland\u0131rabilme) becerilerini geli\u015ftirebilecekleri e\u011fitici ah\u015fap oyuncakt\u0131r.\u0130\u00e7erik: 21 adet renkli ah\u015fap blok, 50 adet g\u00f6rev kart\u0131.<\/p>\n","protected":false},"excerpt":{"rendered":"<p>Renkli Bloklar oyunu 3 ya\u015f ve \u00fcst\u00fc \u00e7ocuklar\u0131n 21 adet renkli ah\u015fap par\u00e7a ile zorluk seviyeleri farkl\u0131 50 g\u00f6rev kart\u0131ndaki \u015fekilleri yapabilecekleri ve bu sayede problem<span class=\"excerpt-hellip\"> [\u2026]<\/span><\/p>\n","protected":false},"featured_media":0,"template":"","meta":{"_monsterinsights_skip_tracking":false,"_monsterinsights_sitenote_active":false,"_monsterinsights_sitenote_note":"","_monsterinsights_sitenote_category":0},"product_brand":[],"product_cat":[28265,15563],"product_tag":[],"class_list":{"0":"post-748005","1":"product","2":"type-product","3":"status-publish","5":"product_cat-diger-hobi","6":"product_cat-hobi","7":"pa_cilt-ciltsiz","8":"pa_tur-kitap20","9":"pa_yayinevi-aklimda-zeka-oyunlari","10":"pa_yazar-kolektif","12":"first","13":"instock","14":"sale","15":"shipping-taxable","16":"purchasable","17":"product-type-simple"},"_links":{"self":[{"href":"https:\/\/roveyayinevi.com.tr\/index.php\/wp-json\/wp\/v2\/product\/748005","targetHints":{"allow":["GET"]}}],"collection":[{"href":"https:\/\/roveyayinevi.com.tr\/index.php\/wp-json\/wp\/v2\/product"}],"about":[{"href":"https:\/\/roveyayinevi.com.tr\/index.php\/wp-json\/wp\/v2\/types\/product"}],"wp:attachment":[{"href":"https:\/\/roveyayinevi.com.tr\/index.php\/wp-json\/wp\/v2\/media?parent=748005"}],"wp:term":[{"taxonomy":"product_brand","embeddable":true,"href":"https:\/\/roveyayinevi.com.tr\/index.php\/wp-json\/wp\/v2\/product_brand?post=748005"},{"taxonomy":"product_cat","embeddable":true,"href":"https:\/\/roveyayinevi.com.tr\/index.php\/wp-json\/wp\/v2\/product_cat?post=748005"},{"taxonomy":"product_tag","embeddable":true,"href":"https:\/\/roveyayinevi.com.tr\/index.php\/wp-json\/wp\/v2\/product_tag?post=748005"}],"curies":[{"name":"wp","href":"https:\/\/api.w.org\/{rel}","templated":true}]}}