{"id":748004,"date":"2025-08-28T03:19:54","date_gmt":"2025-08-28T00:19:54","guid":{"rendered":"https:\/\/roveyayinevi.com.tr\/index.php\/urun\/eglenceli-hafiza-oyunu-ahsap\/"},"modified":"2026-04-16T03:00:41","modified_gmt":"2026-04-16T00:00:41","slug":"eglenceli-hafiza-oyunu-ahsap","status":"publish","type":"product","link":"https:\/\/roveyayinevi.com.tr\/index.php\/urun\/eglenceli-hafiza-oyunu-ahsap\/","title":{"rendered":"E\u011flenceli Haf\u0131za Oyunu (Ah\u015fap)"},"content":{"rendered":"<p>E\u011flenceli haf\u0131za oyunu her ya\u015ftan oyuncunun zevkle oynayabilece\u011fi e\u011flenceli bir haf\u0131za oyunudur. Aile olarak veya 2-4 ki\u015fi ile oynanabilir. Nas\u0131l Oynan\u0131r: Renk \u00e7ark\u0131 \u00e7evrilerek ok i\u015faretine denk gelen renk, piyonlar\u0131n alt k\u0131sm\u0131ndan bulunmaya \u00e7al\u0131\u015f\u0131l\u0131r. Yanl\u0131\u015f bulunan piyon tekrar ayn\u0131 yerine konulur. Oyun sonunda en \u00e7ok piyona sahip oyuncu oyunu kazan\u0131r.<\/p>\n","protected":false},"excerpt":{"rendered":"<p>E\u011flenceli haf\u0131za oyunu her ya\u015ftan oyuncunun zevkle oynayabilece\u011fi e\u011flenceli bir haf\u0131za oyunudur. Aile olarak veya 2-4 ki\u015fi ile oynanabilir. Nas\u0131l Oynan\u0131r: Renk \u00e7ark\u0131 \u00e7evrilerek ok i\u015faretine<span class=\"excerpt-hellip\"> [\u2026]<\/span><\/p>\n","protected":false},"featured_media":0,"template":"","meta":{"_monsterinsights_skip_tracking":false,"_monsterinsights_sitenote_active":false,"_monsterinsights_sitenote_note":"","_monsterinsights_sitenote_category":0},"product_brand":[],"product_cat":[28265,15563],"product_tag":[],"class_list":{"0":"post-748004","1":"product","2":"type-product","3":"status-publish","5":"product_cat-diger-hobi","6":"product_cat-hobi","7":"pa_cilt-ciltsiz","8":"pa_tur-kitap20","9":"pa_yayinevi-aklimda-zeka-oyunlari","10":"pa_yazar-kolektif","12":"first","13":"instock","14":"sale","15":"shipping-taxable","16":"purchasable","17":"product-type-simple"},"_links":{"self":[{"href":"https:\/\/roveyayinevi.com.tr\/index.php\/wp-json\/wp\/v2\/product\/748004","targetHints":{"allow":["GET"]}}],"collection":[{"href":"https:\/\/roveyayinevi.com.tr\/index.php\/wp-json\/wp\/v2\/product"}],"about":[{"href":"https:\/\/roveyayinevi.com.tr\/index.php\/wp-json\/wp\/v2\/types\/product"}],"wp:attachment":[{"href":"https:\/\/roveyayinevi.com.tr\/index.php\/wp-json\/wp\/v2\/media?parent=748004"}],"wp:term":[{"taxonomy":"product_brand","embeddable":true,"href":"https:\/\/roveyayinevi.com.tr\/index.php\/wp-json\/wp\/v2\/product_brand?post=748004"},{"taxonomy":"product_cat","embeddable":true,"href":"https:\/\/roveyayinevi.com.tr\/index.php\/wp-json\/wp\/v2\/product_cat?post=748004"},{"taxonomy":"product_tag","embeddable":true,"href":"https:\/\/roveyayinevi.com.tr\/index.php\/wp-json\/wp\/v2\/product_tag?post=748004"}],"curies":[{"name":"wp","href":"https:\/\/api.w.org\/{rel}","templated":true}]}}