{"id":748003,"date":"2025-08-28T03:19:54","date_gmt":"2025-08-28T00:19:54","guid":{"rendered":"https:\/\/roveyayinevi.com.tr\/index.php\/urun\/ekoridor-ahsap\/"},"modified":"2026-04-16T03:00:41","modified_gmt":"2026-04-16T00:00:41","slug":"ekoridor-ahsap","status":"publish","type":"product","link":"https:\/\/roveyayinevi.com.tr\/index.php\/urun\/ekoridor-ahsap\/","title":{"rendered":"Ekoridor (Ah\u015fap)"},"content":{"rendered":"<p>Bariyer oyunu 2 veya 4 Ki\u015fi ile oynan\u0131r. Oyuna engellerden sonraki birinci s\u0131radan ba\u015flan\u0131r. S\u0131ras\u0131 gelen oyuncu ya piyonunu hareket ettirir ya da engel koyar. Ayn\u0131 hamle s\u0131ras\u0131nda hem piyonu hareket ettirip hem de engel koyamazs\u0131n\u0131z. Piyonlar yaln\u0131zca sa\u011fa, sola, ileri ya da geri olmak \u00fczere sadece bir kare ilerleyebilirler. Burada k\u00fc\u00e7\u00fck bir istisna vard\u0131r. E\u011fer iki piyon kar\u015f\u0131 kar\u015f\u0131ya gelirse ve gidecek ba\u015fka bir y\u00f6n yoksa hamle s\u0131ras\u0131 kimde ise o oyuncu rakip piyonun \u00fczerinden atlayabilir. Bu sayede 2 kare ilerlemi\u015f olur. Piyonlar \u00e7apraz hareket edemez. Piyonlar engellerin \u00fczerinden atlayamaz. Oyun tablas\u0131na konan engellerin yeri de\u011fi\u015ftirilemez. Rakip piyonun 4 taraf\u0131 engeller ile kapat\u0131lamaz. Rakip oyuncuya \u00e7\u0131k\u0131\u015f yapabilece\u011fi en az bir kare alan b\u0131rak\u0131lmal\u0131d\u0131r. Oyuncunun sahip oldu\u011fu engeller biterse piyonu ile hamle yapmak zorundad\u0131r. Bu y\u00fczden engellerinizi planl\u0131 bir \u015fekilde harcaman\u0131z gerekiyor. \u00c7\u00fcnk\u00fc oyun sonuna do\u011fru \u00e7ok kritik g\u00f6rev g\u00f6rebiliyorlar. Oyun tablas\u0131 \u00fczerindeki en son s\u0131radaki 9 kareden birine ilk ula\u015fan oyuncu oyunu kazan\u0131r. Oyunu dilerseniz set set, dilerseniz de tek set olarak oynayabilirsiniz.<\/p>\n","protected":false},"excerpt":{"rendered":"<p>Bariyer oyunu 2 veya 4 Ki\u015fi ile oynan\u0131r. Oyuna engellerden sonraki birinci s\u0131radan ba\u015flan\u0131r. S\u0131ras\u0131 gelen oyuncu ya piyonunu hareket ettirir ya da engel koyar. Ayn\u0131<span class=\"excerpt-hellip\"> [\u2026]<\/span><\/p>\n","protected":false},"featured_media":0,"template":"","meta":{"_monsterinsights_skip_tracking":false,"_monsterinsights_sitenote_active":false,"_monsterinsights_sitenote_note":"","_monsterinsights_sitenote_category":0},"product_brand":[],"product_cat":[28265,15563],"product_tag":[],"class_list":{"0":"post-748003","1":"product","2":"type-product","3":"status-publish","5":"product_cat-diger-hobi","6":"product_cat-hobi","7":"pa_cilt-ciltsiz","8":"pa_tur-kitap20","9":"pa_yayinevi-aklimda-zeka-oyunlari","10":"pa_yazar-kolektif","12":"first","13":"instock","14":"sale","15":"shipping-taxable","16":"purchasable","17":"product-type-simple"},"_links":{"self":[{"href":"https:\/\/roveyayinevi.com.tr\/index.php\/wp-json\/wp\/v2\/product\/748003","targetHints":{"allow":["GET"]}}],"collection":[{"href":"https:\/\/roveyayinevi.com.tr\/index.php\/wp-json\/wp\/v2\/product"}],"about":[{"href":"https:\/\/roveyayinevi.com.tr\/index.php\/wp-json\/wp\/v2\/types\/product"}],"wp:attachment":[{"href":"https:\/\/roveyayinevi.com.tr\/index.php\/wp-json\/wp\/v2\/media?parent=748003"}],"wp:term":[{"taxonomy":"product_brand","embeddable":true,"href":"https:\/\/roveyayinevi.com.tr\/index.php\/wp-json\/wp\/v2\/product_brand?post=748003"},{"taxonomy":"product_cat","embeddable":true,"href":"https:\/\/roveyayinevi.com.tr\/index.php\/wp-json\/wp\/v2\/product_cat?post=748003"},{"taxonomy":"product_tag","embeddable":true,"href":"https:\/\/roveyayinevi.com.tr\/index.php\/wp-json\/wp\/v2\/product_tag?post=748003"}],"curies":[{"name":"wp","href":"https:\/\/api.w.org\/{rel}","templated":true}]}}