{"id":748002,"date":"2025-08-28T03:19:53","date_gmt":"2025-08-28T00:19:53","guid":{"rendered":"https:\/\/roveyayinevi.com.tr\/index.php\/urun\/cizgi-calismalari-ince-motor-gelisimi-ahsap\/"},"modified":"2026-04-16T03:00:41","modified_gmt":"2026-04-16T00:00:41","slug":"cizgi-calismalari-ince-motor-gelisimi-ahsap","status":"publish","type":"product","link":"https:\/\/roveyayinevi.com.tr\/index.php\/urun\/cizgi-calismalari-ince-motor-gelisimi-ahsap\/","title":{"rendered":"\u00c7izgi \u00c7al\u0131\u015fmalar\u0131 &#8211; \u0130nce Motor Geli\u015fimi (Ah\u015fap)"},"content":{"rendered":"<p>Yaz\u0131 yazma becerileri i\u00e7in el kaslar\u0131n\u0131n geli\u015fimi \u00e7ok \u00f6nemlidir. Kas geli\u015fimi tamamlanmadan kalem tutma, yaz\u0131 yazma becerileri \u00f6\u011frenciler i\u00e7in zor olmaktad\u0131r. \u00c7izgi \u00c7al\u0131\u015fmalar\u0131 Kas geli\u015fim seti 20 par\u00e7a ah\u015fap kal\u0131ba \u00f6zel olarak tasarlanan \u00e7izimlerden olu\u015fmaktad\u0131r. \u00d6\u011frencilerin parmak ile, ah\u015fap \u00e7ubuk ile ve kalem ile \u015fekilleri takip etmesi sa\u011flanarak kas geli\u015fimlerine y\u00f6nelik koordinasyon \u00e7al\u0131\u015fmalar\u0131 yap\u0131l\u0131r. Bu sayede \u00f6\u011frenciler g\u00fczel ve do\u011fru yaz\u0131 yazmak i\u00e7in gerekli olan temel becerileri kazan\u0131rlar. \u00dcr\u00fcn\u00fcm\u00fcz ah\u015fapt\u0131r ve yerli \u00fcretimdir.<\/p>\n","protected":false},"excerpt":{"rendered":"<p>Yaz\u0131 yazma becerileri i\u00e7in el kaslar\u0131n\u0131n geli\u015fimi \u00e7ok \u00f6nemlidir. Kas geli\u015fimi tamamlanmadan kalem tutma, yaz\u0131 yazma becerileri \u00f6\u011frenciler i\u00e7in zor olmaktad\u0131r. \u00c7izgi \u00c7al\u0131\u015fmalar\u0131 Kas geli\u015fim seti<span class=\"excerpt-hellip\"> [\u2026]<\/span><\/p>\n","protected":false},"featured_media":0,"template":"","meta":{"_monsterinsights_skip_tracking":false,"_monsterinsights_sitenote_active":false,"_monsterinsights_sitenote_note":"","_monsterinsights_sitenote_category":0},"product_brand":[],"product_cat":[28265,15563],"product_tag":[],"class_list":{"0":"post-748002","1":"product","2":"type-product","3":"status-publish","5":"product_cat-diger-hobi","6":"product_cat-hobi","7":"pa_cilt-ciltsiz","8":"pa_tur-kitap20","9":"pa_yayinevi-aklimda-zeka-oyunlari","10":"pa_yazar-kolektif","12":"first","13":"instock","14":"sale","15":"shipping-taxable","16":"purchasable","17":"product-type-simple"},"_links":{"self":[{"href":"https:\/\/roveyayinevi.com.tr\/index.php\/wp-json\/wp\/v2\/product\/748002","targetHints":{"allow":["GET"]}}],"collection":[{"href":"https:\/\/roveyayinevi.com.tr\/index.php\/wp-json\/wp\/v2\/product"}],"about":[{"href":"https:\/\/roveyayinevi.com.tr\/index.php\/wp-json\/wp\/v2\/types\/product"}],"wp:attachment":[{"href":"https:\/\/roveyayinevi.com.tr\/index.php\/wp-json\/wp\/v2\/media?parent=748002"}],"wp:term":[{"taxonomy":"product_brand","embeddable":true,"href":"https:\/\/roveyayinevi.com.tr\/index.php\/wp-json\/wp\/v2\/product_brand?post=748002"},{"taxonomy":"product_cat","embeddable":true,"href":"https:\/\/roveyayinevi.com.tr\/index.php\/wp-json\/wp\/v2\/product_cat?post=748002"},{"taxonomy":"product_tag","embeddable":true,"href":"https:\/\/roveyayinevi.com.tr\/index.php\/wp-json\/wp\/v2\/product_tag?post=748002"}],"curies":[{"name":"wp","href":"https:\/\/api.w.org\/{rel}","templated":true}]}}