{"id":747999,"date":"2025-08-28T03:19:50","date_gmt":"2025-08-28T00:19:50","guid":{"rendered":"https:\/\/roveyayinevi.com.tr\/index.php\/urun\/select-shapes-dogru-sekli-sec\/"},"modified":"2026-04-16T03:00:41","modified_gmt":"2026-04-16T00:00:41","slug":"select-shapes-dogru-sekli-sec","status":"publish","type":"product","link":"https:\/\/roveyayinevi.com.tr\/index.php\/urun\/select-shapes-dogru-sekli-sec\/","title":{"rendered":"Select Shapes (Do\u011fru \u015eekli Se\u00e7)"},"content":{"rendered":"<p>H\u0131zl\u0131 olan kazan\u0131yor!Renkleri tan\u0131mla, \u015feklini yap.G\u00f6rsel zeka yetene\u011fini, sebep sonu\u00e7 ili\u015fkisi kavram\u0131n\u0131, par\u00e7adan b\u00fct\u00fcne gitme seviyesini geli\u015ftiren, yetenek uzman\u0131 Select Shapes oyunu sizin i\u00e7in \u00f6zel tasarlanm\u0131\u015ft\u0131r.\u0130\u00e7erik: 2 ayr\u0131 \u00e7e\u015fit 77 adet g\u00f6rev kart\u0131, 4 adet oyun tablas\u0131, 16 adet k\u0131rm\u0131z\u0131 k\u00fcpler, 16 adet mor k\u00fcpler, 16 adet ye\u015fil k\u00fcpler, 16 adet mavi k\u00fcpler<\/p>\n","protected":false},"excerpt":{"rendered":"<p>H\u0131zl\u0131 olan kazan\u0131yor!Renkleri tan\u0131mla, \u015feklini yap.G\u00f6rsel zeka yetene\u011fini, sebep sonu\u00e7 ili\u015fkisi kavram\u0131n\u0131, par\u00e7adan b\u00fct\u00fcne gitme seviyesini geli\u015ftiren, yetenek uzman\u0131 Select Shapes oyunu sizin i\u00e7in \u00f6zel tasarlanm\u0131\u015ft\u0131r.\u0130\u00e7erik:<span class=\"excerpt-hellip\"> [\u2026]<\/span><\/p>\n","protected":false},"featured_media":0,"template":"","meta":{"_monsterinsights_skip_tracking":false,"_monsterinsights_sitenote_active":false,"_monsterinsights_sitenote_note":"","_monsterinsights_sitenote_category":0},"product_brand":[],"product_cat":[28265,15563],"product_tag":[],"class_list":{"0":"post-747999","1":"product","2":"type-product","3":"status-publish","5":"product_cat-diger-hobi","6":"product_cat-hobi","7":"pa_cilt-ciltsiz","8":"pa_tur-kitap20","9":"pa_yayinevi-aklimda-zeka-oyunlari","10":"pa_yazar-kolektif","12":"first","13":"instock","14":"sale","15":"shipping-taxable","16":"purchasable","17":"product-type-simple"},"_links":{"self":[{"href":"https:\/\/roveyayinevi.com.tr\/index.php\/wp-json\/wp\/v2\/product\/747999","targetHints":{"allow":["GET"]}}],"collection":[{"href":"https:\/\/roveyayinevi.com.tr\/index.php\/wp-json\/wp\/v2\/product"}],"about":[{"href":"https:\/\/roveyayinevi.com.tr\/index.php\/wp-json\/wp\/v2\/types\/product"}],"wp:attachment":[{"href":"https:\/\/roveyayinevi.com.tr\/index.php\/wp-json\/wp\/v2\/media?parent=747999"}],"wp:term":[{"taxonomy":"product_brand","embeddable":true,"href":"https:\/\/roveyayinevi.com.tr\/index.php\/wp-json\/wp\/v2\/product_brand?post=747999"},{"taxonomy":"product_cat","embeddable":true,"href":"https:\/\/roveyayinevi.com.tr\/index.php\/wp-json\/wp\/v2\/product_cat?post=747999"},{"taxonomy":"product_tag","embeddable":true,"href":"https:\/\/roveyayinevi.com.tr\/index.php\/wp-json\/wp\/v2\/product_tag?post=747999"}],"curies":[{"name":"wp","href":"https:\/\/api.w.org\/{rel}","templated":true}]}}