{"id":747997,"date":"2025-08-28T03:19:48","date_gmt":"2025-08-28T00:19:48","guid":{"rendered":"https:\/\/roveyayinevi.com.tr\/index.php\/urun\/true-motion-dokun-bekle\/"},"modified":"2026-04-16T03:00:41","modified_gmt":"2026-04-16T00:00:41","slug":"true-motion-dokun-bekle","status":"publish","type":"product","link":"https:\/\/roveyayinevi.com.tr\/index.php\/urun\/true-motion-dokun-bekle\/","title":{"rendered":"True Motion (Dokun Bekle)"},"content":{"rendered":"<p>Yepyeni hareketlerle s\u00fcper True Motion e\u011flencesi!Haydi havaya!Elini ya da aya\u011f\u0131n\u0131 havaya kald\u0131r!Se\u00e7im sende, bir sonraki hareketini sen belirle\u2026\u0130\u00e7erik: 1 adet oyun hal\u0131s\u0131, 1 adet oyun y\u00f6nlendirme \u00e7ark\u0131, 1 adet oyun k\u0131lavuzu<\/p>\n","protected":false},"excerpt":{"rendered":"<p>Yepyeni hareketlerle s\u00fcper True Motion e\u011flencesi!Haydi havaya!Elini ya da aya\u011f\u0131n\u0131 havaya kald\u0131r!Se\u00e7im sende, bir sonraki hareketini sen belirle\u2026\u0130\u00e7erik: 1 adet oyun hal\u0131s\u0131, 1 adet oyun y\u00f6nlendirme<span class=\"excerpt-hellip\"> [\u2026]<\/span><\/p>\n","protected":false},"featured_media":0,"template":"","meta":{"_monsterinsights_skip_tracking":false,"_monsterinsights_sitenote_active":false,"_monsterinsights_sitenote_note":"","_monsterinsights_sitenote_category":0},"product_brand":[],"product_cat":[28265,15563],"product_tag":[],"class_list":{"0":"post-747997","1":"product","2":"type-product","3":"status-publish","5":"product_cat-diger-hobi","6":"product_cat-hobi","7":"pa_cilt-ciltsiz","8":"pa_tur-kitap20","9":"pa_yayinevi-aklimda-zeka-oyunlari","10":"pa_yazar-kolektif","12":"first","13":"instock","14":"sale","15":"shipping-taxable","16":"purchasable","17":"product-type-simple"},"_links":{"self":[{"href":"https:\/\/roveyayinevi.com.tr\/index.php\/wp-json\/wp\/v2\/product\/747997","targetHints":{"allow":["GET"]}}],"collection":[{"href":"https:\/\/roveyayinevi.com.tr\/index.php\/wp-json\/wp\/v2\/product"}],"about":[{"href":"https:\/\/roveyayinevi.com.tr\/index.php\/wp-json\/wp\/v2\/types\/product"}],"wp:attachment":[{"href":"https:\/\/roveyayinevi.com.tr\/index.php\/wp-json\/wp\/v2\/media?parent=747997"}],"wp:term":[{"taxonomy":"product_brand","embeddable":true,"href":"https:\/\/roveyayinevi.com.tr\/index.php\/wp-json\/wp\/v2\/product_brand?post=747997"},{"taxonomy":"product_cat","embeddable":true,"href":"https:\/\/roveyayinevi.com.tr\/index.php\/wp-json\/wp\/v2\/product_cat?post=747997"},{"taxonomy":"product_tag","embeddable":true,"href":"https:\/\/roveyayinevi.com.tr\/index.php\/wp-json\/wp\/v2\/product_tag?post=747997"}],"curies":[{"name":"wp","href":"https:\/\/api.w.org\/{rel}","templated":true}]}}