{"id":747996,"date":"2025-08-28T03:19:47","date_gmt":"2025-08-28T00:19:47","guid":{"rendered":"https:\/\/roveyayinevi.com.tr\/index.php\/urun\/find-the-picture-klasik-tahmin-oyunu\/"},"modified":"2026-04-16T03:00:41","modified_gmt":"2026-04-16T00:00:41","slug":"find-the-picture-klasik-tahmin-oyunu","status":"publish","type":"product","link":"https:\/\/roveyayinevi.com.tr\/index.php\/urun\/find-the-picture-klasik-tahmin-oyunu\/","title":{"rendered":"Find The Picture (Klasik Tahmin Oyunu)"},"content":{"rendered":"<p>Oyuncular oyuna ba\u015flarken ya\u015f\u0131 k\u00fc\u00e7\u00fck olan oyuncu oyuna ba\u015flar. Oynama s\u0131ras\u0131 gelen oyuncu \u00e7eki\u00e7 ile vurarak bir blok d\u00fc\u015f\u00fcrmeye \u00e7al\u0131\u015f\u0131r. Oyunda ama\u00e7 at\u0131 d\u00fc\u015f\u00fcrmeden blok \u00e7\u0131kartmakt\u0131r. At\u0131 d\u00fc\u015f\u00fcren oyuncu oyunu kaybeder.\u0130\u00e7erik: 1 adet alt\u0131gen \u00e7er\u00e7eve , 19 adet mavi 19 adet beyaz alt\u0131gen blok, 1 adet at , 4 adet ayak, 2 adet \u00e7eki\u00e7<\/p>\n","protected":false},"excerpt":{"rendered":"<p>Oyuncular oyuna ba\u015flarken ya\u015f\u0131 k\u00fc\u00e7\u00fck olan oyuncu oyuna ba\u015flar. Oynama s\u0131ras\u0131 gelen oyuncu \u00e7eki\u00e7 ile vurarak bir blok d\u00fc\u015f\u00fcrmeye \u00e7al\u0131\u015f\u0131r. Oyunda ama\u00e7 at\u0131 d\u00fc\u015f\u00fcrmeden blok \u00e7\u0131kartmakt\u0131r.<span class=\"excerpt-hellip\"> [\u2026]<\/span><\/p>\n","protected":false},"featured_media":0,"template":"","meta":{"_monsterinsights_skip_tracking":false,"_monsterinsights_sitenote_active":false,"_monsterinsights_sitenote_note":"","_monsterinsights_sitenote_category":0},"product_brand":[],"product_cat":[28265,15563],"product_tag":[],"class_list":{"0":"post-747996","1":"product","2":"type-product","3":"status-publish","5":"product_cat-diger-hobi","6":"product_cat-hobi","7":"pa_cilt-ciltsiz","8":"pa_tur-kitap20","9":"pa_yayinevi-aklimda-zeka-oyunlari","10":"pa_yazar-kolektif","12":"first","13":"instock","14":"sale","15":"shipping-taxable","16":"purchasable","17":"product-type-simple"},"_links":{"self":[{"href":"https:\/\/roveyayinevi.com.tr\/index.php\/wp-json\/wp\/v2\/product\/747996","targetHints":{"allow":["GET"]}}],"collection":[{"href":"https:\/\/roveyayinevi.com.tr\/index.php\/wp-json\/wp\/v2\/product"}],"about":[{"href":"https:\/\/roveyayinevi.com.tr\/index.php\/wp-json\/wp\/v2\/types\/product"}],"wp:attachment":[{"href":"https:\/\/roveyayinevi.com.tr\/index.php\/wp-json\/wp\/v2\/media?parent=747996"}],"wp:term":[{"taxonomy":"product_brand","embeddable":true,"href":"https:\/\/roveyayinevi.com.tr\/index.php\/wp-json\/wp\/v2\/product_brand?post=747996"},{"taxonomy":"product_cat","embeddable":true,"href":"https:\/\/roveyayinevi.com.tr\/index.php\/wp-json\/wp\/v2\/product_cat?post=747996"},{"taxonomy":"product_tag","embeddable":true,"href":"https:\/\/roveyayinevi.com.tr\/index.php\/wp-json\/wp\/v2\/product_tag?post=747996"}],"curies":[{"name":"wp","href":"https:\/\/api.w.org\/{rel}","templated":true}]}}