{"id":747970,"date":"2025-08-28T03:19:12","date_gmt":"2025-08-28T00:19:12","guid":{"rendered":"https:\/\/roveyayinevi.com.tr\/index.php\/urun\/ezop-masallari-10-kitap-takim\/"},"modified":"2026-04-16T03:00:40","modified_gmt":"2026-04-16T00:00:40","slug":"ezop-masallari-10-kitap-takim","status":"publish","type":"product","link":"https:\/\/roveyayinevi.com.tr\/index.php\/urun\/ezop-masallari-10-kitap-takim\/","title":{"rendered":"Ezop Masallar\u0131 &#8211; 10 Kitap Tak\u0131m"},"content":{"rendered":"<p>* Tilki ile Yenge\u00e7 * A\u00e7g\u00f6zl\u00fc Mart\u0131 * Farenin \u0130yili\u011fi * Aslan ile Sivrisinek *Kartal ile Kaplumba\u011fa * Yarasa ile Gelincik * Y\u00fcreksiz Geyik * Kazlar ile Turnalar * Y\u0131lan Yumurlar\u0131 * Tav\u015fan ile Kaplumba\u011fa<\/p>\n","protected":false},"excerpt":{"rendered":"<p>* Tilki ile Yenge\u00e7 * A\u00e7g\u00f6zl\u00fc Mart\u0131 * Farenin \u0130yili\u011fi * Aslan ile Sivrisinek *Kartal ile Kaplumba\u011fa * Yarasa ile Gelincik * Y\u00fcreksiz Geyik * Kazlar<span class=\"excerpt-hellip\"> [\u2026]<\/span><\/p>\n","protected":false},"featured_media":0,"template":"","meta":{"_monsterinsights_skip_tracking":false,"_monsterinsights_sitenote_active":false,"_monsterinsights_sitenote_note":"","_monsterinsights_sitenote_category":0},"product_brand":[],"product_cat":[12274,12523],"product_tag":[],"class_list":{"0":"post-747970","1":"product","2":"type-product","3":"status-publish","5":"product_cat-cocuk-ve-genclik-kitaplari","6":"product_cat-masallar","7":"pa_cilt-ciltsiz","8":"pa_tur-kitap","9":"pa_yayinevi-parilti-yayinlari","10":"pa_yazar-ekrem-aytar","12":"first","13":"instock","14":"sale","15":"shipping-taxable","16":"purchasable","17":"product-type-simple"},"_links":{"self":[{"href":"https:\/\/roveyayinevi.com.tr\/index.php\/wp-json\/wp\/v2\/product\/747970","targetHints":{"allow":["GET"]}}],"collection":[{"href":"https:\/\/roveyayinevi.com.tr\/index.php\/wp-json\/wp\/v2\/product"}],"about":[{"href":"https:\/\/roveyayinevi.com.tr\/index.php\/wp-json\/wp\/v2\/types\/product"}],"wp:attachment":[{"href":"https:\/\/roveyayinevi.com.tr\/index.php\/wp-json\/wp\/v2\/media?parent=747970"}],"wp:term":[{"taxonomy":"product_brand","embeddable":true,"href":"https:\/\/roveyayinevi.com.tr\/index.php\/wp-json\/wp\/v2\/product_brand?post=747970"},{"taxonomy":"product_cat","embeddable":true,"href":"https:\/\/roveyayinevi.com.tr\/index.php\/wp-json\/wp\/v2\/product_cat?post=747970"},{"taxonomy":"product_tag","embeddable":true,"href":"https:\/\/roveyayinevi.com.tr\/index.php\/wp-json\/wp\/v2\/product_tag?post=747970"}],"curies":[{"name":"wp","href":"https:\/\/api.w.org\/{rel}","templated":true}]}}