{"id":747966,"date":"2025-08-28T03:19:07","date_gmt":"2025-08-28T00:19:07","guid":{"rendered":"https:\/\/roveyayinevi.com.tr\/index.php\/urun\/bugunun-cocuklarina-oykuler-10-kitap\/"},"modified":"2026-04-08T03:07:32","modified_gmt":"2026-04-08T00:07:32","slug":"bugunun-cocuklarina-oykuler-10-kitap","status":"publish","type":"product","link":"https:\/\/roveyayinevi.com.tr\/index.php\/urun\/bugunun-cocuklarina-oykuler-10-kitap\/","title":{"rendered":"Bug\u00fcn\u00fcn \u00c7ocuklar\u0131na \u00d6yk\u00fcler 10 Kitap"},"content":{"rendered":"<p>A\u011fustos B\u00f6ce\u011fi Ve Kar\u0131nca Ar\u0131 Ve G\u00fcvercin Aslan Ve Sivrisinek Kaplumba\u011fa Ve Kartal Hayvanlar\u0131n Konseri \u00d6k\u00fcz Olmak \u0130steyen Kurba\u011fa Orman Birli\u011fi Tarla Faresi \u0130le \u015eehir Faresi Tav\u015fan Ve Kaplumba\u011fa Tilki Ve \u00dcz\u00fcmler<\/p>\n","protected":false},"excerpt":{"rendered":"<p>A\u011fustos B\u00f6ce\u011fi Ve Kar\u0131nca Ar\u0131 Ve G\u00fcvercin Aslan Ve Sivrisinek Kaplumba\u011fa Ve Kartal Hayvanlar\u0131n Konseri \u00d6k\u00fcz Olmak \u0130steyen Kurba\u011fa Orman Birli\u011fi Tarla Faresi \u0130le \u015eehir Faresi<span class=\"excerpt-hellip\"> [\u2026]<\/span><\/p>\n","protected":false},"featured_media":0,"template":"","meta":{"_monsterinsights_skip_tracking":false,"_monsterinsights_sitenote_active":false,"_monsterinsights_sitenote_note":"","_monsterinsights_sitenote_category":0},"product_brand":[],"product_cat":[12274,12284],"product_tag":[],"class_list":{"0":"post-747966","1":"product","2":"type-product","3":"status-publish","5":"product_cat-cocuk-ve-genclik-kitaplari","6":"product_cat-hikayeler","7":"pa_cilt-ciltsiz","8":"pa_tur-kitap","9":"pa_yayinevi-parilti-yayinlari","10":"pa_yazar-kolektif","12":"first","13":"instock","14":"sale","15":"shipping-taxable","16":"purchasable","17":"product-type-simple"},"_links":{"self":[{"href":"https:\/\/roveyayinevi.com.tr\/index.php\/wp-json\/wp\/v2\/product\/747966","targetHints":{"allow":["GET"]}}],"collection":[{"href":"https:\/\/roveyayinevi.com.tr\/index.php\/wp-json\/wp\/v2\/product"}],"about":[{"href":"https:\/\/roveyayinevi.com.tr\/index.php\/wp-json\/wp\/v2\/types\/product"}],"wp:attachment":[{"href":"https:\/\/roveyayinevi.com.tr\/index.php\/wp-json\/wp\/v2\/media?parent=747966"}],"wp:term":[{"taxonomy":"product_brand","embeddable":true,"href":"https:\/\/roveyayinevi.com.tr\/index.php\/wp-json\/wp\/v2\/product_brand?post=747966"},{"taxonomy":"product_cat","embeddable":true,"href":"https:\/\/roveyayinevi.com.tr\/index.php\/wp-json\/wp\/v2\/product_cat?post=747966"},{"taxonomy":"product_tag","embeddable":true,"href":"https:\/\/roveyayinevi.com.tr\/index.php\/wp-json\/wp\/v2\/product_tag?post=747966"}],"curies":[{"name":"wp","href":"https:\/\/api.w.org\/{rel}","templated":true}]}}