{"id":747965,"date":"2025-08-28T03:19:05","date_gmt":"2025-08-28T00:19:05","guid":{"rendered":"https:\/\/roveyayinevi.com.tr\/index.php\/urun\/bugunun-cocuklarina-masallar-10-kitap\/"},"modified":"2026-04-08T03:07:32","modified_gmt":"2026-04-08T00:07:32","slug":"bugunun-cocuklarina-masallar-10-kitap","status":"publish","type":"product","link":"https:\/\/roveyayinevi.com.tr\/index.php\/urun\/bugunun-cocuklarina-masallar-10-kitap\/","title":{"rendered":"Bug\u00fcn\u00fcn \u00c7ocuklar\u0131na Masallar 10 Kitap"},"content":{"rendered":"<p>\u00c7izmeli Kedi -Fareli K\u00f6y\u00fcn Kavalc\u0131s\u0131 -G\u00fczel Ve \u00c7irkin -K\u0131rm\u0131z\u0131 Ba\u015fl\u0131kl\u0131 K\u0131z -K\u00fcl Kedisi -Pamuk Prenses -\u00c7irkin \u00d6rdek Yavrusu -Peter Pan -Pinokya -Uyuyan G\u00fczel<\/p>\n","protected":false},"excerpt":{"rendered":"<p>\u00c7izmeli Kedi -Fareli K\u00f6y\u00fcn Kavalc\u0131s\u0131 -G\u00fczel Ve \u00c7irkin -K\u0131rm\u0131z\u0131 Ba\u015fl\u0131kl\u0131 K\u0131z -K\u00fcl Kedisi -Pamuk Prenses -\u00c7irkin \u00d6rdek Yavrusu -Peter Pan -Pinokya -Uyuyan G\u00fczel<\/p>\n","protected":false},"featured_media":0,"template":"","meta":{"_monsterinsights_skip_tracking":false,"_monsterinsights_sitenote_active":false,"_monsterinsights_sitenote_note":"","_monsterinsights_sitenote_category":0},"product_brand":[],"product_cat":[12274,12284],"product_tag":[],"class_list":{"0":"post-747965","1":"product","2":"type-product","3":"status-publish","5":"product_cat-cocuk-ve-genclik-kitaplari","6":"product_cat-hikayeler","7":"pa_cilt-ciltsiz","8":"pa_tur-kitap","9":"pa_yayinevi-parilti-yayinlari","10":"pa_yazar-kolektif","12":"first","13":"instock","14":"sale","15":"shipping-taxable","16":"purchasable","17":"product-type-simple"},"_links":{"self":[{"href":"https:\/\/roveyayinevi.com.tr\/index.php\/wp-json\/wp\/v2\/product\/747965","targetHints":{"allow":["GET"]}}],"collection":[{"href":"https:\/\/roveyayinevi.com.tr\/index.php\/wp-json\/wp\/v2\/product"}],"about":[{"href":"https:\/\/roveyayinevi.com.tr\/index.php\/wp-json\/wp\/v2\/types\/product"}],"wp:attachment":[{"href":"https:\/\/roveyayinevi.com.tr\/index.php\/wp-json\/wp\/v2\/media?parent=747965"}],"wp:term":[{"taxonomy":"product_brand","embeddable":true,"href":"https:\/\/roveyayinevi.com.tr\/index.php\/wp-json\/wp\/v2\/product_brand?post=747965"},{"taxonomy":"product_cat","embeddable":true,"href":"https:\/\/roveyayinevi.com.tr\/index.php\/wp-json\/wp\/v2\/product_cat?post=747965"},{"taxonomy":"product_tag","embeddable":true,"href":"https:\/\/roveyayinevi.com.tr\/index.php\/wp-json\/wp\/v2\/product_tag?post=747965"}],"curies":[{"name":"wp","href":"https:\/\/api.w.org\/{rel}","templated":true}]}}