{"id":747959,"date":"2025-08-28T03:18:56","date_gmt":"2025-08-28T00:18:56","guid":{"rendered":"https:\/\/roveyayinevi.com.tr\/index.php\/urun\/secme-dunya-cocuk-klasikleri-10-kitap\/"},"modified":"2026-04-16T03:00:40","modified_gmt":"2026-04-16T00:00:40","slug":"secme-dunya-cocuk-klasikleri-10-kitap","status":"publish","type":"product","link":"https:\/\/roveyayinevi.com.tr\/index.php\/urun\/secme-dunya-cocuk-klasikleri-10-kitap\/","title":{"rendered":"Se\u00e7me D\u00fcnya \u00c7ocuk Klasikleri 10 Kitap"},"content":{"rendered":"<p>Beyaz Di\u015f\u00c7ocuk KalbiDonki\u015fotG\u00fcm\u00fc\u015f PatenlerK\u00fc\u00e7\u00fck Kemanc\u0131Moby DickMonte Kristo KontuSefillerSiyah \u0130nciTom Amca&#8217;n\u0131n Kul\u00fcbesi<\/p>\n","protected":false},"excerpt":{"rendered":"<p>Beyaz Di\u015f\u00c7ocuk KalbiDonki\u015fotG\u00fcm\u00fc\u015f PatenlerK\u00fc\u00e7\u00fck Kemanc\u0131Moby DickMonte Kristo KontuSefillerSiyah \u0130nciTom Amca&#8217;n\u0131n Kul\u00fcbesi<\/p>\n","protected":false},"featured_media":0,"template":"","meta":{"_monsterinsights_skip_tracking":false,"_monsterinsights_sitenote_active":false,"_monsterinsights_sitenote_note":"","_monsterinsights_sitenote_category":0},"product_brand":[],"product_cat":[12274,12467],"product_tag":[],"class_list":{"0":"post-747959","1":"product","2":"type-product","3":"status-publish","5":"product_cat-cocuk-ve-genclik-kitaplari","6":"product_cat-dunya-klasikleri","7":"pa_cilt-ciltsiz","8":"pa_tur-kitap","9":"pa_yayinevi-parilti-yayinlari","10":"pa_yazar-kolektif","12":"first","13":"instock","14":"sale","15":"shipping-taxable","16":"purchasable","17":"product-type-simple"},"_links":{"self":[{"href":"https:\/\/roveyayinevi.com.tr\/index.php\/wp-json\/wp\/v2\/product\/747959","targetHints":{"allow":["GET"]}}],"collection":[{"href":"https:\/\/roveyayinevi.com.tr\/index.php\/wp-json\/wp\/v2\/product"}],"about":[{"href":"https:\/\/roveyayinevi.com.tr\/index.php\/wp-json\/wp\/v2\/types\/product"}],"wp:attachment":[{"href":"https:\/\/roveyayinevi.com.tr\/index.php\/wp-json\/wp\/v2\/media?parent=747959"}],"wp:term":[{"taxonomy":"product_brand","embeddable":true,"href":"https:\/\/roveyayinevi.com.tr\/index.php\/wp-json\/wp\/v2\/product_brand?post=747959"},{"taxonomy":"product_cat","embeddable":true,"href":"https:\/\/roveyayinevi.com.tr\/index.php\/wp-json\/wp\/v2\/product_cat?post=747959"},{"taxonomy":"product_tag","embeddable":true,"href":"https:\/\/roveyayinevi.com.tr\/index.php\/wp-json\/wp\/v2\/product_tag?post=747959"}],"curies":[{"name":"wp","href":"https:\/\/api.w.org\/{rel}","templated":true}]}}