{"id":747958,"date":"2025-08-28T03:18:55","date_gmt":"2025-08-28T00:18:55","guid":{"rendered":"https:\/\/roveyayinevi.com.tr\/index.php\/urun\/jules-verne-macera-dizisi-10-kitap-takim\/"},"modified":"2026-04-16T03:00:40","modified_gmt":"2026-04-16T00:00:40","slug":"jules-verne-macera-dizisi-10-kitap-takim","status":"publish","type":"product","link":"https:\/\/roveyayinevi.com.tr\/index.php\/urun\/jules-verne-macera-dizisi-10-kitap-takim\/","title":{"rendered":"Jules Verne Macera Dizisi (10 Kitap Tak\u0131m)"},"content":{"rendered":"<p>80 G\u00fcnde Devri AlemAya yolculukBalonla 5 HaftaDenizler Alt\u0131nda 20 Bin FersahD\u00fcnyan\u0131n Merkezinde SeyehatElmas Avc\u0131lar\u0131Esrarl\u0131 AdaG\u00f6klerin HakimiKahraman FenercilerKaranl\u0131k \u00dclke<\/p>\n","protected":false},"excerpt":{"rendered":"<p>80 G\u00fcnde Devri AlemAya yolculukBalonla 5 HaftaDenizler Alt\u0131nda 20 Bin FersahD\u00fcnyan\u0131n Merkezinde SeyehatElmas Avc\u0131lar\u0131Esrarl\u0131 AdaG\u00f6klerin HakimiKahraman FenercilerKaranl\u0131k \u00dclke<\/p>\n","protected":false},"featured_media":0,"template":"","meta":{"_monsterinsights_skip_tracking":false,"_monsterinsights_sitenote_active":false,"_monsterinsights_sitenote_note":"","_monsterinsights_sitenote_category":0},"product_brand":[],"product_cat":[12274,12467],"product_tag":[],"class_list":{"0":"post-747958","1":"product","2":"type-product","3":"status-publish","5":"product_cat-cocuk-ve-genclik-kitaplari","6":"product_cat-dunya-klasikleri","7":"pa_cilt-ciltsiz","8":"pa_tur-kitap","9":"pa_yayinevi-parilti-yayinlari","10":"pa_yazar-jules-verne","12":"first","13":"instock","14":"sale","15":"shipping-taxable","16":"purchasable","17":"product-type-simple"},"_links":{"self":[{"href":"https:\/\/roveyayinevi.com.tr\/index.php\/wp-json\/wp\/v2\/product\/747958","targetHints":{"allow":["GET"]}}],"collection":[{"href":"https:\/\/roveyayinevi.com.tr\/index.php\/wp-json\/wp\/v2\/product"}],"about":[{"href":"https:\/\/roveyayinevi.com.tr\/index.php\/wp-json\/wp\/v2\/types\/product"}],"wp:attachment":[{"href":"https:\/\/roveyayinevi.com.tr\/index.php\/wp-json\/wp\/v2\/media?parent=747958"}],"wp:term":[{"taxonomy":"product_brand","embeddable":true,"href":"https:\/\/roveyayinevi.com.tr\/index.php\/wp-json\/wp\/v2\/product_brand?post=747958"},{"taxonomy":"product_cat","embeddable":true,"href":"https:\/\/roveyayinevi.com.tr\/index.php\/wp-json\/wp\/v2\/product_cat?post=747958"},{"taxonomy":"product_tag","embeddable":true,"href":"https:\/\/roveyayinevi.com.tr\/index.php\/wp-json\/wp\/v2\/product_tag?post=747958"}],"curies":[{"name":"wp","href":"https:\/\/api.w.org\/{rel}","templated":true}]}}