{"id":747957,"date":"2025-08-28T03:18:53","date_gmt":"2025-08-28T00:18:53","guid":{"rendered":"https:\/\/roveyayinevi.com.tr\/index.php\/urun\/jules-verne-genclik-dizisi-10-kitap-takim\/"},"modified":"2026-04-16T03:00:40","modified_gmt":"2026-04-16T00:00:40","slug":"jules-verne-genclik-dizisi-10-kitap-takim","status":"publish","type":"product","link":"https:\/\/roveyayinevi.com.tr\/index.php\/urun\/jules-verne-genclik-dizisi-10-kitap-takim\/","title":{"rendered":"Jules Verne Gen\u00e7lik Dizisi (10 Kitap Tak\u0131m)"},"content":{"rendered":"<p>15 Ya\u015f\u0131nda Bir KaptanBat\u0131k GemiDeniz Y\u0131lan\u0131Dr. OksElmas Avc\u0131lar\u0131\u0130ki Y\u0131l Okul TatiliKaptan Grant&#8217;\u0131n \u00c7ocuklar\u0131Karpatlar \u015eatosuRobensonlar OkuluYe\u015fil I\u015f\u0131k<\/p>\n","protected":false},"excerpt":{"rendered":"<p>15 Ya\u015f\u0131nda Bir KaptanBat\u0131k GemiDeniz Y\u0131lan\u0131Dr. OksElmas Avc\u0131lar\u0131\u0130ki Y\u0131l Okul TatiliKaptan Grant&#8217;\u0131n \u00c7ocuklar\u0131Karpatlar \u015eatosuRobensonlar OkuluYe\u015fil I\u015f\u0131k<\/p>\n","protected":false},"featured_media":0,"template":"","meta":{"_monsterinsights_skip_tracking":false,"_monsterinsights_sitenote_active":false,"_monsterinsights_sitenote_note":"","_monsterinsights_sitenote_category":0},"product_brand":[],"product_cat":[12291,12292],"product_tag":[],"class_list":{"0":"post-747957","1":"product","2":"type-product","3":"status-publish","5":"product_cat-edebiyat","6":"product_cat-turk-edebiyati","7":"pa_cilt-ciltsiz","8":"pa_tur-kitap","9":"pa_yayinevi-parilti-yayinlari","10":"pa_yazar-jules-verne","12":"first","13":"instock","14":"sale","15":"shipping-taxable","16":"purchasable","17":"product-type-simple"},"_links":{"self":[{"href":"https:\/\/roveyayinevi.com.tr\/index.php\/wp-json\/wp\/v2\/product\/747957","targetHints":{"allow":["GET"]}}],"collection":[{"href":"https:\/\/roveyayinevi.com.tr\/index.php\/wp-json\/wp\/v2\/product"}],"about":[{"href":"https:\/\/roveyayinevi.com.tr\/index.php\/wp-json\/wp\/v2\/types\/product"}],"wp:attachment":[{"href":"https:\/\/roveyayinevi.com.tr\/index.php\/wp-json\/wp\/v2\/media?parent=747957"}],"wp:term":[{"taxonomy":"product_brand","embeddable":true,"href":"https:\/\/roveyayinevi.com.tr\/index.php\/wp-json\/wp\/v2\/product_brand?post=747957"},{"taxonomy":"product_cat","embeddable":true,"href":"https:\/\/roveyayinevi.com.tr\/index.php\/wp-json\/wp\/v2\/product_cat?post=747957"},{"taxonomy":"product_tag","embeddable":true,"href":"https:\/\/roveyayinevi.com.tr\/index.php\/wp-json\/wp\/v2\/product_tag?post=747957"}],"curies":[{"name":"wp","href":"https:\/\/api.w.org\/{rel}","templated":true}]}}