{"id":747956,"date":"2025-08-28T03:18:52","date_gmt":"2025-08-28T00:18:52","guid":{"rendered":"https:\/\/roveyayinevi.com.tr\/index.php\/urun\/avratlar-cenneti-fransa\/"},"modified":"2026-04-16T03:00:40","modified_gmt":"2026-04-16T00:00:40","slug":"avratlar-cenneti-fransa","status":"publish","type":"product","link":"https:\/\/roveyayinevi.com.tr\/index.php\/urun\/avratlar-cenneti-fransa\/","title":{"rendered":"Avratlar Cenneti Fransa"},"content":{"rendered":"<p>Gen\u00e7 rahibe Gen\u00e9vi\u00e9ve, geceyi \u00e7ad\u0131r\u0131nda ge\u00e7irdi\u011fi Atilla\u2019y\u0131, Paris\u2019i almaktan vazge\u00e7irmek i\u00e7in ne yapt\u0131? Fransa Kral\u0131 VI. Charles, Y\u0131ld\u0131r\u0131m Beyaz\u0131t\u2019\u0131 \u00c7ubuk Ovas\u0131\u2019nda yenen Timur\u2019a g\u00f6nderdi\u011fi kutlama mektubunda ne dedi? Toulon\u2019daki Notre-Dame-de-la-Seds Kilisesi, 1543 y\u0131l\u0131nda neden camiye d\u00f6n\u00fc\u015ft\u00fcr\u00fcld\u00fc ? Fransa Kral\u0131 III. Henri, kendisine o\u011flu Mehmet\u2019in s\u00fcnnet d\u00fc\u011f\u00fcn\u00fc i\u00e7in davetiye g\u00f6nderen Padi\u015fah III. Murat\u2019a ne yan\u0131t verdi? T\u00fcrk El\u00e7i Yirmisekiz Mehmet \u00c7elebi\u2019ye, \u201cAvratlar Cenneti Fransa\u201d dedirten neydi? Her ak\u015fam iki-\u00fc\u00e7 bin Parisli kad\u0131n neden T\u00fcrk erkeklerini g\u00f6rmeye gidiyordu? T\u00fcrk El\u00e7i Moral\u0131 Esseyid Ali Efendi\u2019nin sar\u0131\u011f\u0131 Parisli kad\u0131nlar aras\u0131nda \u201cT\u00fcrban\u201d ad\u0131yla ne zaman moda oldu? Krali\u00e7e Marie Antoinette\u2019in, \u201cEkmek bulam\u0131yorlarsa pasta yesinler\u201d s\u00f6z\u00fcn\u00fcn T\u00fcrklerle ne ili\u015fkisi var? Atat\u00fcrk hayran\u0131 Fransa ba\u015fbakan\u0131 kimdir? <\/p>\n","protected":false},"excerpt":{"rendered":"<p>Gen\u00e7 rahibe Gen\u00e9vi\u00e9ve, geceyi \u00e7ad\u0131r\u0131nda ge\u00e7irdi\u011fi Atilla\u2019y\u0131, Paris\u2019i almaktan vazge\u00e7irmek i\u00e7in ne yapt\u0131? Fransa Kral\u0131 VI. Charles, Y\u0131ld\u0131r\u0131m Beyaz\u0131t\u2019\u0131 \u00c7ubuk Ovas\u0131\u2019nda yenen Timur\u2019a g\u00f6nderdi\u011fi kutlama mektubunda<span class=\"excerpt-hellip\"> [\u2026]<\/span><\/p>\n","protected":false},"featured_media":0,"template":"","meta":{"_monsterinsights_skip_tracking":false,"_monsterinsights_sitenote_active":false,"_monsterinsights_sitenote_note":"","_monsterinsights_sitenote_category":0},"product_brand":[],"product_cat":[12291,12745],"product_tag":[],"class_list":{"0":"post-747956","1":"product","2":"type-product","3":"status-publish","5":"product_cat-edebiyat","6":"product_cat-tarihi-roman","7":"pa_cilt-ciltsiz","8":"pa_tur-kitap","9":"pa_yayinevi-pankus-yayinlari","10":"pa_yazar-gurbuz-evren","12":"first","13":"instock","14":"sale","15":"shipping-taxable","16":"purchasable","17":"product-type-simple"},"_links":{"self":[{"href":"https:\/\/roveyayinevi.com.tr\/index.php\/wp-json\/wp\/v2\/product\/747956","targetHints":{"allow":["GET"]}}],"collection":[{"href":"https:\/\/roveyayinevi.com.tr\/index.php\/wp-json\/wp\/v2\/product"}],"about":[{"href":"https:\/\/roveyayinevi.com.tr\/index.php\/wp-json\/wp\/v2\/types\/product"}],"wp:attachment":[{"href":"https:\/\/roveyayinevi.com.tr\/index.php\/wp-json\/wp\/v2\/media?parent=747956"}],"wp:term":[{"taxonomy":"product_brand","embeddable":true,"href":"https:\/\/roveyayinevi.com.tr\/index.php\/wp-json\/wp\/v2\/product_brand?post=747956"},{"taxonomy":"product_cat","embeddable":true,"href":"https:\/\/roveyayinevi.com.tr\/index.php\/wp-json\/wp\/v2\/product_cat?post=747956"},{"taxonomy":"product_tag","embeddable":true,"href":"https:\/\/roveyayinevi.com.tr\/index.php\/wp-json\/wp\/v2\/product_tag?post=747956"}],"curies":[{"name":"wp","href":"https:\/\/api.w.org\/{rel}","templated":true}]}}