{"id":747955,"date":"2025-08-28T03:18:51","date_gmt":"2025-08-28T00:18:51","guid":{"rendered":"https:\/\/roveyayinevi.com.tr\/index.php\/urun\/ipek-yolu-2\/"},"modified":"2026-04-16T03:00:40","modified_gmt":"2026-04-16T00:00:40","slug":"ipek-yolu-2","status":"publish","type":"product","link":"https:\/\/roveyayinevi.com.tr\/index.php\/urun\/ipek-yolu-2\/","title":{"rendered":"\u0130pek Yolu"},"content":{"rendered":"<p>I\u0307pek Yolu, korunmak ic\u0327in etraf\u0131n\u0131 kozayla o\u0308ren ve u\u0308mitle kelebek olup uc\u0327may\u0131 beklerken yolun bir yerinde kendini kaynar kazanlarda bulup iplik olan ve gu\u0308zel-pahal\u0131 giysilere baz tes\u0327kil eden ipek bo\u0308ceg\u0306inin yas\u0327ad\u0131g\u0306\u0131 ac\u0131larla dolu deg\u0306is\u0327im-do\u0308nu\u0308s\u0327u\u0308m su\u0308reci misali dramatik ama kendini su\u0308rekli tekrarlayan ve yenileyen olag\u0306anu\u0308stu\u0308 bir insanl\u0131k maceras\u0131n\u0131 simgeliyor. Bu yollardan kimler geldi, kimler gec\u0327ti? Kim kelebek olup uc\u0327tu, kim kaynar kazanlardan iplik olarak c\u0327\u0131kt\u0131? Du\u0308nyaya hu\u0308kmetmek ic\u0327in yola c\u0327\u0131kan ve ak\u0131llara durgunluk veren eserler yaratan fatihler, fanilik gerc\u0327eg\u0306i ile go\u0308z go\u0308ze geldiklerinde ne du\u0308s\u0327u\u0308ndu\u0308ler? Gu\u0308zerga\u0302h u\u0308zerindeki muhtes\u0327em harabeleri ve derin izleri go\u0308ren c\u0327ag\u0306das\u0327 insan\u0131n akl\u0131ndan neler gec\u0327iyor? Gelin, s\u0327imdi gizemli bir I\u0307pek Yolu yolculug\u0306una c\u0327\u0131kal\u0131m&#8230; <\/p>\n","protected":false},"excerpt":{"rendered":"<p>I\u0307pek Yolu, korunmak ic\u0327in etraf\u0131n\u0131 kozayla o\u0308ren ve u\u0308mitle kelebek olup uc\u0327may\u0131 beklerken yolun bir yerinde kendini kaynar kazanlarda bulup iplik olan ve gu\u0308zel-pahal\u0131 giysilere baz<span class=\"excerpt-hellip\"> [\u2026]<\/span><\/p>\n","protected":false},"featured_media":0,"template":"","meta":{"_monsterinsights_skip_tracking":false,"_monsterinsights_sitenote_active":false,"_monsterinsights_sitenote_note":"","_monsterinsights_sitenote_category":0},"product_brand":[],"product_cat":[12291,12745],"product_tag":[],"class_list":{"0":"post-747955","1":"product","2":"type-product","3":"status-publish","5":"product_cat-edebiyat","6":"product_cat-tarihi-roman","7":"pa_cilt-ciltsiz","8":"pa_tur-kitap","9":"pa_yayinevi-pankus-yayinlari","10":"pa_yazar-g-ahmetcan-asena","12":"first","13":"instock","14":"sale","15":"shipping-taxable","16":"purchasable","17":"product-type-simple"},"_links":{"self":[{"href":"https:\/\/roveyayinevi.com.tr\/index.php\/wp-json\/wp\/v2\/product\/747955","targetHints":{"allow":["GET"]}}],"collection":[{"href":"https:\/\/roveyayinevi.com.tr\/index.php\/wp-json\/wp\/v2\/product"}],"about":[{"href":"https:\/\/roveyayinevi.com.tr\/index.php\/wp-json\/wp\/v2\/types\/product"}],"wp:attachment":[{"href":"https:\/\/roveyayinevi.com.tr\/index.php\/wp-json\/wp\/v2\/media?parent=747955"}],"wp:term":[{"taxonomy":"product_brand","embeddable":true,"href":"https:\/\/roveyayinevi.com.tr\/index.php\/wp-json\/wp\/v2\/product_brand?post=747955"},{"taxonomy":"product_cat","embeddable":true,"href":"https:\/\/roveyayinevi.com.tr\/index.php\/wp-json\/wp\/v2\/product_cat?post=747955"},{"taxonomy":"product_tag","embeddable":true,"href":"https:\/\/roveyayinevi.com.tr\/index.php\/wp-json\/wp\/v2\/product_tag?post=747955"}],"curies":[{"name":"wp","href":"https:\/\/api.w.org\/{rel}","templated":true}]}}