{"id":747951,"date":"2025-08-28T03:18:45","date_gmt":"2025-08-28T00:18:45","guid":{"rendered":"https:\/\/roveyayinevi.com.tr\/index.php\/urun\/cocuklugum-11\/"},"modified":"2026-04-03T03:03:05","modified_gmt":"2026-04-03T00:03:05","slug":"cocuklugum-11","status":"publish","type":"product","link":"https:\/\/roveyayinevi.com.tr\/index.php\/urun\/cocuklugum-11\/","title":{"rendered":"\u00c7ocuklu\u011fum"},"content":{"rendered":"<p>K\u00fc\u00e7\u00fck Aleksey, olduk\u00e7a zor \u015fartlarda hayat okuluna ad\u0131m atar. Kitap, daha be\u015f ya\u015f\u0131ndayken babas\u0131n\u0131n \u00f6l\u00fcm\u00fcyle ba\u015flar. Aleksey b\u00fcy\u00fckannesiyle beraber dedesinin evinde day\u0131lar\u0131 ve kuzenleriyle ya\u015famaya ba\u015flar. Bu arada annesi evlenmi\u015f ve bir o\u011flu olmu\u015ftur. \u00dcvey babas\u0131 oturduklar\u0131 evi kumarda kaybetti\u011fi i\u00e7in annesi yanlar\u0131na yerle\u015fmek zorunda kal\u0131r. Y\u0131llar ge\u00e7er, Aleksey dedesi ve b\u00fcy\u00fckannesi ile ayr\u0131 bir eve ta\u015f\u0131n\u0131rlar. Bu arada annesinin durumu iyice k\u00f6t\u00fclemi\u015ftir, k\u0131sa s\u00fcre sonra \u00f6l\u00fcr. Aleksey art\u0131k \u00f6ks\u00fczd\u00fcr. Dedesi art\u0131k kendisine bakamayaca\u011f\u0131n\u0131 s\u00f6yler, bunun \u00fczerine Aleksey de ekmek paras\u0131n\u0131 kazanmak i\u00e7in \u00e7al\u0131\u015fmaya ba\u015flar. <\/p>\n","protected":false},"excerpt":{"rendered":"<p>K\u00fc\u00e7\u00fck Aleksey, olduk\u00e7a zor \u015fartlarda hayat okuluna ad\u0131m atar. Kitap, daha be\u015f ya\u015f\u0131ndayken babas\u0131n\u0131n \u00f6l\u00fcm\u00fcyle ba\u015flar. Aleksey b\u00fcy\u00fckannesiyle beraber dedesinin evinde day\u0131lar\u0131 ve kuzenleriyle ya\u015famaya ba\u015flar.<span class=\"excerpt-hellip\"> [\u2026]<\/span><\/p>\n","protected":false},"featured_media":0,"template":"","meta":{"_monsterinsights_skip_tracking":false,"_monsterinsights_sitenote_active":false,"_monsterinsights_sitenote_note":"","_monsterinsights_sitenote_category":0},"product_brand":[],"product_cat":[12291,12711],"product_tag":[],"class_list":{"0":"post-747951","1":"product","2":"type-product","3":"status-publish","5":"product_cat-edebiyat","6":"product_cat-roman-oyku","7":"pa_cilt-ciltsiz","8":"pa_tur-kitap","9":"pa_yayinevi-fark-yayinlari","10":"pa_yazar-maksim-gorki","12":"first","13":"instock","14":"sale","15":"shipping-taxable","16":"purchasable","17":"product-type-simple"},"_links":{"self":[{"href":"https:\/\/roveyayinevi.com.tr\/index.php\/wp-json\/wp\/v2\/product\/747951","targetHints":{"allow":["GET"]}}],"collection":[{"href":"https:\/\/roveyayinevi.com.tr\/index.php\/wp-json\/wp\/v2\/product"}],"about":[{"href":"https:\/\/roveyayinevi.com.tr\/index.php\/wp-json\/wp\/v2\/types\/product"}],"wp:attachment":[{"href":"https:\/\/roveyayinevi.com.tr\/index.php\/wp-json\/wp\/v2\/media?parent=747951"}],"wp:term":[{"taxonomy":"product_brand","embeddable":true,"href":"https:\/\/roveyayinevi.com.tr\/index.php\/wp-json\/wp\/v2\/product_brand?post=747951"},{"taxonomy":"product_cat","embeddable":true,"href":"https:\/\/roveyayinevi.com.tr\/index.php\/wp-json\/wp\/v2\/product_cat?post=747951"},{"taxonomy":"product_tag","embeddable":true,"href":"https:\/\/roveyayinevi.com.tr\/index.php\/wp-json\/wp\/v2\/product_tag?post=747951"}],"curies":[{"name":"wp","href":"https:\/\/api.w.org\/{rel}","templated":true}]}}