{"id":747945,"date":"2025-08-28T03:18:36","date_gmt":"2025-08-28T00:18:36","guid":{"rendered":"https:\/\/roveyayinevi.com.tr\/index.php\/urun\/kuma-kuma-kuma-bear-2\/"},"modified":"2026-04-16T03:00:39","modified_gmt":"2026-04-16T00:00:39","slug":"kuma-kuma-kuma-bear-2","status":"publish","type":"product","link":"https:\/\/roveyayinevi.com.tr\/index.php\/urun\/kuma-kuma-kuma-bear-2\/","title":{"rendered":"Kuma Kuma Kuma Bear -2"},"content":{"rendered":"<p>KUMA KIZ YUNA, AYI \u00c7A\u011eIRIP KUMA \u0130N\u015eA ED\u0130YOR!? Paralel D\u00fcnya\u2019ya s\u00fcr\u00fcklenen Yuna\u2019ya hileli ay\u0131 kost\u00fcm\u00fc verilir. Macerac\u0131 olur ama k\u0131yafeti y\u00fcz\u00fcnden \u00e7evredekilerin bak\u0131\u015flar\u0131na maruz kal\u0131r. Goblin yok etme g\u00f6revine giden Yuna, \u00e7ok g\u00fc\u00e7l\u00fc bir Kral Goblinle kar\u015f\u0131la\u015f\u0131r. Ayr\u0131ca Kuma Evi in\u015fa edip, ay\u0131 \u00e7a\u011f\u0131rma b\u00fcy\u00fcs\u00fc yapar. Cilt 2 ay\u0131larla dolu! <\/p>\n","protected":false},"excerpt":{"rendered":"<p>KUMA KIZ YUNA, AYI \u00c7A\u011eIRIP KUMA \u0130N\u015eA ED\u0130YOR!? Paralel D\u00fcnya\u2019ya s\u00fcr\u00fcklenen Yuna\u2019ya hileli ay\u0131 kost\u00fcm\u00fc verilir. Macerac\u0131 olur ama k\u0131yafeti y\u00fcz\u00fcnden \u00e7evredekilerin bak\u0131\u015flar\u0131na maruz kal\u0131r. Goblin<span class=\"excerpt-hellip\"> [\u2026]<\/span><\/p>\n","protected":false},"featured_media":0,"template":"","meta":{"_monsterinsights_skip_tracking":false,"_monsterinsights_sitenote_active":false,"_monsterinsights_sitenote_note":"","_monsterinsights_sitenote_category":0},"product_brand":[],"product_cat":[12416,12291],"product_tag":[],"class_list":{"0":"post-747945","1":"product","2":"type-product","3":"status-publish","5":"product_cat-cizgi-roman","6":"product_cat-edebiyat","7":"pa_cilt-ciltsiz","8":"pa_tur-kitap","9":"pa_yayinevi-kayip-kita-yayinlari","10":"pa_yazar-kumanano","12":"first","13":"instock","14":"sale","15":"shipping-taxable","16":"purchasable","17":"product-type-simple"},"_links":{"self":[{"href":"https:\/\/roveyayinevi.com.tr\/index.php\/wp-json\/wp\/v2\/product\/747945","targetHints":{"allow":["GET"]}}],"collection":[{"href":"https:\/\/roveyayinevi.com.tr\/index.php\/wp-json\/wp\/v2\/product"}],"about":[{"href":"https:\/\/roveyayinevi.com.tr\/index.php\/wp-json\/wp\/v2\/types\/product"}],"wp:attachment":[{"href":"https:\/\/roveyayinevi.com.tr\/index.php\/wp-json\/wp\/v2\/media?parent=747945"}],"wp:term":[{"taxonomy":"product_brand","embeddable":true,"href":"https:\/\/roveyayinevi.com.tr\/index.php\/wp-json\/wp\/v2\/product_brand?post=747945"},{"taxonomy":"product_cat","embeddable":true,"href":"https:\/\/roveyayinevi.com.tr\/index.php\/wp-json\/wp\/v2\/product_cat?post=747945"},{"taxonomy":"product_tag","embeddable":true,"href":"https:\/\/roveyayinevi.com.tr\/index.php\/wp-json\/wp\/v2\/product_tag?post=747945"}],"curies":[{"name":"wp","href":"https:\/\/api.w.org\/{rel}","templated":true}]}}