{"id":747943,"date":"2025-08-28T03:18:34","date_gmt":"2025-08-28T00:18:34","guid":{"rendered":"https:\/\/roveyayinevi.com.tr\/index.php\/urun\/mrs-dalloway-7\/"},"modified":"2026-04-16T03:00:39","modified_gmt":"2026-04-16T00:00:39","slug":"mrs-dalloway-7","status":"publish","type":"product","link":"https:\/\/roveyayinevi.com.tr\/index.php\/urun\/mrs-dalloway-7\/","title":{"rendered":"Mrs. Dalloway"},"content":{"rendered":"<p>Mrs. Dalloway , edebiyat d\u00fcnyas\u0131nda i\u00e7 monolog ve bilin\u00e7 ak\u0131\u015f\u0131 tekni\u011finin en ba\u015far\u0131l\u0131 \u00f6rneklerinden, Virginia Woolf\u2019un da en ilgi uyand\u0131ran eserlerinden biridir. Roman, Clarissa Dalloway\u2019in ak\u015fam partisini d\u00fczenleyece\u011fi tek bir g\u00fcnde ge\u00e7mektedir. Ak\u0131\u015f boyunca, yaln\u0131z Clarissa\u2019n\u0131n de\u011fil, ayn\u0131 zamanda ge\u00e7mi\u015ften \u00e7\u0131k\u0131p gelen beklenmedik misafirlerinin ve Clarissa\u2019ya bir hayli kar\u015f\u0131t, Septimus Warren Smith karakterinin de d\u00fc\u015f\u00fcncelerine, s\u00f6yleyemediklerine ve i\u00e7 d\u00fcnyalar\u0131n\u0131 kas\u0131p kavuran detaylara tan\u0131kl\u0131k ediyoruz. Mrs. Dalloway, bilin\u00e7 ak\u0131\u015f\u0131 ve i\u00e7 monolog tekniklerinin ba\u015far\u0131yla uygulanmas\u0131n\u0131n yan\u0131nda, d\u00f6nemin Londra\u2019s\u0131n\u0131 ve I. D\u00fcnya Sava\u015f\u0131\u2019n\u0131n bireyler \u00fczerindeki etkisini de ustal\u0131kla g\u00f6zler \u00f6n\u00fcne seriyor. <\/p>\n","protected":false},"excerpt":{"rendered":"<p>Mrs. Dalloway , edebiyat d\u00fcnyas\u0131nda i\u00e7 monolog ve bilin\u00e7 ak\u0131\u015f\u0131 tekni\u011finin en ba\u015far\u0131l\u0131 \u00f6rneklerinden, Virginia Woolf\u2019un da en ilgi uyand\u0131ran eserlerinden biridir. Roman, Clarissa Dalloway\u2019in ak\u015fam<span class=\"excerpt-hellip\"> [\u2026]<\/span><\/p>\n","protected":false},"featured_media":0,"template":"","meta":{"_monsterinsights_skip_tracking":false,"_monsterinsights_sitenote_active":false,"_monsterinsights_sitenote_note":"","_monsterinsights_sitenote_category":0},"product_brand":[],"product_cat":[12291,12711],"product_tag":[],"class_list":{"0":"post-747943","1":"product","2":"type-product","3":"status-publish","5":"product_cat-edebiyat","6":"product_cat-roman-oyku","7":"pa_cilt-ciltsiz","8":"pa_tur-kitap","9":"pa_yayinevi-fark-yayinlari","10":"pa_yazar-virginia-woolf","12":"first","13":"instock","14":"sale","15":"shipping-taxable","16":"purchasable","17":"product-type-simple"},"_links":{"self":[{"href":"https:\/\/roveyayinevi.com.tr\/index.php\/wp-json\/wp\/v2\/product\/747943","targetHints":{"allow":["GET"]}}],"collection":[{"href":"https:\/\/roveyayinevi.com.tr\/index.php\/wp-json\/wp\/v2\/product"}],"about":[{"href":"https:\/\/roveyayinevi.com.tr\/index.php\/wp-json\/wp\/v2\/types\/product"}],"wp:attachment":[{"href":"https:\/\/roveyayinevi.com.tr\/index.php\/wp-json\/wp\/v2\/media?parent=747943"}],"wp:term":[{"taxonomy":"product_brand","embeddable":true,"href":"https:\/\/roveyayinevi.com.tr\/index.php\/wp-json\/wp\/v2\/product_brand?post=747943"},{"taxonomy":"product_cat","embeddable":true,"href":"https:\/\/roveyayinevi.com.tr\/index.php\/wp-json\/wp\/v2\/product_cat?post=747943"},{"taxonomy":"product_tag","embeddable":true,"href":"https:\/\/roveyayinevi.com.tr\/index.php\/wp-json\/wp\/v2\/product_tag?post=747943"}],"curies":[{"name":"wp","href":"https:\/\/api.w.org\/{rel}","templated":true}]}}