{"id":747936,"date":"2025-08-28T03:18:24","date_gmt":"2025-08-28T00:18:24","guid":{"rendered":"https:\/\/roveyayinevi.com.tr\/index.php\/urun\/toplumsal-siniflar-birbirine-ne-borcludur\/"},"modified":"2026-04-16T03:00:39","modified_gmt":"2026-04-16T00:00:39","slug":"toplumsal-siniflar-birbirine-ne-borcludur","status":"publish","type":"product","link":"https:\/\/roveyayinevi.com.tr\/index.php\/urun\/toplumsal-siniflar-birbirine-ne-borcludur\/","title":{"rendered":"Toplumsal S\u0131n\u0131flar Birbirine Ne Bor\u00e7ludur?"},"content":{"rendered":"<p>Birey ile toplum aras\u0131ndaki karma\u015f\u0131k ili\u015fkiler a\u011f\u0131 \u00f6teden beri d\u00fc\u015f\u00fcn\u00fcrlerin ilgisini \u00e7ekmi\u015ftir. Terazinin bir kefesinin di\u011feri kar\u015f\u0131s\u0131nda a\u011f\u0131rl\u0131k kazand\u0131\u011f\u0131 anlar, birini di\u011ferine kar\u015f\u0131 savunma ihtiyac\u0131 do\u011furmu\u015f, tarihe y\u00f6n veren fikir ayr\u0131l\u0131klar\u0131na, hatta kanl\u0131 sava\u015flara varas\u0131ya bir\u00e7ok \u00e7at\u0131\u015fmaya da neden olmu\u015f, s\u0131n\u0131flar\u0131 insan d\u00fcnyas\u0131n\u0131n bu iki ucunun birbirine temas etti\u011fi m\u00fccadele cepheleri h\u00e2line getirmi\u015ftir. Peki, toplumsal s\u0131n\u0131flar aras\u0131ndaki ili\u015fkiler, ittifaklar, \u00e7\u0131kar birlikleri ve ayr\u0131l\u0131klar\u0131 nas\u0131l haritaland\u0131r\u0131labilir? Toplumsal s\u0131n\u0131flar\u0131n kendi ahlak anlay\u0131\u015flar\u0131n\u0131 di\u011fer s\u0131n\u0131flara dayatmas\u0131 me\u015fru mudur? S\u0131n\u0131flararas\u0131 bir ahlak m\u00fcmk\u00fcn m\u00fcd\u00fcr? Zengin olmak yerilecek, yoksul olmak \u00f6v\u00fclecek bir durum mudur? Sosyalist olmak y\u00fcce, kapitalist olmak a\u015fa\u011f\u0131l\u0131k bir \u015fey midir? Bu soru yaln\u0131zca bir derece meselesiyse ve belirli bir noktaya kadar zengin olmak do\u011fru ve daha zengin olmak yanl\u0131\u015fsa, aradaki dengeyi nas\u0131l kuraca\u011f\u0131z? Amerikan sosyoloji gelene\u011finin iyi anla\u015f\u0131lamam\u0131\u015f ve \u2018unutulmu\u015f\u2019 kurucular\u0131ndan William Graham Sumner, sosyoloji literat\u00fcr\u00fcn\u00fcn klasikleri aras\u0131na girmi\u015f bu denemesinde, ilerleyen y\u0131llarda akademik sosyoloji h\u00e2line gelecek alan\u0131n hayati soru\u015fturma ve \u00e7at\u0131\u015fma noktalar\u0131n\u0131 parlak ve tart\u0131\u015fmac\u0131 \u00fcslubuyla ortaya koyuyor. Birey\/toplum aras\u0131ndaki gerilimli ili\u015fkiye dair derinlikli bak\u0131\u015f\u0131yla, s\u0131n\u0131f ahlak\u0131na ili\u015fkin beylik kabulleri sorguluyor.<\/p>\n","protected":false},"excerpt":{"rendered":"<p>Birey ile toplum aras\u0131ndaki karma\u015f\u0131k ili\u015fkiler a\u011f\u0131 \u00f6teden beri d\u00fc\u015f\u00fcn\u00fcrlerin ilgisini \u00e7ekmi\u015ftir. Terazinin bir kefesinin di\u011feri kar\u015f\u0131s\u0131nda a\u011f\u0131rl\u0131k kazand\u0131\u011f\u0131 anlar, birini di\u011ferine kar\u015f\u0131 savunma ihtiyac\u0131 do\u011furmu\u015f,<span class=\"excerpt-hellip\"> [\u2026]<\/span><\/p>\n","protected":false},"featured_media":0,"template":"","meta":{"_monsterinsights_skip_tracking":false,"_monsterinsights_sitenote_active":false,"_monsterinsights_sitenote_note":"","_monsterinsights_sitenote_category":0},"product_brand":[],"product_cat":[12324],"product_tag":[],"class_list":{"0":"post-747936","1":"product","2":"type-product","3":"status-publish","5":"product_cat-sosyoloji","6":"pa_cilt-ciltsiz","7":"pa_tur-kitap","8":"pa_yayinevi-fol-kitap","9":"pa_yazar-william-graham-sumner","11":"first","12":"instock","13":"sale","14":"shipping-taxable","15":"purchasable","16":"product-type-simple"},"_links":{"self":[{"href":"https:\/\/roveyayinevi.com.tr\/index.php\/wp-json\/wp\/v2\/product\/747936","targetHints":{"allow":["GET"]}}],"collection":[{"href":"https:\/\/roveyayinevi.com.tr\/index.php\/wp-json\/wp\/v2\/product"}],"about":[{"href":"https:\/\/roveyayinevi.com.tr\/index.php\/wp-json\/wp\/v2\/types\/product"}],"wp:attachment":[{"href":"https:\/\/roveyayinevi.com.tr\/index.php\/wp-json\/wp\/v2\/media?parent=747936"}],"wp:term":[{"taxonomy":"product_brand","embeddable":true,"href":"https:\/\/roveyayinevi.com.tr\/index.php\/wp-json\/wp\/v2\/product_brand?post=747936"},{"taxonomy":"product_cat","embeddable":true,"href":"https:\/\/roveyayinevi.com.tr\/index.php\/wp-json\/wp\/v2\/product_cat?post=747936"},{"taxonomy":"product_tag","embeddable":true,"href":"https:\/\/roveyayinevi.com.tr\/index.php\/wp-json\/wp\/v2\/product_tag?post=747936"}],"curies":[{"name":"wp","href":"https:\/\/api.w.org\/{rel}","templated":true}]}}