{"id":747934,"date":"2025-08-28T03:18:21","date_gmt":"2025-08-28T00:18:21","guid":{"rendered":"https:\/\/roveyayinevi.com.tr\/index.php\/urun\/guneyin-sarkisi\/"},"modified":"2026-04-16T03:00:39","modified_gmt":"2026-04-16T00:00:39","slug":"guneyin-sarkisi","status":"publish","type":"product","link":"https:\/\/roveyayinevi.com.tr\/index.php\/urun\/guneyin-sarkisi\/","title":{"rendered":"G\u00fcneyin \u015eark\u0131s\u0131"},"content":{"rendered":"<p>Bu kitapta anlat\u0131lanlar ger\u00e7ek hik\u00e2yelere ve tarihsel olarak belgelenmi\u015f olgulara dayan\u0131yor. Okuyacaklar\u0131n\u0131z \u0130talyan gazeteci Francesca Mereu taraf\u0131ndan Amerika Birle\u015fik Devletleri\u2019nin G\u00fcney eyaletlerinde Afro-Amerikal\u0131lar ile yapt\u0131\u011f\u0131 g\u00f6r\u00fc\u015fmelerin tutanaklar\u0131ndan dam\u0131t\u0131lm\u0131\u015ft\u0131r. Yazar\u0131n mahremiyetlerini korumak i\u00e7in isimlerini de\u011fi\u015ftirdi\u011fi konu\u015fmac\u0131lar ona kendi ge\u00e7mi\u015flerini ve aile tarih\u00e7elerini anlatt\u0131. Okuduk\u00e7a surat\u0131n\u0131za tokat yemi\u015f gibi hissettiren bu sat\u0131rlar\u0131n yazar\u0131n\u0131 2022 y\u0131l\u0131nda yitirdik. Black Live Matter olarak bilinen toplumsal ak\u0131ma de\u011ferli bir katk\u0131 olan bu eser \u015fimdi de T\u00fcrk\u00e7ede!     Ben de \u015fark\u0131 s\u00f6ylerim, Amerika. Ben, yani senin esmer karde\u015fin Mutfakta yemek yerken tek ba\u015f\u0131ma Misafir geldi\u011fi i\u00e7in Ama ben g\u00fcl\u00fcyorum, Ve silip s\u00fcp\u00fcr\u00fcyorum yeme\u011fimi, Ve gitgide g\u00fc\u00e7leniyorum.   (Ben de \u015fark\u0131 s\u00f6ylerim Amerika, Langston Hughes, 1945)     Alabama\u2019ya asla geri d\u00f6nmeyece\u011fim, oras\u0131 bana g\u00f6re bir yer de\u011fil. \u00d6ld\u00fcrd\u00fcler orada k\u0131z karde\u015fimi ve erkek karde\u015fimi Ve t\u00fcm d\u00fcnya halklar\u0131 buna seyirci kald\u0131 Alabama\u2019y\u0131 asla sevmeyece\u011fim, \u00e7\u00fcnk\u00fc Alabama zavall\u0131 beni hi\u00e7 sevmedi.   J.B Lenoir (blues gitaristi ve \u015fark\u0131c\u0131-s\u00f6z yazar\u0131, 1929-67) <\/p>\n","protected":false},"excerpt":{"rendered":"<p>Bu kitapta anlat\u0131lanlar ger\u00e7ek hik\u00e2yelere ve tarihsel olarak belgelenmi\u015f olgulara dayan\u0131yor. Okuyacaklar\u0131n\u0131z \u0130talyan gazeteci Francesca Mereu taraf\u0131ndan Amerika Birle\u015fik Devletleri\u2019nin G\u00fcney eyaletlerinde Afro-Amerikal\u0131lar ile yapt\u0131\u011f\u0131 g\u00f6r\u00fc\u015fmelerin<span class=\"excerpt-hellip\"> [\u2026]<\/span><\/p>\n","protected":false},"featured_media":0,"template":"","meta":{"_monsterinsights_skip_tracking":false,"_monsterinsights_sitenote_active":false,"_monsterinsights_sitenote_note":"","_monsterinsights_sitenote_category":0},"product_brand":[],"product_cat":[12291,12711],"product_tag":[],"class_list":{"0":"post-747934","1":"product","2":"type-product","3":"status-publish","5":"product_cat-edebiyat","6":"product_cat-roman-oyku","7":"pa_cilt-ciltsiz","8":"pa_tur-kitap","9":"pa_yayinevi-kalkedon-yayincilik","10":"pa_yazar-francesca-mereu","12":"first","13":"instock","14":"sale","15":"shipping-taxable","16":"purchasable","17":"product-type-simple"},"_links":{"self":[{"href":"https:\/\/roveyayinevi.com.tr\/index.php\/wp-json\/wp\/v2\/product\/747934","targetHints":{"allow":["GET"]}}],"collection":[{"href":"https:\/\/roveyayinevi.com.tr\/index.php\/wp-json\/wp\/v2\/product"}],"about":[{"href":"https:\/\/roveyayinevi.com.tr\/index.php\/wp-json\/wp\/v2\/types\/product"}],"wp:attachment":[{"href":"https:\/\/roveyayinevi.com.tr\/index.php\/wp-json\/wp\/v2\/media?parent=747934"}],"wp:term":[{"taxonomy":"product_brand","embeddable":true,"href":"https:\/\/roveyayinevi.com.tr\/index.php\/wp-json\/wp\/v2\/product_brand?post=747934"},{"taxonomy":"product_cat","embeddable":true,"href":"https:\/\/roveyayinevi.com.tr\/index.php\/wp-json\/wp\/v2\/product_cat?post=747934"},{"taxonomy":"product_tag","embeddable":true,"href":"https:\/\/roveyayinevi.com.tr\/index.php\/wp-json\/wp\/v2\/product_tag?post=747934"}],"curies":[{"name":"wp","href":"https:\/\/api.w.org\/{rel}","templated":true}]}}