{"id":747931,"date":"2025-08-28T03:18:17","date_gmt":"2025-08-28T00:18:17","guid":{"rendered":"https:\/\/roveyayinevi.com.tr\/index.php\/urun\/biz-hic-degismedik-gonul\/"},"modified":"2026-04-16T03:00:39","modified_gmt":"2026-04-16T00:00:39","slug":"biz-hic-degismedik-gonul","status":"publish","type":"product","link":"https:\/\/roveyayinevi.com.tr\/index.php\/urun\/biz-hic-degismedik-gonul\/","title":{"rendered":"Biz Hi\u00e7 De\u011fi\u015fmedik G\u00f6n\u00fcl"},"content":{"rendered":"<p>\u201cBiz Hi\u00e7 De\u011fi\u015fmedik G\u00f6n\u00fcl\u201d, Nezihe Meri\u00e7\u2019in \u00e7o\u011funlukla Ankara\u2019dan Amerika\u2019ya g\u00f6nderilmi\u015f mektuplar\u0131ndan olu\u015fuyor; yar\u0131ya yak\u0131n\u0131 1953-55 y\u0131llar\u0131nda yaz\u0131lm\u0131\u015f, zamanla seyreliyor, son mektup ise 1991 tarihli.   G\u00f6n\u00fcl Derman H\u00fcrku\u015f \u015earman (1925-2015), T\u00fcrk havac\u0131l\u0131\u011f\u0131n\u0131n \u00f6nc\u00fclerinden, Bir Tayyarecinin An\u0131lar\u0131 (YKY, 2000) kitab\u0131yla bilinen Vecihi H\u00fcrku\u015f\u2019un k\u0131z\u0131. Nezihe Meri\u00e7\u2019le 1940\u2019l\u0131 y\u0131llarda \u0130stanbul T\u00fcrkoloji b\u00f6l\u00fcm\u00fcnde ba\u015flayan yak\u0131n arkada\u015fl\u0131klar\u0131 \u00f6m\u00fcr boyu s\u00fcrm\u00fc\u015f.   \u201cBiz Hi\u00e7 De\u011fi\u015fmedik G\u00f6n\u00fcl\u201d, 1950\u2019lerde T\u00fcrkiye ve Amerika\u2019daki ya\u015fam bi\u00e7imlerini yans\u0131tmas\u0131 bak\u0131m\u0131ndan dikkat \u00e7ekici. Nezihe Meri\u00e7\u2019in aile hayat\u0131, evlili\u011fi, \u00e7ocuklarla ili\u015fkileri, yay\u0131nc\u0131l\u0131k mesle\u011fi, arkada\u015fl\u0131klar\u0131, umutlar\u0131, umutsuzluklar\u0131 var mektuplarda. \u0130\u015flerin, insanlar\u0131n, g\u00fcnl\u00fck hayat\u0131n s\u0131k\u0131nt\u0131lar\u0131n\u0131n, hastal\u0131klar\u0131n, siyasi ortam\u0131n, ekonomik sorunlar\u0131n, toplumsal olaylar\u0131n bask\u0131s\u0131 alt\u0131nda direnen, yaz\u0131ya umutla sar\u0131lan bireyin duygusal \u00e7\u0131rp\u0131n\u0131\u015flar\u0131, ac\u0131larla ba\u015f etme bi\u00e7imleri var.   \u201cBiz Hi\u00e7 De\u011fi\u015fmedik G\u00f6n\u00fcl\u201d, \u00f6m\u00fcr boyu s\u00fcren bir b\u00fcy\u00fck dostlu\u011fun s\u0131cakl\u0131\u011f\u0131n\u0131 duyurmas\u0131 yan\u0131nda 20. y\u00fczy\u0131l T\u00fcrkiyesi\u2019nde bir kad\u0131n\u0131n yaz\u0131nsal ser\u00fcvenini, Nezihe Meri\u00e7\u2019in hayat m\u00fccadelesini anlatan bir kitap. <\/p>\n","protected":false},"excerpt":{"rendered":"<p>\u201cBiz Hi\u00e7 De\u011fi\u015fmedik G\u00f6n\u00fcl\u201d, Nezihe Meri\u00e7\u2019in \u00e7o\u011funlukla Ankara\u2019dan Amerika\u2019ya g\u00f6nderilmi\u015f mektuplar\u0131ndan olu\u015fuyor; yar\u0131ya yak\u0131n\u0131 1953-55 y\u0131llar\u0131nda yaz\u0131lm\u0131\u015f, zamanla seyreliyor, son mektup ise 1991 tarihli. G\u00f6n\u00fcl Derman<span class=\"excerpt-hellip\"> [\u2026]<\/span><\/p>\n","protected":false},"featured_media":0,"template":"","meta":{"_monsterinsights_skip_tracking":false,"_monsterinsights_sitenote_active":false,"_monsterinsights_sitenote_note":"","_monsterinsights_sitenote_category":0},"product_brand":[],"product_cat":[13701,12291],"product_tag":[],"class_list":{"0":"post-747931","1":"product","2":"type-product","3":"status-publish","5":"product_cat-ani-mektup-gunluk","6":"product_cat-edebiyat","7":"pa_cilt-ciltsiz","8":"pa_tur-kitap","9":"pa_yayinevi-yapi-kredi-yayinlari","10":"pa_yazar-nezihe-meric","12":"first","13":"instock","14":"sale","15":"shipping-taxable","16":"purchasable","17":"product-type-simple"},"_links":{"self":[{"href":"https:\/\/roveyayinevi.com.tr\/index.php\/wp-json\/wp\/v2\/product\/747931","targetHints":{"allow":["GET"]}}],"collection":[{"href":"https:\/\/roveyayinevi.com.tr\/index.php\/wp-json\/wp\/v2\/product"}],"about":[{"href":"https:\/\/roveyayinevi.com.tr\/index.php\/wp-json\/wp\/v2\/types\/product"}],"wp:attachment":[{"href":"https:\/\/roveyayinevi.com.tr\/index.php\/wp-json\/wp\/v2\/media?parent=747931"}],"wp:term":[{"taxonomy":"product_brand","embeddable":true,"href":"https:\/\/roveyayinevi.com.tr\/index.php\/wp-json\/wp\/v2\/product_brand?post=747931"},{"taxonomy":"product_cat","embeddable":true,"href":"https:\/\/roveyayinevi.com.tr\/index.php\/wp-json\/wp\/v2\/product_cat?post=747931"},{"taxonomy":"product_tag","embeddable":true,"href":"https:\/\/roveyayinevi.com.tr\/index.php\/wp-json\/wp\/v2\/product_tag?post=747931"}],"curies":[{"name":"wp","href":"https:\/\/api.w.org\/{rel}","templated":true}]}}