{"id":747930,"date":"2025-08-28T03:18:16","date_gmt":"2025-08-28T00:18:16","guid":{"rendered":"https:\/\/roveyayinevi.com.tr\/index.php\/urun\/tarihce-i-hayati-canta-boy-ciltli\/"},"modified":"2026-04-16T03:00:39","modified_gmt":"2026-04-16T00:00:39","slug":"tarihce-i-hayati-canta-boy-ciltli","status":"publish","type":"product","link":"https:\/\/roveyayinevi.com.tr\/index.php\/urun\/tarihce-i-hayati-canta-boy-ciltli\/","title":{"rendered":"Tarih\u00e7e-i Hayat\u0131 (\u00c7anta Boy) (Ciltli)"},"content":{"rendered":"<p>Takdim\u00d6ns\u00f6zGiri\u015fBedi\u00fczzaman&#8217;\u0131n \u0130lk Hayat\u0131;\u0130lk hayat\u0131na k\u0131sa bir bak\u0131\u015f&#8230; \u015earktaki a\u015f\u00e2irle muhavereG\u00f6n\u00fcll\u00fc alay kumandanl\u0131\u011f\u0131\u0130fade-i MeramBarla Hayat\u0131;Risale-i Nur&#8217;un zuhuruRisale-i Nur&#8217;un telifi-ne\u015friEski\u015fehir Hayat\u0131;Eski\u015fehir M\u00fcdafaas\u0131Bir su\u00e7 olarak sorulan meseleSon m\u00fcdafaata sonradan ilhak edilmi\u015f bir mukaddemeKastamonu Hayat\u0131Denizli Hayat\u0131 ;Denizli mahkeme m\u00fcdafaas\u0131Emirda\u011f Hayat\u0131;Emirda\u011f\u0131&#8217;na s\u00fcr\u00fclmesiEmirda\u011f\u0131&#8217;nda zehirlenmesiGelenlerle ne konu\u015furdu?Afyon Hayat\u0131;Afyon MahkemesiIsparta Hayat\u0131;Tahliller (E\u015fref Edip)Said Nur ve TalebeleriBedi\u00fczzaman&#8217;\u0131 zehirledilerBedi\u00fczzaman Said NurBedi\u00fczzaman kimdir?Demokratlar&#8217;a tavsiyeEmirda\u011f\u0131&#8217;na d\u00f6n\u00fc\u015f\u00fc\u0130stanbul Mahkemesi\u00dcstad\u0131n M\u00fcdafaas\u0131Bedi\u00fczzaman ve Risale-i Nur (Risale-i Nur Nedir, Nas\u0131l Bir Tefsirdir)Konu\u015fan Yaln\u0131z HakikattirNur talebelerine \u00dcstad Bedi\u00fczzaman&#8217;\u0131n son dersiReis-i Cumhura ve Ba\u015fvekileRisale-i Nur (d\u0131\u015f \u00fclkeler)<\/p>\n","protected":false},"excerpt":{"rendered":"<p>Takdim\u00d6ns\u00f6zGiri\u015fBedi\u00fczzaman&#8217;\u0131n \u0130lk Hayat\u0131;\u0130lk hayat\u0131na k\u0131sa bir bak\u0131\u015f&#8230; \u015earktaki a\u015f\u00e2irle muhavereG\u00f6n\u00fcll\u00fc alay kumandanl\u0131\u011f\u0131\u0130fade-i MeramBarla Hayat\u0131;Risale-i Nur&#8217;un zuhuruRisale-i Nur&#8217;un telifi-ne\u015friEski\u015fehir Hayat\u0131;Eski\u015fehir M\u00fcdafaas\u0131Bir su\u00e7 olarak sorulan meseleSon m\u00fcdafaata sonradan<span class=\"excerpt-hellip\"> [\u2026]<\/span><\/p>\n","protected":false},"featured_media":0,"template":"","meta":{"_monsterinsights_skip_tracking":false,"_monsterinsights_sitenote_active":false,"_monsterinsights_sitenote_note":"","_monsterinsights_sitenote_category":0},"product_brand":[],"product_cat":[12718,12719,12720],"product_tag":[],"class_list":{"0":"post-747930","1":"product","2":"type-product","3":"status-publish","5":"product_cat-din","6":"product_cat-islam","7":"product_cat-tasavvuf-mezhepler-tarikatlar","8":"pa_cilt-ciltli","9":"pa_tur-kitap","10":"pa_yayinevi-soz-basim-yayin","11":"pa_yazar-bediuzzaman-said-i-nursi","13":"first","14":"instock","15":"sale","16":"shipping-taxable","17":"purchasable","18":"product-type-simple"},"_links":{"self":[{"href":"https:\/\/roveyayinevi.com.tr\/index.php\/wp-json\/wp\/v2\/product\/747930","targetHints":{"allow":["GET"]}}],"collection":[{"href":"https:\/\/roveyayinevi.com.tr\/index.php\/wp-json\/wp\/v2\/product"}],"about":[{"href":"https:\/\/roveyayinevi.com.tr\/index.php\/wp-json\/wp\/v2\/types\/product"}],"wp:attachment":[{"href":"https:\/\/roveyayinevi.com.tr\/index.php\/wp-json\/wp\/v2\/media?parent=747930"}],"wp:term":[{"taxonomy":"product_brand","embeddable":true,"href":"https:\/\/roveyayinevi.com.tr\/index.php\/wp-json\/wp\/v2\/product_brand?post=747930"},{"taxonomy":"product_cat","embeddable":true,"href":"https:\/\/roveyayinevi.com.tr\/index.php\/wp-json\/wp\/v2\/product_cat?post=747930"},{"taxonomy":"product_tag","embeddable":true,"href":"https:\/\/roveyayinevi.com.tr\/index.php\/wp-json\/wp\/v2\/product_tag?post=747930"}],"curies":[{"name":"wp","href":"https:\/\/api.w.org\/{rel}","templated":true}]}}